{"id":855,"date":"2023-01-24T14:57:36","date_gmt":"2023-01-24T13:57:36","guid":{"rendered":"https:\/\/dev.everpress.everapps.dev\/agb\/"},"modified":"2026-04-13T09:48:55","modified_gmt":"2026-04-13T07:48:55","slug":"agb","status":"publish","type":"page","link":"https:\/\/www.kaspar-spirituosen.de\/shop\/agb\/","title":{"rendered":"AGB"},"content":{"rendered":"\n\t<div class=\"ep-content-dynamic  bg-light space \"><div class=\"row   default-start default-top\"><h1 class=\"col align-left\">Allgemeine Gesch\u00e4ftsbedingungen  <span class=\"subline\">Rolf Kaspar GmbH<\/span><\/h1><div class=\"col \"><h2 class=\"h3\"><strong>1. Geltungsbereich<\/strong><\/h2>\n<p>F\u00fcr alle Bestellungen \u00fcber unseren Online-Shop durch Verbraucher und Unternehmer gelten die nachfolgenden AGB.<\/p>\n<p>Verbraucher ist jede nat\u00fcrliche Person, die ein Rechtsgesch\u00e4ft zu Zwecken abschlie\u00dft, die \u00fcberwiegend weder ihrer gewerblichen noch ihrer selbst\u00e4ndigen beruflichen T\u00e4tigkeit zugerechnet werden k\u00f6nnen. Unternehmer ist eine nat\u00fcrliche oder juristische Person oder eine rechtsf\u00e4hige Personengesellschaft, die bei Abschluss eines Rechtsgesch\u00e4fts in Aus\u00fcbung ihrer gewerblichen oder selbst\u00e4ndigen beruflichen T\u00e4tigkeit handelt.<\/p>\n<p>Gegen\u00fcber Unternehmern gelten diese AGB auch f\u00fcr k\u00fcnftige Gesch\u00e4ftsbeziehungen, ohne dass wir nochmals auf sie hinweisen m\u00fcssten. Verwendet der Unternehmer entgegenstehende oder erg\u00e4nzende Allgemeine Gesch\u00e4ftsbedingungen, wird deren Geltung hiermit widersprochen; sie werden nur dann Vertragsbestandteil, wenn wir dem ausdr\u00fccklich zugestimmt haben.<\/p>\n<h3><strong>2. Pflichtangaben f\u00fcr den Bestellvorgang<\/strong><\/h3>\n<p>Sie m\u00fcssen bei der Bestellung Ihren vollst\u00e4ndigen Namen, eine zustellungsf\u00e4hige Anschrift und eine g\u00fcltige E-Mail-Adresse angeben.<\/p>\n<p>Im Anschluss haben Sie die M\u00f6glichkeit ein Kundenkonto zu er\u00f6ffnen. Daf\u00fcr m\u00fcssen Sie eine g\u00fcltige E-Mail-Adresse angeben und ein Kennwort erstellen.<\/p>\n<p>Verf\u00fcgen Sie \u00fcber ein Kundenkonto, m\u00fcssen Sie bei einer erneuten Bestellung lediglich Ihre Login-Daten angeben.<\/p>\n<p>Besteller und Teilnehmer einer Veranstaltung m\u00fcssen das 18. Lebensjahr vollendet haben.<\/p>\n<h3><strong>3. Vertragspartner, Vertragsschluss<\/strong><\/h3>\n<p>Der Kaufvertrag kommt zustande mit Rolf Kaspar GmbH.<\/p>\n<p>Die Darstellung der Produkte im Online-Shop stellt kein rechtlich bindendes Angebot, sondern einen unverbindlichen Online-Katalog dar. Sie k\u00f6nnen unsere Produkte zun\u00e4chst unverbindlich in den Warenkorb legen und Ihre Eingaben vor Absenden Ihrer verbindlichen Bestellung jederzeit korrigieren, indem Sie die hierf\u00fcr im Bestellablauf vorgesehenen und erl\u00e4uterten Korrekturhilfen nutzen. Durch Anklicken des Bestellbuttons geben Sie eine verbindliche Bestellung der im Warenkorb enthaltenen Waren ab. Die Best\u00e4tigung des Zugangs Ihrer Bestellung erfolgt per E-Mail unmittelbar nach dem Absenden der Bestellung.<\/p>\n<p>Wann der Vertrag mit uns zustande kommt, richtet sich nach der von Ihnen gew\u00e4hlten Zahlungsart:<\/p>\n<p><strong>Kreditkarte<\/strong><br \/>\nMit Abgabe der Bestellung \u00fcbermitteln Sie uns gleichzeitig Ihre Kreditkartendaten. Nach Ihrer Legitimation als rechtm\u00e4\u00dfiger Karteninhaber fordern wir Ihr Kreditkartenunternehmen zur Einleitung der Zahlungstransaktion auf und nehmen dadurch Ihr Angebot an.<\/p>\n<p><strong>PayPal<\/strong><br \/>\nIm Bestellprozess werden Sie auf die Webseite des Online-Anbieters PayPal weitergeleitet. Dort k\u00f6nnen Sie Ihre Zahlungsdaten angeben und die Zahlungsanweisung an PayPal best\u00e4tigen. Nach Abgabe der Bestellung im Shop fordern wir PayPal zur Einleitung der Zahlungstransaktion auf und nehmen dadurch Ihr Angebot an.<\/p>\n<p><strong>PayPal Checkout<\/strong><br \/>\nIm Rahmen des Zahlungsdienstes PayPal Checkout bieten wir Ihnen verschiede Zahlungsmethoden als PayPal Services an. Nach Abgabe der Bestellung werden Sie auf die Webseite des Online-Anbieters PayPal weitergeleitet. Dort k\u00f6nnen Sie Ihre Zahlungsdaten angeben und die Zahlungsanweisung an PayPal best\u00e4tigen. Dadurch kommt der Vertrag mit uns zustande.<\/p>\n<h3><strong>4. Vertragssprache, Vertragstextspeicherung<\/strong><\/h3>\n<p>Die f\u00fcr den Vertragsschluss zur Verf\u00fcgung stehende Sprache ist Deutsch.<\/p>\n<p>Wir speichern den Vertragstext und senden Ihnen die Bestelldaten und unsere AGB per E-Mail zu. Der Vertragstext ist aus Sicherheitsgr\u00fcnden nicht mehr \u00fcber das Internet zug\u00e4nglich.<\/p>\n<h3><strong>5. Lieferbedingungen<\/strong><\/h3>\n<p>Zuz\u00fcglich zu den angegebenen Produktpreisen kommen noch Versandkosten hinzu. N\u00e4heres zur H\u00f6he der Versandkosten erfahren Sie bei den Angeboten.<\/p>\n<p>Sie haben grunds\u00e4tzlich die M\u00f6glichkeit der Abholung bei Rolf Kaspar GmbH, Ruhrallee 59, 45138 Essen, Deutschland (DEU) zu den nachfolgend angegebenen Gesch\u00e4ftszeiten: Dienstag bis Freitag 9:30 -14:00 Uhr und 15:00 &#8211; 18:30\u00a0Uhr,\u00a0Samstag 9:30 \u2013 14:00 Uhr.<\/p>\n<p>Wir liefern nicht an Packstationen.<\/p>\n<h3><strong>6. Bezahlung<\/strong><\/h3>\n<p>In unserem Shop stehen Ihnen die folgenden Zahlungsarten zur Verf\u00fcgung.<\/p>\n<p><strong>Kreditkarte<\/strong><br \/>\nMit Abgabe der Bestellung \u00fcbermitteln Sie uns gleichzeitig Ihre Kreditkartendaten.<br \/>\nNach Ihrer Legitimation als rechtm\u00e4\u00dfiger Karteninhaber fordern wir unmittelbar nach der Bestellung Ihr Kreditkartenunternehmen zur Einleitung der Zahlungstransaktion auf. Die Zahlungstransaktion wird durch das Kreditkartenunternehmen automatisch durchgef\u00fchrt und Ihre Karte belastet.<\/p>\n<p><strong>PayPal<\/strong><br \/>\nIm Bestellprozess werden Sie auf die Webseite des Online-Anbieters PayPal weitergeleitet. Um den Rechnungsbetrag \u00fcber PayPal bezahlen zu k\u00f6nnen, m\u00fcssen Sie dort registriert sein bzw. sich erst registrieren, mit Ihren Zugangsdaten legitimieren und die Zahlungsanweisung an uns best\u00e4tigen. Nach Abgabe der Bestellung im Shop fordern wir PayPal zur Einleitung der Zahlungstransaktion auf.<br \/>\nDie Zahlungstransaktion wird durch PayPal unmittelbar danach automatisch durchgef\u00fchrt. Weitere Hinweise erhalten Sie beim Bestellvorgang.<\/p>\n<p><strong>PayPal Ckeckout<\/strong><br \/>\nIm Rahmen des Zahlungsdienstes PayPal Checkout bieten wir Ihnen verschiedene Zahlungsmethoden als PayPal Services an. Sie werden auf die Webseite des Online-Anbieters PayPal weitergeleitet. Dort k\u00f6nnen Sie Ihre Zahlungsdaten angeben, die Verwendung Ihrer Daten durch PayPal und die Zahlungsanweisung an PayPal best\u00e4tigen.<\/p>\n<p>Wenn Sie die Zahlungsart Kreditkarte gew\u00e4hlt haben, m\u00fcssen Sie, um den Rechnungsbetrag bezahlen zu k\u00f6nnen, bei PayPal nicht registriert sein. Die Zahlungstransaktion wird unmittelbar nach Best\u00e4tigung der Zahlungsanweisung und nach Ihrer Legitimation als rechtm\u00e4\u00dfiger Karteninhaber von Ihrem Kreditkartenunternehmen auf Aufforderung von PayPal durchgef\u00fchrt und Ihre Karte belastet. Weitere Hinweise erhalten Sie beim Bestellvorgang.<\/p>\n<p>Wenn Sie die Zahlungsart Lastschrift gew\u00e4hlt haben, m\u00fcssen Sie, um den Rechnungsbetrag bezahlen zu k\u00f6nnen, bei PayPal nicht registriert sein. Mit Best\u00e4tigung der Zahlungsanweisung erteilen Sie PayPal ein Lastschriftmandat. \u00dcber das Datum der Kontobelastung werden Sie von PayPal informiert (sog. Prenotification). Unter Einreichung des Lastschriftmandats unmittelbar nach Best\u00e4tigung der Zahlungsanweisung fordert PayPal seine Bank zur Einleitung der Zahlungstransaktion auf. Die Zahlungstransaktion wird durchgef\u00fchrt und Ihr Konto belastet. Weitere Hinweise erhalten Sie beim Bestellvorgang.<\/p>\n<p><strong>WooPayments<\/strong><br \/>\nKreditkartenzahlung + Klarna<\/p>\n<h3><strong>7. Eigentumsvorbehalt<\/strong><\/h3>\n<p>Die Ware bleibt bis zur vollst\u00e4ndigen Bezahlung unser Eigentum.<br \/>\nF\u00fcr Unternehmer gilt erg\u00e4nzend: Wir behalten uns das Eigentum an der Ware bis zur vollst\u00e4ndigen Begleichung aller Forderungen aus einer laufenden Gesch\u00e4ftsbeziehung vor. Sie d\u00fcrfen die Vorbehaltsware im ordentlichen Gesch\u00e4ftsbetrieb weiterver\u00e4u\u00dfern; s\u00e4mtliche aus diesem Weiterverkauf entstehenden Forderungen treten Sie \u2013 unabh\u00e4ngig von einer Verbindung oder Vermischung der Vorbehaltsware mit einer neuen Sache &#8211; in H\u00f6he des Rechnungsbetrages an uns im Voraus ab, und wir nehmen diese Abtretung an. Sie bleiben zur Einziehung der Forderungen erm\u00e4chtigt, wir d\u00fcrfen Forderungen jedoch auch selbst einziehen, soweit Sie Ihren Zahlungsverpflichtungen nicht nachkommen.<\/p>\n<h3><strong>8. Transportsch\u00e4den<\/strong><\/h3>\n<p>F\u00fcr Verbraucher gilt:<br \/>\nWerden Waren mit offensichtlichen Transportsch\u00e4den angeliefert, so reklamieren Sie solche Fehler bitte m\u00f6glichst sofort beim Zusteller und nehmen Sie bitte unverz\u00fcglich Kontakt zu uns auf. Die Vers\u00e4umung einer Reklamation oder Kontaktaufnahme hat f\u00fcr Ihre gesetzlichen Anspr\u00fcche und deren Durchsetzung, insbesondere Ihre Gew\u00e4hrleistungsrechte, keinerlei Konsequenzen. Sie helfen uns aber, unsere eigenen Anspr\u00fcche gegen\u00fcber dem Frachtf\u00fchrer bzw. der Transportversicherung geltend machen zu k\u00f6nnen.<\/p>\n<p>F\u00fcr Unternehmer gilt:<br \/>\nDie Gefahr des zuf\u00e4lligen Untergangs und der zuf\u00e4lligen Verschlechterung geht auf Sie \u00fcber, sobald wir die Sache dem Spediteur, dem Frachtf\u00fchrer oder der sonst zur Ausf\u00fchrung der Versendung bestimmten Person oder Anstalt ausgeliefert haben. Unter Kaufleuten gilt die in \u00a7 377 HGB geregelte Untersuchungs- und R\u00fcgepflicht. Unterlassen Sie die dort geregelte Anzeige, so gilt die Ware als genehmigt, es sei denn, dass es sich um einen Mangel handelt, der bei der Untersuchung nicht erkennbar war. Dies gilt nicht, falls wir einen Mangel arglistig verschwiegen haben.<\/p>\n<h3><strong>9. Gew\u00e4hrleistung und Garantien<\/strong><\/h3>\n<p>Soweit nicht nachstehend ausdr\u00fccklich anders vereinbart, gilt das gesetzliche M\u00e4ngelhaftungsrecht. F\u00fcr Verbraucher betr\u00e4gt die Verj\u00e4hrungsfrist f\u00fcr M\u00e4ngelanspr\u00fcche bei gebrauchten Sachen ein Jahr ab Ablieferung der Ware.<br \/>\nF\u00fcr Unternehmer betr\u00e4gt die Verj\u00e4hrungsfrist f\u00fcr M\u00e4ngelanspr\u00fcche ein Jahr ab Gefahr\u00fcbergang; die gesetzlichen Verj\u00e4hrungsfristen f\u00fcr den R\u00fcckgriffsanspruch nach \u00a7 478 BGB bleiben unber\u00fchrt.<br \/>\nGegen\u00fcber Unternehmern gelten als Vereinbarung \u00fcber die Beschaffenheit der Ware nur unsere eigenen Angaben und die Produktbeschreibungen des Herstellers, die in den Vertrag einbezogen wurden; f\u00fcr \u00f6ffentliche \u00c4u\u00dferungen des Herstellers oder sonstige Werbeaussagen \u00fcbernehmen wir keine Haftung.<br \/>\nIst die gelieferte Sache mangelhaft, leisten wir gegen\u00fcber Unternehmern zun\u00e4chst nach unserer Wahl Gew\u00e4hr durch Beseitigung des Mangels (Nachbesserung) oder durch Lieferung einer mangelfreien Sache (Ersatzlieferung).<br \/>\nDie vorstehenden Einschr\u00e4nkungen und Fristverk\u00fcrzungen gelten nicht f\u00fcr Anspr\u00fcche aufgrund von Sch\u00e4den, die durch uns, unsere gesetzlichen Vertreter oder Erf\u00fcllungsgehilfen verursacht wurden<\/p>\n<ul>\n<li>bei Verletzung des Lebens, des K\u00f6rpers oder der Gesundheit<\/li>\n<li>bei vors\u00e4tzlicher oder grob fahrl\u00e4ssiger Pflichtverletzung sowie Arglist<\/li>\n<li>bei Verletzung wesentlicher Vertragspflichten, deren Erf\u00fcllung die ordnungsgem\u00e4\u00dfe Durchf\u00fchrung des Vertrages \u00fcberhaupt erst erm\u00f6glicht und auf deren Einhaltung der Vertragspartner regelm\u00e4\u00dfig vertrauen darf (Kardinalpflichten)<\/li>\n<li>im Rahmen eines Garantieversprechens, soweit vereinbart<\/li>\n<li>soweit der Anwendungsbereich des Produkthaftungsgesetzes er\u00f6ffnet ist.<\/li>\n<\/ul>\n<p>Informationen zu gegebenenfalls geltenden zus\u00e4tzlichen Garantien und deren genaue Bedingungen finden Sie jeweils beim Produkt und auf besonderen Informationsseiten im Onlineshop.<\/p>\n<h3><strong>10. \u00c4nderung\/ Verz\u00f6gerung\/ Absage einer Veranstaltung<\/strong><\/h3>\n<p>Der Veranstalter beh\u00e4lt sich vor Veranstaltungs\u00e4nderungen aus wichtigem Grund vorzunehmen, soweit diese zumutbar sind. Veranstaltungs\u00e4nderungen sind insbesondere f\u00fcr den Fall vorbehalten, dass ein Veranstaltungspunkt nicht durchgef\u00fchrt werden kann und daher eine \u00c4nderung zwingend erforderlich wird. Ein wichtiger \u00c4nderungsgrund ist insbesondere ein Ausfall des Referenten aufgrund von Krankheit oder anderen Gr\u00fcnden.<\/p>\n<p>Veranstaltungs\u00e4nderungen berechtigen nicht zur R\u00fcckerstattung des Ticketpreises.<\/p>\n<p>Wird ein Shuttleservice zum Veranstaltungsort angeboten, kann es aufgrund der Verkehrslage zu einem verz\u00f6gerten Beginn der Veranstaltung kommen. Verz\u00f6gerungen des Veranstaltungsbeginns berechtigen nicht zur R\u00fcckerstattung des Ticketpreises.<\/p>\n<p>Bei Absage einer Veranstaltung aus wichtigem Grund noch vor Veranstaltungsbeginn wird der Ticketpreis zur\u00fcckerstattet. Der Anspruch auf R\u00fcckerstattung muss gegen\u00fcber der Rolf Kaspar GmbH innerhalb einer Frist von 14 Tagen geltend gemacht werden, die mit dem Tag der abgesagten Veranstaltung beginnt. Bei nicht fristgerechter Geltendmachung verf\u00e4llt der Anspruch auf Erstattung. Weitere Anspr\u00fcche gegen\u00fcber dem Veranstalter sind ausgeschlossen.<\/p>\n<h3><strong>11. Abbrechen einer Veranstaltung<\/strong><\/h3>\n<p>Wird die Veranstaltung abgebrochen, erfolgt grunds\u00e4tzlich keine Erstattung des Kaufpreises, es sei denn, die Rolf Kaspar GmbH, Mitarbeiter oder Erf\u00fcllungsgehilfen, haben den Wegfall der Leistung zu vertreten.<\/p>\n<h3><strong>12. Ticketverlust<\/strong><\/h3>\n<p>F\u00fcr den Verlust von Eintrittskarten wird von der Rolf Kaspar GmbH kein Ersatz geleistet.<\/p>\n<h3><strong>13. Weiterverkauf von Eintrittskarten<\/strong><\/h3>\n<p>Der gewerbsm\u00e4\u00dfige Weiterverkauf von Eintrittskarten ist unzul\u00e4ssig.<\/p>\n<h3><strong>14. Haftung<\/strong><\/h3>\n<p>F\u00fcr Anspr\u00fcche aufgrund von Sch\u00e4den, die durch uns, unsere gesetzlichen Vertreter oder Erf\u00fcllungsgehilfen verursacht wurden, haften wir stets unbeschr\u00e4nkt<\/p>\n<ul>\n<li>bei Verletzung des Lebens, des K\u00f6rpers oder der Gesundheit,<\/li>\n<li>bei vors\u00e4tzlicher oder grob fahrl\u00e4ssiger Pflichtverletzung,<\/li>\n<li>bei Garantieversprechen, soweit vereinbart, oder<\/li>\n<li>soweit der Anwendungsbereich des Produkthaftungsgesetzes er\u00f6ffnet ist.<\/li>\n<\/ul>\n<p>Bei Verletzung wesentlicher Vertragspflichten, deren Erf\u00fcllung die ordnungsgem\u00e4\u00dfe Durchf\u00fchrung des Vertrages \u00fcberhaupt erst erm\u00f6glicht und auf deren Einhaltung der Vertragspartner regelm\u00e4\u00dfig vertrauen darf, (Kardinalpflichten) durch leichte Fahrl\u00e4ssigkeit von uns, unseren gesetzlichen Vertretern oder Erf\u00fcllungsgehilfen ist die Haftung der H\u00f6he nach auf den bei Vertragsschluss vorhersehbaren Schaden begrenzt, mit dessen Entstehung typischerweise gerechnet werden muss. Im \u00dcbrigen sind Anspr\u00fcche auf Schadensersatz ausgeschlossen.<\/p>\n<h3><strong>15. Hausrecht<\/strong><\/h3>\n<p>Mit dem Erwerb von Eintrittskarten f\u00fcr eine Veranstaltung erkennt der Besteller bzw. der rechtm\u00e4\u00dfige Inhaber der Eintrittskarte das Hausrecht und die Hausordnung der Rolf Kaspar GmbH sowie die Hausordnung als verbindlich an. Den im Interesse der Sicherheit, Ordnung und Sauberkeit getroffenen Ma\u00dfnahmen und Anordnungen des Personals ist Folge zu leisten. Das von der Rolf Kaspar GmbH hierzu bevollm\u00e4chtigte Personal \u00fcbt das Hausrecht innerhalb des Veranstaltungsortes aus.<\/p>\n<p>Dem Personal des Hauses ist auf Verlangen stets die g\u00fcltige Eintrittskarte vorzuzeigen. Die Eintrittskarte verliert mit Ende der Veranstaltung ihre G\u00fcltigkeit.<\/p>\n<p>Der Verzehr von mitgebrachten Speisen und Getr\u00e4nken ist nicht gestattet.<\/p>\n<p>Bei Zuwiderhandlung gegen die Hausordnung oder die Gesch\u00e4ftsbedingungen beh\u00e4lt sich die Rolf Kaspar GmbH vor, Ticketinhaber vom Veranstaltungsort zu verweisen.<\/p>\n<p>Foto-, Film- und Tonaufnahmen in den Gesch\u00e4ftsr\u00e4umen der Rolf Kaspar GmbH sind nur zur privaten Zwecken erlaubt.<\/p>\n<h3><strong>16. Bild- und Tonaufnahmen<\/strong><\/h3>\n<p>Der Besteller bzw. Eintrittskarteninhaber willigt mit dem Kauf der Eintrittskarte ein, dass die Rolf Kaspar GmbH Bild- und Tonaufnahmen des Teilnehmers, die diesen als Teilnehmer der jeweiligen Veranstaltung zeigt, erstellt. Die Einwilligung umfasst die Ver\u00f6ffentlichung auf der Homepage\u00a0<a href=\"https:\/\/web.archive.org\/web\/20250430063133\/http:\/\/www.kaspar-spirituosen.de\/\">www.kaspar-spirituosen.de<\/a>\u00a0und Social Media Kan\u00e4len zur Bewerbung.<\/p>\n<h3><strong>17. Streitbeilegung<\/strong><\/h3>\n<p>Wir sind nicht bereit oder verpflichtet, an Streitbeilegungsverfahren vor einer Verbraucherschlichtungsstelle teilzunehmen.<\/p>\n<h3><strong>18. Jugendschutz<\/strong><\/h3>\n<p>Sofern Ihre Bestellung Waren umfasst, deren Verkauf Altersbeschr\u00e4nkungen unterliegt, stellen wir durch den Einsatz eines zuverl\u00e4ssigen Verfahrens unter Einbeziehung einer pers\u00f6nlichen Identit\u00e4ts- und Alterspr\u00fcfung sicher, dass der Besteller das erforderliche Mindestalter erreicht hat. Der Zusteller \u00fcbergibt die Ware erst nach erfolgter Alterspr\u00fcfung und nur an den Besteller pers\u00f6nlich.<\/p>\n<p>Teilnehmer einer Veranstaltung m\u00fcssen sich nach Aufforderung der Rolf Kaspar GmbH, seiner gesetzlichen Vertreter oder Erf\u00fcllungsgehilfen, vor Beginn der Veranstaltung mit einem Lichtbildausweis ausweisen.<\/p>\n<h3><strong>19. Schlussbestimmungen<\/strong><\/h3>\n<p>Sind Sie Unternehmer, dann gilt deutsches Recht unter Ausschluss des UN-Kaufrechts.<\/p>\n<p>Sind Sie Kaufmann im Sinne des Handelsgesetzbuches, juristische Person des \u00f6ffentlichen Rechts oder \u00f6ffentlich-rechtliches Sonderverm\u00f6gen, ist ausschlie\u00dflicher Gerichtsstand f\u00fcr alle Streitigkeiten aus Vertragsverh\u00e4ltnissen zwischen uns und Ihnen unser Gesch\u00e4ftssitz.<\/p>\n<\/div><\/div><\/div>\n\t","protected":false},"excerpt":{"rendered":"","protected":false},"author":1,"featured_media":0,"parent":0,"menu_order":0,"comment_status":"closed","ping_status":"closed","template":"","meta":{"_acf_changed":false,"footnotes":""},"class_list":["post-855","page","type-page","status-publish","hentry"],"acf":[],"_links":{"self":[{"href":"https:\/\/www.kaspar-spirituosen.de\/shop\/wp-json\/wp\/v2\/pages\/855","targetHints":{"allow":["GET"]}}],"collection":[{"href":"https:\/\/www.kaspar-spirituosen.de\/shop\/wp-json\/wp\/v2\/pages"}],"about":[{"href":"https:\/\/www.kaspar-spirituosen.de\/shop\/wp-json\/wp\/v2\/types\/page"}],"author":[{"embeddable":true,"href":"https:\/\/www.kaspar-spirituosen.de\/shop\/wp-json\/wp\/v2\/users\/1"}],"replies":[{"embeddable":true,"href":"https:\/\/www.kaspar-spirituosen.de\/shop\/wp-json\/wp\/v2\/comments?post=855"}],"version-history":[{"count":4,"href":"https:\/\/www.kaspar-spirituosen.de\/shop\/wp-json\/wp\/v2\/pages\/855\/revisions"}],"predecessor-version":[{"id":32848,"href":"https:\/\/www.kaspar-spirituosen.de\/shop\/wp-json\/wp\/v2\/pages\/855\/revisions\/32848"}],"wp:attachment":[{"href":"https:\/\/www.kaspar-spirituosen.de\/shop\/wp-json\/wp\/v2\/media?parent=855"}],"curies":[{"name":"wp","href":"https:\/\/api.w.org\/{rel}","templated":true}]}}