{"id":864,"date":"2023-01-24T15:05:25","date_gmt":"2023-01-24T14:05:25","guid":{"rendered":"https:\/\/dev.everpress.everapps.dev\/?page_id=864"},"modified":"2025-08-12T21:45:56","modified_gmt":"2025-08-12T19:45:56","slug":"startseite","status":"publish","type":"page","link":"https:\/\/www.kaspar-spirituosen.de\/shop\/","title":{"rendered":"Startseite"},"content":{"rendered":"\n\t<div class=\"ep-content-dynamic  bg-light space \"><div class=\"row   default-between default-top\"><div class=\"col small-6 \"><h1>Herzlich willkommen <span class=\"subline\">und sch\u00f6n, dass Sie da sind!<\/span><\/h1>\n<p>Schauen Sie doch auch mal in unsere Angebote! Wir liefern Waren bereits ab <strong>69,00 \u20ac<\/strong> versandkostenfrei, per UPS und nicht an Packstationen. Unter diesem Wert berechnen wir lediglich eine Pauschale von nur <strong>6,00 \u20ac<\/strong> f\u00fcr Verpackung und Porto.<\/p>\n<div class=\"box\">\n<strong>Jugendschutz ist uns wichtig<\/strong>:<br \/>\nWeine und Spirituosen werden nur an Personen, die das Alter von 18 Jahren erreicht haben, ausgeh\u00e4ndigt!<\/div>\n<\/div><div class=\"col small-5 \"><div class=\"imageContainer\"><picture ><source media=\"(max-width: 480px)\" srcset=\"https:\/\/www.kaspar-spirituosen.de\/shop\/wp-content\/uploads\/2025\/05\/bottles-480x329.jpg\"><source media=\"(max-width: 760px)\" srcset=\"https:\/\/www.kaspar-spirituosen.de\/shop\/wp-content\/uploads\/2025\/05\/bottles-760x520.jpg\"><source media=\"(max-width: 1200px)\" srcset=\"https:\/\/www.kaspar-spirituosen.de\/shop\/wp-content\/uploads\/2025\/05\/bottles-1200x822.jpg\"><img decoding=\"async\" class=\"non-fluid\" style=\"aspect-ratio: 1.46 \/ 1\" loading=\"lazy\" alt=\"Mehrere Weinflaschen liegen nebeneinander\" title=\"Mehrere Weinflaschen liegen nebeneinander\" src=\"https:\/\/www.kaspar-spirituosen.de\/shop\/wp-content\/uploads\/2025\/05\/bottles.jpg\"><\/picture><\/div><\/div><\/div><\/div>\n\t\n\n\n<div class=\"ep-products-teaser  bg-medium space\">\n<div class=\"row\">\n\n\t\n\t<div class=\"col ep-title-container\"><h2>Unsere aktuellen Produkte  <span class=\"subline\">&#8211; werden Sie jetzt f\u00fcndig<\/span><\/h2><a title=\"Shop | Rolf Kaspar GmbH\" class=\"btn weight-bold icon icon-after-arrow-right margin-bottom\" target=\"_self\" href=\"https:\/\/www.kaspar-spirituosen.de\/shop\/uebersicht\/\">Unseren Shop ansehen<\/a><\/div>\n\n\t<div class=\"col\">\n\t\t<ul class=\"ep-teaser-tiles products margin-bottom \"><li class=\"product type-product post-32004 status-publish first instock product_cat-adelphi-whisky product_cat-unkategorisiert product_tag-adelphi product_tag-golden-promise product_tag-barley product_tag-heritage product_tag-single-malt product_tag-ardnamurchan product_tag-distillery has-post-thumbnail taxable shipping-taxable purchasable product-type-simple\">\n\t<a title=\"Ardnamurchan AD\/Heritage Barley Release | Rolf Kaspar GmbH\" href=\"https:\/\/www.kaspar-spirituosen.de\/shop\/produkt\/ardnamurchan-heritage-barley-release-07l\/\" class=\"woocommerce-LoopProduct-link woocommerce-loop-product__link\" aria-label=\"Produkt \u00f6ffnen \u2013 Ardnamurchan Heritage Barley Release, 0,7l\" data-tooltip=\"focus\"><\/a><img loading=\"lazy\" decoding=\"async\" width=\"450\" height=\"675\" src=\"https:\/\/www.kaspar-spirituosen.de\/shop\/wp-content\/uploads\/2025\/10\/heritage-barley-release-white-background-450x675.jpg\" class=\"attachment-woocommerce_thumbnail size-woocommerce_thumbnail\" alt=\"Abbildung der Flasche\" srcset=\"https:\/\/www.kaspar-spirituosen.de\/shop\/wp-content\/uploads\/2025\/10\/heritage-barley-release-white-background-450x675.jpg 450w, https:\/\/www.kaspar-spirituosen.de\/shop\/wp-content\/uploads\/2025\/10\/heritage-barley-release-white-background-300x450.jpg 300w, https:\/\/www.kaspar-spirituosen.de\/shop\/wp-content\/uploads\/2025\/10\/heritage-barley-release-white-background-683x1024.jpg 683w, https:\/\/www.kaspar-spirituosen.de\/shop\/wp-content\/uploads\/2025\/10\/heritage-barley-release-white-background-768x1152.jpg 768w, https:\/\/www.kaspar-spirituosen.de\/shop\/wp-content\/uploads\/2025\/10\/heritage-barley-release-white-background-1024x1536.jpg 1024w, https:\/\/www.kaspar-spirituosen.de\/shop\/wp-content\/uploads\/2025\/10\/heritage-barley-release-white-background-1365x2048.jpg 1365w, https:\/\/www.kaspar-spirituosen.de\/shop\/wp-content\/uploads\/2025\/10\/heritage-barley-release-white-background-480x720.jpg 480w, https:\/\/www.kaspar-spirituosen.de\/shop\/wp-content\/uploads\/2025\/10\/heritage-barley-release-white-background-760x1140.jpg 760w, https:\/\/www.kaspar-spirituosen.de\/shop\/wp-content\/uploads\/2025\/10\/heritage-barley-release-white-background-1200x1800.jpg 1200w, https:\/\/www.kaspar-spirituosen.de\/shop\/wp-content\/uploads\/2025\/10\/heritage-barley-release-white-background-600x900.jpg 600w, https:\/\/www.kaspar-spirituosen.de\/shop\/wp-content\/uploads\/2025\/10\/heritage-barley-release-white-background-scaled.jpg 1707w\" sizes=\"auto, (max-width: 450px) 100vw, 450px\" \/><h2 class=\"woocommerce-loop-product__title\">Ardnamurchan Heritage Barley Release, 0,7l<\/h2>\n\t<span class=\"price\"><span class=\"woocommerce-Price-amount amount\"><bdi>64,95&nbsp;<span class=\"woocommerce-Price-currencySymbol\">&euro;<\/span><\/bdi><\/span><\/span>\n\n<div class=\"product-info-container\"><mark class=\"new\">New<\/mark><\/div><div class=\"mark-container\"><mark class=\"mark-link\"><a href=\"https:\/\/www.kaspar-spirituosen.de\/shop\/produkt-kategorie\/adelphi-whisky\/\" title=\"Gehe zu Adelphi Whisky\">Adelphi Whisky<\/a><\/mark><mark class=\"mark-link\"><a href=\"https:\/\/www.kaspar-spirituosen.de\/shop\/produkt-kategorie\/unkategorisiert\/\" title=\"Gehe zu Ohne Kategorie\">Ohne Kategorie<\/a><\/mark><\/div><a class=\"btn\" tabindex=\"0\" title=\"Zur Wunschliste hinzuf\u00fcgen\" data-text-add=\"Zur Wunschliste hinzuf\u00fcgen\" data-text-remove=\"Entfernen\" data-wishlist=\"32004\">Zur Wunschliste hinzuf\u00fcgen<\/a>\n\t<p class=\"price price-unit smaller wc-gzd-additional-info wc-gzd-additional-info-loop\"><span class=\"woocommerce-Price-amount amount\">92,79&nbsp;<span class=\"woocommerce-Price-currencySymbol\">&euro;<\/span><\/span> \/  <span class=\"unit\">l<\/span><\/p>\n\n\n\t<p class=\"wc-gzd-additional-info wc-gzd-additional-info-loop tax-info\">inkl. 19 % MwSt.<\/p>\n\n\t<p class=\"wc-gzd-additional-info wc-gzd-additional-info-loop shipping-costs-info\">zzgl. <a href=\"https:\/\/www.kaspar-spirituosen.de\/shop\/versandarten\/\" target=\"_blank\">Versandkosten<\/a><\/p>\n\n\n\t<p class=\"wc-gzd-additional-info wc-gzd-additional-info-loop product-units-wrapper product-units\">Produkt enth\u00e4lt: 0,7 <span class=\"unit\">l<\/span><\/p>\n<a href=\"\/shop\/wp-json\/wp\/v2\/pages\/864?add-to-cart=32004\" aria-describedby=\"woocommerce_loop_add_to_cart_link_describedby_32004\" data-quantity=\"1\" class=\"button product_type_simple add_to_cart_button ajax_add_to_cart\" data-product_id=\"32004\" data-product_sku=\"\" aria-label=\"In den Warenkorb legen: \u201eArdnamurchan Heritage Barley Release, 0,7l\u201c\" rel=\"nofollow\" data-success_message=\"\u201eArdnamurchan Heritage Barley Release, 0,7l\u201c wurde Ihrem Warenkorb hinzugef\u00fcgt\" data-product-name=\"Ardnamurchan Heritage Barley Release, 0,7l\" title=\"In den Warenkorb legen: \u201eArdnamurchan Heritage Barley Release, 0,7l\u201c\" role=\"button\">In den Warenkorb<\/a>\t<span id=\"woocommerce_loop_add_to_cart_link_describedby_32004\" class=\"screen-reader-text\">\n\t\t\t<\/span>\n<\/li>\n<li class=\"product type-product post-30744 status-publish instock product_cat-adelphi-whisky has-post-thumbnail taxable shipping-taxable purchasable product-type-simple has-product-safety-information\">\n\t<a title=\"Ardnamurchan AD\/Cask Strength, peated, 0,7l- Rolf Kaspar\" href=\"https:\/\/www.kaspar-spirituosen.de\/shop\/produkt\/ardnamurchan-single-malt-ad-cask-strength-release-2025-07l\/\" class=\"woocommerce-LoopProduct-link woocommerce-loop-product__link\" aria-label=\"Produkt \u00f6ffnen \u2013 Ardnamurchan Single Malt AD\/Cask Strength Release 2025, 0,7l\" data-tooltip=\"focus\"><\/a><img loading=\"lazy\" decoding=\"async\" width=\"450\" height=\"750\" src=\"https:\/\/www.kaspar-spirituosen.de\/shop\/wp-content\/uploads\/2025\/08\/2031114_AD_CS_Oct2023-450x750.jpg\" class=\"attachment-woocommerce_thumbnail size-woocommerce_thumbnail\" alt=\"Ardnamurchan Single Malt AD\/Cask Strength Release 2025\" srcset=\"https:\/\/www.kaspar-spirituosen.de\/shop\/wp-content\/uploads\/2025\/08\/2031114_AD_CS_Oct2023-450x750.jpg 450w, https:\/\/www.kaspar-spirituosen.de\/shop\/wp-content\/uploads\/2025\/08\/2031114_AD_CS_Oct2023-270x450.jpg 270w, https:\/\/www.kaspar-spirituosen.de\/shop\/wp-content\/uploads\/2025\/08\/2031114_AD_CS_Oct2023-614x1024.jpg 614w, https:\/\/www.kaspar-spirituosen.de\/shop\/wp-content\/uploads\/2025\/08\/2031114_AD_CS_Oct2023-480x800.jpg 480w, https:\/\/www.kaspar-spirituosen.de\/shop\/wp-content\/uploads\/2025\/08\/2031114_AD_CS_Oct2023-600x1000.jpg 600w, https:\/\/www.kaspar-spirituosen.de\/shop\/wp-content\/uploads\/2025\/08\/2031114_AD_CS_Oct2023.jpg 648w\" sizes=\"auto, (max-width: 450px) 100vw, 450px\" \/><h2 class=\"woocommerce-loop-product__title\">Ardnamurchan Single Malt AD\/Cask Strength Release 2025, 0,7l<\/h2><div class=\"category_product_sku\">Artikelnummer: S0000[79]<\/div>\n\t<span class=\"price\"><span class=\"woocommerce-Price-amount amount\"><bdi>69,95&nbsp;<span class=\"woocommerce-Price-currencySymbol\">&euro;<\/span><\/bdi><\/span><\/span>\n\n<div class=\"product-info-container\"><mark class=\"new\">New<\/mark><\/div><div class=\"mark-container\"><mark class=\"mark-link\"><a href=\"https:\/\/www.kaspar-spirituosen.de\/shop\/produkt-kategorie\/adelphi-whisky\/\" title=\"Gehe zu Adelphi Whisky\">Adelphi Whisky<\/a><\/mark><\/div><a class=\"btn\" tabindex=\"0\" title=\"Zur Wunschliste hinzuf\u00fcgen\" data-text-add=\"Zur Wunschliste hinzuf\u00fcgen\" data-text-remove=\"Entfernen\" data-wishlist=\"30744\">Zur Wunschliste hinzuf\u00fcgen<\/a>\n\t<p class=\"price price-unit smaller wc-gzd-additional-info wc-gzd-additional-info-loop\"><span class=\"woocommerce-Price-amount amount\">99,93&nbsp;<span class=\"woocommerce-Price-currencySymbol\">&euro;<\/span><\/span> \/  <span class=\"unit\">l<\/span><\/p>\n\n\n\t<p class=\"wc-gzd-additional-info wc-gzd-additional-info-loop tax-info\">inkl. 19 % MwSt.<\/p>\n\n\t<p class=\"wc-gzd-additional-info wc-gzd-additional-info-loop shipping-costs-info\">zzgl. <a href=\"https:\/\/www.kaspar-spirituosen.de\/shop\/versandarten\/\" target=\"_blank\">Versandkosten<\/a><\/p>\n\n\n\t<p class=\"wc-gzd-additional-info wc-gzd-additional-info-loop product-units-wrapper product-units\">Produkt enth\u00e4lt: 0,7 <span class=\"unit\">l<\/span><\/p>\n<a href=\"\/shop\/wp-json\/wp\/v2\/pages\/864?add-to-cart=30744\" aria-describedby=\"woocommerce_loop_add_to_cart_link_describedby_30744\" data-quantity=\"1\" class=\"button product_type_simple add_to_cart_button ajax_add_to_cart\" data-product_id=\"30744\" data-product_sku=\"S0000[79]\" aria-label=\"In den Warenkorb legen: \u201eArdnamurchan Single Malt AD\/Cask Strength Release 2025, 0,7l\u201c\" rel=\"nofollow\" data-success_message=\"\u201eArdnamurchan Single Malt AD\/Cask Strength Release 2025, 0,7l\u201c wurde Ihrem Warenkorb hinzugef\u00fcgt\" data-product-name=\"Ardnamurchan Single Malt AD\/Cask Strength Release 2025, 0,7l\" title=\"In den Warenkorb legen: \u201eArdnamurchan Single Malt AD\/Cask Strength Release 2025, 0,7l\u201c\" role=\"button\">In den Warenkorb<\/a>\t<span id=\"woocommerce_loop_add_to_cart_link_describedby_30744\" class=\"screen-reader-text\">\n\t\t\t<\/span>\n<\/li>\n<li class=\"product type-product post-30742 status-publish last instock product_cat-highlands product_cat-single-malt-whisky product_cat-schottischer-whisky product_cat-whisky product_cat-adelphi-whisky has-post-thumbnail taxable shipping-taxable purchasable product-type-simple has-product-safety-information\">\n\t<a title=\"Ardnamurchan AD\/The Midgie Release, 0,7 l - Rolf Kaspar GmbH\" href=\"https:\/\/www.kaspar-spirituosen.de\/shop\/produkt\/ardnamurchan-ad-the-midgie-release-07-l\/\" class=\"woocommerce-LoopProduct-link woocommerce-loop-product__link\" aria-label=\"Produkt \u00f6ffnen \u2013 Ardnamurchan AD\/The Midgie Release, 0,7l\" data-tooltip=\"focus\"><\/a><img loading=\"lazy\" decoding=\"async\" width=\"450\" height=\"630\" src=\"https:\/\/www.kaspar-spirituosen.de\/shop\/wp-content\/uploads\/2025\/08\/AD_The_Midgie_2025xs-450x630.jpg\" class=\"attachment-woocommerce_thumbnail size-woocommerce_thumbnail\" alt=\"Ardnamurchan AD\/The Midgie Release\" srcset=\"https:\/\/www.kaspar-spirituosen.de\/shop\/wp-content\/uploads\/2025\/08\/AD_The_Midgie_2025xs-450x630.jpg 450w, https:\/\/www.kaspar-spirituosen.de\/shop\/wp-content\/uploads\/2025\/08\/AD_The_Midgie_2025xs-322x450.jpg 322w, https:\/\/www.kaspar-spirituosen.de\/shop\/wp-content\/uploads\/2025\/08\/AD_The_Midgie_2025xs-732x1024.jpg 732w, https:\/\/www.kaspar-spirituosen.de\/shop\/wp-content\/uploads\/2025\/08\/AD_The_Midgie_2025xs-768x1075.jpg 768w, https:\/\/www.kaspar-spirituosen.de\/shop\/wp-content\/uploads\/2025\/08\/AD_The_Midgie_2025xs-480x672.jpg 480w, https:\/\/www.kaspar-spirituosen.de\/shop\/wp-content\/uploads\/2025\/08\/AD_The_Midgie_2025xs-760x1064.jpg 760w, https:\/\/www.kaspar-spirituosen.de\/shop\/wp-content\/uploads\/2025\/08\/AD_The_Midgie_2025xs-600x840.jpg 600w, https:\/\/www.kaspar-spirituosen.de\/shop\/wp-content\/uploads\/2025\/08\/AD_The_Midgie_2025xs.jpg 771w\" sizes=\"auto, (max-width: 450px) 100vw, 450px\" \/><h2 class=\"woocommerce-loop-product__title\">Ardnamurchan AD\/The Midgie Release, 0,7l<\/h2><div class=\"category_product_sku\">Artikelnummer: S0000[77]<\/div>\n\t<span class=\"price\"><span class=\"woocommerce-Price-amount amount\"><bdi>54,95&nbsp;<span class=\"woocommerce-Price-currencySymbol\">&euro;<\/span><\/bdi><\/span><\/span>\n\n<div class=\"product-info-container\"><mark class=\"new\">New<\/mark><\/div><div class=\"mark-container\"><mark class=\"mark-link\"><a href=\"https:\/\/www.kaspar-spirituosen.de\/shop\/produkt-kategorie\/whisky\/schottischer-whisky\/single-malt-whisky\/highlands\/\" title=\"Gehe zu Highlands\">Highlands<\/a><\/mark><mark class=\"mark-link\"><a href=\"https:\/\/www.kaspar-spirituosen.de\/shop\/produkt-kategorie\/whisky\/schottischer-whisky\/single-malt-whisky\/\" title=\"Gehe zu Single Malt Whisky\">Single Malt Whisky<\/a><\/mark><mark class=\"mark-link\"><a href=\"https:\/\/www.kaspar-spirituosen.de\/shop\/produkt-kategorie\/whisky\/schottischer-whisky\/\" title=\"Gehe zu Schottischer Whisky\">Schottischer Whisky<\/a><\/mark><\/div><a class=\"btn\" tabindex=\"0\" title=\"Zur Wunschliste hinzuf\u00fcgen\" data-text-add=\"Zur Wunschliste hinzuf\u00fcgen\" data-text-remove=\"Entfernen\" data-wishlist=\"30742\">Zur Wunschliste hinzuf\u00fcgen<\/a>\n\t<p class=\"price price-unit smaller wc-gzd-additional-info wc-gzd-additional-info-loop\"><span class=\"woocommerce-Price-amount amount\">78,50&nbsp;<span class=\"woocommerce-Price-currencySymbol\">&euro;<\/span><\/span> \/  <span class=\"unit\">l<\/span><\/p>\n\n\n\t<p class=\"wc-gzd-additional-info wc-gzd-additional-info-loop tax-info\">inkl. 19 % MwSt.<\/p>\n\n\t<p class=\"wc-gzd-additional-info wc-gzd-additional-info-loop shipping-costs-info\">zzgl. <a href=\"https:\/\/www.kaspar-spirituosen.de\/shop\/versandarten\/\" target=\"_blank\">Versandkosten<\/a><\/p>\n\n\n\t<p class=\"wc-gzd-additional-info wc-gzd-additional-info-loop product-units-wrapper product-units\">Produkt enth\u00e4lt: 0,7 <span class=\"unit\">l<\/span><\/p>\n<a href=\"\/shop\/wp-json\/wp\/v2\/pages\/864?add-to-cart=30742\" aria-describedby=\"woocommerce_loop_add_to_cart_link_describedby_30742\" data-quantity=\"1\" class=\"button product_type_simple add_to_cart_button ajax_add_to_cart\" data-product_id=\"30742\" data-product_sku=\"S0000[77]\" aria-label=\"In den Warenkorb legen: \u201eArdnamurchan AD\/The Midgie Release, 0,7l\u201c\" rel=\"nofollow\" data-success_message=\"\u201eArdnamurchan AD\/The Midgie Release, 0,7l\u201c wurde Ihrem Warenkorb hinzugef\u00fcgt\" data-product-name=\"Ardnamurchan AD\/The Midgie Release, 0,7l\" title=\"In den Warenkorb legen: \u201eArdnamurchan AD\/The Midgie Release, 0,7l\u201c\" role=\"button\">In den Warenkorb<\/a>\t<span id=\"woocommerce_loop_add_to_cart_link_describedby_30742\" class=\"screen-reader-text\">\n\t\t\t<\/span>\n<\/li>\n<li class=\"product type-product post-7372 status-publish first instock product_cat-veranstaltungen product_cat-veranstaltungen-dies-das product_cat-whisky product_cat-adelphi-whisky product_tag-whiskyprobe-verkostung-seminar-kaspar-spirituosen-essen-nrw-charles-maclean-alex-bruce-chris-pepper-essener-hof-speyside-whisky-2025-dinner has-post-thumbnail taxable shipping-taxable purchasable product-type-simple\">\n\t<a title=\"Adelphi-Whisky-Dinner mit Alex Bruce, Essen, 24.10.2025\" href=\"https:\/\/www.kaspar-spirituosen.de\/shop\/produkt\/adelphi-whisky-dinner-mit-alex-bruce-essen-23-10-2026\/\" class=\"woocommerce-LoopProduct-link woocommerce-loop-product__link\" aria-label=\"Produkt \u00f6ffnen \u2013 Adelphi-Whisky-Dinner mit Alex Bruce, Essen, 23.10.2026\" data-tooltip=\"focus\"><\/a><img loading=\"lazy\" decoding=\"async\" width=\"450\" height=\"322\" src=\"https:\/\/www.kaspar-spirituosen.de\/shop\/wp-content\/uploads\/2025\/05\/alex-bruce-neu-296-450x322.jpg\" class=\"attachment-woocommerce_thumbnail size-woocommerce_thumbnail\" alt=\"Adelphi-Whisky-Dinner mit Alex Bruce, Essen, 23.10.2026\" srcset=\"https:\/\/www.kaspar-spirituosen.de\/shop\/wp-content\/uploads\/2025\/05\/alex-bruce-neu-296-450x322.jpg 450w, https:\/\/www.kaspar-spirituosen.de\/shop\/wp-content\/uploads\/2025\/05\/alex-bruce-neu-296-1024x732.jpg 1024w, https:\/\/www.kaspar-spirituosen.de\/shop\/wp-content\/uploads\/2025\/05\/alex-bruce-neu-296-768x549.jpg 768w, https:\/\/www.kaspar-spirituosen.de\/shop\/wp-content\/uploads\/2025\/05\/alex-bruce-neu-296-1536x1097.jpg 1536w, https:\/\/www.kaspar-spirituosen.de\/shop\/wp-content\/uploads\/2025\/05\/alex-bruce-neu-296-480x343.jpg 480w, https:\/\/www.kaspar-spirituosen.de\/shop\/wp-content\/uploads\/2025\/05\/alex-bruce-neu-296-760x543.jpg 760w, https:\/\/www.kaspar-spirituosen.de\/shop\/wp-content\/uploads\/2025\/05\/alex-bruce-neu-296-1200x857.jpg 1200w, https:\/\/www.kaspar-spirituosen.de\/shop\/wp-content\/uploads\/2025\/05\/alex-bruce-neu-296-600x429.jpg 600w, https:\/\/www.kaspar-spirituosen.de\/shop\/wp-content\/uploads\/2025\/05\/alex-bruce-neu-296.jpg 2000w\" sizes=\"auto, (max-width: 450px) 100vw, 450px\" \/><h2 class=\"woocommerce-loop-product__title\">Adelphi-Whisky-Dinner mit Alex Bruce, Essen, 23.10.2026<\/h2><div class=\"category_product_sku\">Artikelnummer: V120602[50]<\/div>\n\t<span class=\"price\"><span class=\"woocommerce-Price-amount amount\"><bdi>105,00&nbsp;<span class=\"woocommerce-Price-currencySymbol\">&euro;<\/span><\/bdi><\/span><\/span>\n\n<div class=\"product-info-container\"><mark class=\"new\">New<\/mark><\/div><div class=\"mark-container\"><mark class=\"mark-link\"><a href=\"https:\/\/www.kaspar-spirituosen.de\/shop\/produkt-kategorie\/veranstaltungen-dies-das\/veranstaltungen\/\" title=\"Gehe zu Veranstaltungen\">Veranstaltungen<\/a><\/mark><mark class=\"mark-link\"><a href=\"https:\/\/www.kaspar-spirituosen.de\/shop\/produkt-kategorie\/veranstaltungen-dies-das\/\" title=\"Gehe zu Alle Veranstaltungen - \u00dcbersicht\">Alle Veranstaltungen &#8211; \u00dcbersicht<\/a><\/mark><mark class=\"mark-link\"><a href=\"https:\/\/www.kaspar-spirituosen.de\/shop\/produkt-kategorie\/whisky\/\" title=\"Gehe zu Whisky\">Whisky<\/a><\/mark><\/div><a class=\"btn\" tabindex=\"0\" title=\"Zur Wunschliste hinzuf\u00fcgen\" data-text-add=\"Zur Wunschliste hinzuf\u00fcgen\" data-text-remove=\"Entfernen\" data-wishlist=\"7372\">Zur Wunschliste hinzuf\u00fcgen<\/a>\n\n\n\t<p class=\"wc-gzd-additional-info wc-gzd-additional-info-loop tax-info\">inkl. 19 % MwSt.<\/p>\n\n\t<p class=\"wc-gzd-additional-info wc-gzd-additional-info-loop shipping-costs-info\">zzgl. <a href=\"https:\/\/www.kaspar-spirituosen.de\/shop\/versandarten\/\" target=\"_blank\">Versandkosten<\/a><\/p>\n\n\t<p class=\"wc-gzd-additional-info delivery-time-info wc-gzd-additional-info-loop\"><span class=\"delivery-time-inner delivery-time-3-4-tage\">Lieferzeit: <span class=\"delivery-time-data\">3-4 Tage<\/span><\/span><\/p>\n\n<a href=\"\/shop\/wp-json\/wp\/v2\/pages\/864?add-to-cart=7372\" aria-describedby=\"woocommerce_loop_add_to_cart_link_describedby_7372\" data-quantity=\"1\" class=\"button product_type_simple add_to_cart_button ajax_add_to_cart\" data-product_id=\"7372\" data-product_sku=\"V120602[50]\" aria-label=\"In den Warenkorb legen: \u201eAdelphi-Whisky-Dinner mit Alex Bruce, Essen, 23.10.2026\u201c\" rel=\"nofollow\" data-success_message=\"\u201eAdelphi-Whisky-Dinner mit Alex Bruce, Essen, 23.10.2026\u201c wurde Ihrem Warenkorb hinzugef\u00fcgt\" data-product-name=\"Adelphi-Whisky-Dinner mit Alex Bruce, Essen, 23.10.2026\" title=\"In den Warenkorb legen: \u201eAdelphi-Whisky-Dinner mit Alex Bruce, Essen, 23.10.2026\u201c\" role=\"button\">In den Warenkorb<\/a>\t<span id=\"woocommerce_loop_add_to_cart_link_describedby_7372\" class=\"screen-reader-text\">\n\t\t\t<\/span>\n<\/li>\n<\/ul><button data-loadmore data-typ=\"product\" data-query=\"{&#039;_in&#039;:[],&#039;_taxs&#039;:[1548,1585,1563,1580]}\" data-per-page=\"4\" data-page=\"2\" class=\"btn btn-action btn-outline weight-bold icon icon-after-arrow-down margin-bottom\">Mehr laden<\/button><\/div>\n\n<\/div>\n<\/div>\n\n\t\n\n\n\t<div class=\"ep-content-dynamic  bg-light space \"><div class=\"row   default-between default-middle\"><div class=\"col medium-6 giant-5 \"><div class=\"imageContainer\"><picture ><source media=\"(max-width: 480px)\" srcset=\"https:\/\/www.kaspar-spirituosen.de\/shop\/wp-content\/uploads\/2025\/05\/wine-480x318.jpg\"><source media=\"(max-width: 760px)\" srcset=\"https:\/\/www.kaspar-spirituosen.de\/shop\/wp-content\/uploads\/2025\/05\/wine-760x503.jpg\"><source media=\"(max-width: 1200px)\" srcset=\"https:\/\/www.kaspar-spirituosen.de\/shop\/wp-content\/uploads\/2025\/05\/wine-1200x794.jpg\"><img decoding=\"async\" class=\"non-fluid\" style=\"aspect-ratio: 1.51 \/ 1\" loading=\"lazy\" alt=\"Weinflaschen und Weinkorken\" title=\"Weinflaschen und Weinkorken\" src=\"https:\/\/www.kaspar-spirituosen.de\/shop\/wp-content\/uploads\/2025\/05\/wine.jpg\"><\/picture><\/div><\/div><div class=\"col medium-6 \"><h3 class=\"cms-title\">Unsere Angebote und Kultur<\/h3>\n<p data-le-dy-clone=\"9-1\">F\u00fcr Kenner und Genie\u00dfer findet allj\u00e4hrlich unsere\u00a0<strong>Kultur- und Weinmesse<\/strong>\u00a0sowie die Spirituosenmesse\u00a0<strong>AQUAVITAE<\/strong> statt kommen Sie vorbei! Informieren Sie sich in aller Ruhe und schauen Sie in unserem <strong>Onlineshop<\/strong>\u00a0vorbei. Bei Fragen steht Ihnen die Rolf Kaspar GmbH in Essen und D\u00fcsseldorf gerne zur Verf\u00fcgung. Rufen Sie uns an, kontaktieren Sie uns oder kommen Sie einfach vorbei.<\/p>\n<p data-le-dy-clone=\"14-6\">Die <strong>Rolf Kaspar GmbH<\/strong> freut sich auf Ihren Besuch!<\/p>\n<\/div><\/div><\/div>\n\t","protected":false},"excerpt":{"rendered":"","protected":false},"author":1,"featured_media":0,"parent":0,"menu_order":0,"comment_status":"closed","ping_status":"closed","template":"","meta":{"_acf_changed":false,"footnotes":""},"class_list":["post-864","page","type-page","status-publish","hentry"],"acf":[],"_links":{"self":[{"href":"https:\/\/www.kaspar-spirituosen.de\/shop\/wp-json\/wp\/v2\/pages\/864","targetHints":{"allow":["GET"]}}],"collection":[{"href":"https:\/\/www.kaspar-spirituosen.de\/shop\/wp-json\/wp\/v2\/pages"}],"about":[{"href":"https:\/\/www.kaspar-spirituosen.de\/shop\/wp-json\/wp\/v2\/types\/page"}],"author":[{"embeddable":true,"href":"https:\/\/www.kaspar-spirituosen.de\/shop\/wp-json\/wp\/v2\/users\/1"}],"replies":[{"embeddable":true,"href":"https:\/\/www.kaspar-spirituosen.de\/shop\/wp-json\/wp\/v2\/comments?post=864"}],"version-history":[{"count":0,"href":"https:\/\/www.kaspar-spirituosen.de\/shop\/wp-json\/wp\/v2\/pages\/864\/revisions"}],"wp:attachment":[{"href":"https:\/\/www.kaspar-spirituosen.de\/shop\/wp-json\/wp\/v2\/media?parent=864"}],"curies":[{"name":"wp","href":"https:\/\/api.w.org\/{rel}","templated":true}]}}