{"id":32076,"date":"2025-11-05T11:48:16","date_gmt":"2025-11-05T10:48:16","guid":{"rendered":"https:\/\/www.kaspar-spirituosen.de\/shop\/?post_type=product&#038;p=32076"},"modified":"2026-05-12T15:21:31","modified_gmt":"2026-05-12T13:21:31","slug":"fine-tasten-music-das-neue-whisky-konzert-event-in-der-classic-remise-duesseldorf-am-05-09-2026","status":"publish","type":"product","link":"https:\/\/www.kaspar-spirituosen.de\/shop\/produkt\/fine-tasten-music-das-neue-whisky-konzert-event-in-der-classic-remise-duesseldorf-am-05-09-2026\/","title":{"rendered":"&#8222;Fine taste\u00b4n\u00b4 music&#8220; &#8211; Das neue Whisky-Konzert-Event in der Classic Remise D\u00fcsseldorf am 05.09.2026 !"},"content":{"rendered":"<p><strong>**** Gro\u00dfes neues Whisky-Konzertevent-Tasting in der Classic Remise D\u00fcsseldorf ****\u00a0<\/strong><\/p>\n<p><strong>Samstag, 05. September 2026, 16-21 Uhr<\/strong><\/p>\n<p>Sie m\u00f6gen Whisky und stehen auf gute, handgemachte Live-Musik\u00a0 ?<br \/>\nWir laden Sie herzlich ein zur\u00a0 Whiskyverkostung und zum Konzert im Ambiente historischer Industriekultur, der Classic Remise in D\u00fcsseldorf. Die Classic Remise, ein renovierter Ringlokschuppen, bietet Raum f\u00fcr historische und klassische Fahrzeuge. Probieren Sie Whisky an einem der interessantesten Eventpl\u00e4tze der Region. Werfen Sie unbedingt einen Blick auf die interessantesten Autos der letzten Jahrzehnte. Mit dem Blick von der Galerie auf jede Menge blitzenden Stahl der alten Sch\u00e4tzchen und einem Hauch Autoabgase in der Nase, ger\u00e4t man auch als Nicht-Autofan ins Schw\u00e4rmen. Aber vielleicht ist das dann auch nur die Note in einer besonders rauchigen Abf\u00fcllung der ausgew\u00e4hlten Tropfen, die es zu verkosten gibt ?<\/p>\n<p>F\u00fcr Whiskyliebhaber :<\/p>\n<p>Im Whisky-Ticket-Eintrittspreis von <strong>69,00 \u20ac<\/strong> sind enthalten :<\/p>\n<p>&#8211; Glas und Glashalter !<\/p>\n<p>&#8211;\u00a0 9 Sorten Whiskys &#8211; Sorten folgen !<\/p>\n<p>&#8211; wer m\u00f6chte, kann Zigarren erwerben von der Kubanerin <a title=\"Rosa Arredondo\" href=\"https:\/\/www.lacasadetabaco.de\/service\/la-casa-del-tabaco-lunge\/\" target=\"_blank\" rel=\"noopener\"><strong>Rosa Arredondo<\/strong><\/a> (gegen Entgelt).<\/p>\n<ul>\n<li>Speisen-Catering (gegen Entgelt) durch &#8222;<a title=\"Catering durch \" href=\"https:\/\/www.kommzupotte.com\/\" target=\"_blank\" rel=\"noopener\"><strong>Komm zu Potte<\/strong><\/a>&#8220; !<\/li>\n<\/ul>\n<p>&#8211; Schokoladen-Pr\u00e4sentation (gegen Entgelt) durch &#8222;<a title=\"J\u00fcrgen Bluhm\" href=\"https:\/\/www.soiree-chocolat.de\/\" target=\"_blank\" rel=\"noopener\"><strong>J\u00fcrgen Bluhm<\/strong><\/a>&#8220; ! !<\/p>\n<p>&#8211; Live-Musik von der Band &#8222;<a title=\"Band \" href=\"https:\/\/pokelovesyou.de\/\" target=\"_blank\" rel=\"noopener\"><strong>POKE<\/strong><\/a>&#8220; &amp;\u00a0<a title=\"Michael V\u00f6lkel\" href=\"https:\/\/www.michaelvoelkel.de\/\" target=\"_blank\" rel=\"noopener\"> <strong>Michael V\u00f6lkel<\/strong> <\/a>!<\/p>\n<p>&#8211; Optional f\u00fcr G\u00e4ste aus dem Ruhrgebiet :<a href=\"https:\/\/www.jabo-reisen.de\/\"><strong> Der Bustransfer<\/strong><\/a> ab Hauptbahnhof Essen zur Classic Remise (nur bei tats\u00e4chlicher Anmeldung Ihrerseits) !<\/p>\n<p>************<\/p>\n<p>Alle Produkte k\u00f6nnen vor Ort w\u00e4hrend der Veranstaltung zu Sonderpreisen erworben werden, solange der Vorrat reicht.<\/p>\n<p>************<br \/>\nAchtung:<br \/>\nDer Bus (JABO-Reisen) f\u00e4hrt um <strong>15:00 Uhr<\/strong> zur &#8222;Classic Remise&#8220;, bitte kommen Sie rechtzeitig zu den Haltestellen ! Die Haltestelle ist am Essen Hbf, am Reisebusbahnhof zwischen Hauptbahnhof und A40 an der Freiheit. Dies ist NICHT der Busbahnhof f\u00fcr die Linienbusse! Die R\u00fcckfahrt zum Hauptbahnhof ist um 21 Uhr.<\/p>\n<p>Vor Ort bietet der Caterer \u00a0&#8222;<a title=\"Catering \" href=\"https:\/\/www.kommzupotte.com\/\" target=\"_blank\" rel=\"noopener\"><strong>Komm zu Potte<\/strong><\/a>&#8220; gegen Entgelt Speisen, alkoholfreie Getr\u00e4nke und Bier an. Das Mitbringen von eigenen Speisen und Getr\u00e4nken ist nicht gestattet.<\/p>\n<p>Tickets ?<br \/>\nKarten gibt es in unserem Ladenlokal in Essen oder D\u00fcsseldorf oder in unserem Online-Shop !<\/p>\n<p>Bitte geben Sie au\u00dferdem im Kommentarfeld unterhalb des Warenkorbes an, ob Sie den Bustransfer ab Essen Hauptbahnhof optional nutzen m\u00f6chten. Nur bei aktiver Anmeldung f\u00fcr den Bus-Shuttle k\u00f6nnen wir einen Platz garantieren !!<br \/>\nWenn Sie im Bestellprozess als Versandmethode &#8222;Briefpost&#8220; ausw\u00e4hlen, senden wir Ihnen die Eintrittskarten per Post zu. Bitte heben Sie die Eintrittskarten gut auf, da diese nicht ersetzt werden.<\/p>\n<p>&nbsp;<\/p>\n","protected":false},"excerpt":{"rendered":"<p><b>**** Gro\u00dfes, neue Whisky-Konzert-Event in der <a href=\"http:\/\/www.remise.de\">Classic Remise<\/a>, D\u00fcsseldorf ****<\/b><\/p>\n<p><b>Eintrittspreis von 69,00 \u20ac p.P. <\/b><\/p>\n","protected":false},"featured_media":32612,"comment_status":"closed","ping_status":"closed","template":"","meta":{"_acf_changed":false},"product_brand":[],"product_cat":[1595,1596],"product_tag":[1632,1637,1636,974],"class_list":{"0":"post-32076","1":"product","2":"type-product","3":"status-publish","4":"has-post-thumbnail","6":"product_cat-veranstaltungen-dies-das","7":"product_cat-veranstaltungen","8":"product_tag-fine-taste","9":"product_tag-michael-voelkel","10":"product_tag-poke","11":"product_tag-whiskytasting-whisky-probe-verkostung-seminar-kaspar-spirituosen-essen-nrw-whisky-classics-charivari-classic-remise-duesseldorf-meilenwerk-komm-zu-potte","13":"first","14":"instock","15":"taxable","16":"shipping-taxable","17":"purchasable","18":"product-type-simple"},"acf":[],"_links":{"self":[{"href":"https:\/\/www.kaspar-spirituosen.de\/shop\/wp-json\/wp\/v2\/product\/32076","targetHints":{"allow":["GET"]}}],"collection":[{"href":"https:\/\/www.kaspar-spirituosen.de\/shop\/wp-json\/wp\/v2\/product"}],"about":[{"href":"https:\/\/www.kaspar-spirituosen.de\/shop\/wp-json\/wp\/v2\/types\/product"}],"replies":[{"embeddable":true,"href":"https:\/\/www.kaspar-spirituosen.de\/shop\/wp-json\/wp\/v2\/comments?post=32076"}],"wp:featuredmedia":[{"embeddable":true,"href":"https:\/\/www.kaspar-spirituosen.de\/shop\/wp-json\/wp\/v2\/media\/32612"}],"wp:attachment":[{"href":"https:\/\/www.kaspar-spirituosen.de\/shop\/wp-json\/wp\/v2\/media?parent=32076"}],"wp:term":[{"taxonomy":"product_brand","embeddable":true,"href":"https:\/\/www.kaspar-spirituosen.de\/shop\/wp-json\/wp\/v2\/product_brand?post=32076"},{"taxonomy":"product_cat","embeddable":true,"href":"https:\/\/www.kaspar-spirituosen.de\/shop\/wp-json\/wp\/v2\/product_cat?post=32076"},{"taxonomy":"product_tag","embeddable":true,"href":"https:\/\/www.kaspar-spirituosen.de\/shop\/wp-json\/wp\/v2\/product_tag?post=32076"}],"curies":[{"name":"wp","href":"https:\/\/api.w.org\/{rel}","templated":true}]}}