{"id":32078,"date":"2025-11-05T12:53:41","date_gmt":"2025-11-05T11:53:41","guid":{"rendered":"https:\/\/www.kaspar-spirituosen.de\/shop\/?post_type=product&#038;p=32078"},"modified":"2026-05-09T18:51:05","modified_gmt":"2026-05-09T16:51:05","slug":"fine-tastenmusic-das-wein-konzert-event-in-der-classic-remise-duesseldorf-am-05-09-2026","status":"publish","type":"product","link":"https:\/\/www.kaspar-spirituosen.de\/shop\/produkt\/fine-tastenmusic-das-wein-konzert-event-in-der-classic-remise-duesseldorf-am-05-09-2026\/","title":{"rendered":"&#8222;Fine taste\u00b4n\u00b4music&#8220; &#8211; Das Wein-Konzert-Event in der Classic Remise D\u00fcsseldorf am 05.09.2026 !"},"content":{"rendered":"<p><strong>**** Gro\u00dfes, neues Wein-Konzertevent-Tasting in der Classic Remise D\u00fcsseldorf ****\u00a0<\/strong><\/p>\n<p><strong>Samstag, 05. September 2026, 16-21 Uhr<\/strong><\/p>\n<p>Sie m\u00f6gen Wein und stehen auf gute, handgemachte Live-Musik ?<br \/>\nWir laden Sie herzlich ein zur Weinverkostung und Konzert im Ambiente historischer Industriekultur, der <a title=\"Classic Remise D\u00fcsseldorf\" href=\"https:\/\/remise.de\/duesseldorf\" target=\"_blank\" rel=\"noopener\"><strong>Classic Remise in D\u00fcsseldorf<\/strong><\/a>. Die Classic Remise, ein renovierter Ringlokschuppen, bietet Raum f\u00fcr historische und klassische Fahrzeuge. Probieren Sie Wein an einem der interessantesten Eventpl\u00e4tze der Region. Werfen Sie unbedingt einen Blick auf die interessantesten Autos der letzten Jahrzehnte. Mit dem Blick von der Galerie auf jede Menge blitzenden Stahl der alten Sch\u00e4tzchen und einem Hauch Autoabgase in der Nase, ger\u00e4t man auch als Nicht-Autofan ins Schw\u00e4rmen.<\/p>\n<p>F\u00fcr Weinliebhaber :<\/p>\n<p>Im Wein-Ticket-Eintrittspreis von <strong>49,00 \u20ac<\/strong> sind enthalten :<\/p>\n<p>&#8211; Glas &amp; Glashalter !<\/p>\n<p>&#8211; Weine 2er Pf\u00e4lzer Weing\u00fcter (<a title=\"Weingut Nett \" href=\"https:\/\/www.nett-weine.de\/\" target=\"_blank\" rel=\"noopener\"><strong>Nett<\/strong><\/a> &amp; <a title=\"Weingut Ellermann-Spiegel\" href=\"https:\/\/www.ellermann-spiegel.de\/\" target=\"_blank\" rel=\"noopener\"><strong>Ellermann-Spiegel<\/strong><\/a>) + von einem <strong><a title=\"DEUNA\" href=\"https:\/\/www.deuna.de\/\" target=\"_blank\" rel=\"noopener\">Importeur<\/a><\/strong> f\u00fcr italienische und spanische Weine &#8211; Sorten folgen (keine weiteren &#8222;Wein-Kosten&#8220;) !<\/p>\n<p>&#8211; wer m\u00f6chte, kann Zigarren erwerben von der Kubanerin <a title=\"Rosa Arredondo\" href=\"https:\/\/www.lacasadetabaco.de\/service\/la-casa-del-tabaco-lunge\/\" target=\"_blank\" rel=\"noopener\"><strong>Rosa Arredondo<\/strong><\/a> (gegen Entgelt).<\/p>\n<p>&#8211; Schokoladen-Pr\u00e4sentation (gegen Entgelt) durch &#8222;<a href=\"https:\/\/www.soiree-chocolat.de\/\"><strong>J\u00fcrgen Bluhm<\/strong><\/a>&#8220; !<\/p>\n<p>&#8211; Speisen-Catering (gegen Entgelt) durch &#8222;<strong><a title=\"Caterer \" href=\"https:\/\/www.kommzupotte.com\/\" target=\"_blank\" rel=\"noopener\">Komm zu Potte<\/a><\/strong>&#8220; ! !<\/p>\n<p>&#8211; Live-Musik von der Band &#8222;<a title=\"Band \" href=\"https:\/\/pokelovesyou.de\/\" target=\"_blank\" rel=\"noopener\"><strong>POKE<\/strong><\/a>&#8220; &amp;\u00a0<a title=\"Michael V\u00f6lkel\" href=\"https:\/\/www.michaelvoelkel.de\/\" target=\"_blank\" rel=\"noopener\"> <strong>Michael V\u00f6lkel<\/strong> <\/a>!<\/p>\n<p>&#8211; Optional f\u00fcr G\u00e4ste aus dem Ruhrgebiet : <a href=\"https:\/\/www.jabo-reisen.de\/\"><strong>Der Bustransfer<\/strong><\/a>\u00a0 (gratis) ab Hauptbahnhof Essen zur Classic Remise (nur bei tats\u00e4chlicher Anmeldung Ihrerseits) !<\/p>\n<p>************<\/p>\n<p>Alle Produkte k\u00f6nnen vor Ort w\u00e4hrend der Veranstaltung zu Sonderpreisen erworben werden (Weine werden sp\u00e4ter in unseren Ladenlokalen abgeholt).<\/p>\n<p>************<br \/>\nAchtung:<br \/>\nDer Bus (JABO-Reisen) f\u00e4hrt um 15:00 Uhr zur &#8222;Classic Remise&#8220;, bitte kommen Sie rechtzeitig zu den Haltestellen ! Die Haltestelle ist am Essen Hbf, am Reisebusbahnhof zwischen Hauptbahnhof und A40 an der Freiheit. Dies ist NICHT der Busbahnhof f\u00fcr die Linienbusse! Die R\u00fcckfahrt zum Hauptbahnhof ist um 21 Uhr.<\/p>\n<p>Vor Ort bietet der Caterer \u00a0&#8222;Komm zu Potte&#8220; gegen Entgelt Speisen, alkoholfreie Getr\u00e4nke und Bier an. Das Mitbringen von eigenen Speisen und Getr\u00e4nken ist nicht gestattet.<\/p>\n<p>Tickets ?<br \/>\nKarten gibt es in unserem Ladenlokal in Essen oder D\u00fcsseldorf oder in unserem Online-Shop !<\/p>\n<p>Bitte geben Sie au\u00dferdem im Kommentarfeld unterhalb des Warenkorbes an, ob Sie den Bustransfer ab Essen Hauptbahnhof optional nutzen m\u00f6chten. Nur bei aktiver Anmeldung f\u00fcr den Bus-Shuttle k\u00f6nnen wir einen Platz garantieren !!<br \/>\nWenn Sie im Bestellprozess als Versandmethode &#8222;Briefpost&#8220; ausw\u00e4hlen, senden wir Ihnen die Eintrittskarten per Post zu. Bitte heben Sie die Eintrittskarten gut auf, da diese nicht ersetzt werden.<\/p>\n","protected":false},"excerpt":{"rendered":"<p>**** Gro\u00dfes, neues Wein-Konzertevent-Tasting in der Classic Remise D\u00fcsseldorf ****\u00a0 Samstag, 05. September 2026, 16-21 Uhr Sie m\u00f6gen Wein und stehen auf gute, handgemachte Live-Musik ? Wir laden Sie herzlich ein zur Weinverkostung und Konzert im Ambiente historischer Industriekultur, der Classic Remise in D\u00fcsseldorf. Die Classic Remise, ein renovierter Ringlokschuppen, bietet Raum f\u00fcr historische und [&hellip;]<\/p>\n","protected":false},"featured_media":32611,"comment_status":"closed","ping_status":"closed","template":"","meta":{"_acf_changed":false},"product_brand":[],"product_cat":[1595,1596],"product_tag":[1633,1635,1637,1636,1634,1639,587,944,1638],"class_list":{"0":"post-32078","1":"product","2":"type-product","3":"status-publish","4":"has-post-thumbnail","6":"product_cat-veranstaltungen-dies-das","7":"product_cat-veranstaltungen","8":"product_tag-classic-remise","9":"product_tag-konzert","10":"product_tag-michael-voelkel","11":"product_tag-poke","12":"product_tag-wein-event","13":"product_tag-weinmesse","14":"product_tag-weinprobe","15":"product_tag-weinprobe-weinmesse-wein-advent-advent-verkostung-seminar-kaspar-spirituosen-essen-nrw-parkhaus-huegel-internationale-weine-rot-weiss-rose-sekt-champagner-suesswein","16":"product_tag-wine-tasting","18":"first","19":"instock","20":"taxable","21":"shipping-taxable","22":"purchasable","23":"product-type-simple"},"acf":[],"_links":{"self":[{"href":"https:\/\/www.kaspar-spirituosen.de\/shop\/wp-json\/wp\/v2\/product\/32078","targetHints":{"allow":["GET"]}}],"collection":[{"href":"https:\/\/www.kaspar-spirituosen.de\/shop\/wp-json\/wp\/v2\/product"}],"about":[{"href":"https:\/\/www.kaspar-spirituosen.de\/shop\/wp-json\/wp\/v2\/types\/product"}],"replies":[{"embeddable":true,"href":"https:\/\/www.kaspar-spirituosen.de\/shop\/wp-json\/wp\/v2\/comments?post=32078"}],"wp:featuredmedia":[{"embeddable":true,"href":"https:\/\/www.kaspar-spirituosen.de\/shop\/wp-json\/wp\/v2\/media\/32611"}],"wp:attachment":[{"href":"https:\/\/www.kaspar-spirituosen.de\/shop\/wp-json\/wp\/v2\/media?parent=32078"}],"wp:term":[{"taxonomy":"product_brand","embeddable":true,"href":"https:\/\/www.kaspar-spirituosen.de\/shop\/wp-json\/wp\/v2\/product_brand?post=32078"},{"taxonomy":"product_cat","embeddable":true,"href":"https:\/\/www.kaspar-spirituosen.de\/shop\/wp-json\/wp\/v2\/product_cat?post=32078"},{"taxonomy":"product_tag","embeddable":true,"href":"https:\/\/www.kaspar-spirituosen.de\/shop\/wp-json\/wp\/v2\/product_tag?post=32078"}],"curies":[{"name":"wp","href":"https:\/\/api.w.org\/{rel}","templated":true}]}}