{"id":6165,"date":"2025-05-05T16:43:54","date_gmt":"2025-05-05T14:43:54","guid":{"rendered":"https:\/\/www.kaspar-spirituosen.de\/shop\/produkt\/mandarine-napoleon-grand-cuvee-07-lt\/"},"modified":"2025-10-24T16:25:41","modified_gmt":"2025-10-24T14:25:41","slug":"mandarine-napoleon-grand-cuvee-07-lt","status":"publish","type":"product","link":"https:\/\/www.kaspar-spirituosen.de\/shop\/produkt\/mandarine-napoleon-grand-cuvee-07-lt\/","title":{"rendered":"Mandarine Napol\u00e9on Grand Cuv\u00e9e 0,7 lt."},"content":{"rendered":"","protected":false},"excerpt":{"rendered":"<p>Mandarine Napol\u00e9on, Grande Liqueur Imp\u00e9riale, wird aus frischen spanischen und sizilianischen Mandarinenschalen hergestellt, die in ausgew\u00e4hlten feinen Spirituosen \u00fcber einen l\u00e4ngeren Zeitraum maceriert werden. Die so gewonnene alkoholische Fl\u00fcssigkeit wird drei mal zusammen mit einer streng geheimen Zusammenstellung verschiedener Kr\u00e4uter und Pflanzen destilliert.<br \/>\nDieses Destillat reift anschlie\u00dfend mindestens 3 Jahre, bis sein reicher und harmonischer Charakter erreicht ist. Danach wird aus verschiedenen Partien der endg\u00fcltige Lik\u00f6r zusammengestellt, indem er nach dem Original-Rezept noch andere, ausgew\u00e4hlte Spirituosen sowie Cognac hinzugibt.<\/p>\n<p><span style=\"color: #cc0000;\"><span style=\"font-size: 10px;\"><strong>mit Farbstoff<\/strong><\/span><\/span><\/p>\n<p>&nbsp;<\/p>\n<p>Alkoholgehalt: 38 % vol.<\/p>\n<p>Importeur:<br \/>\nBORCO-MARKEN-IMPORT MATTHIESEN GMBH &amp; CO. KG<br \/>\nWinsbergring 12-22<br \/>\n22525 Hamburg<br \/>\nTel.: 040-85 31 6-0<br \/>\ne-mail: infoline@borco.com<\/p>\n","protected":false},"featured_media":30887,"comment_status":"closed","ping_status":"closed","template":"","meta":{"_acf_changed":false},"product_brand":[],"product_cat":[1563,1567,1569],"product_tag":[271],"class_list":{"0":"post-6165","1":"product","2":"type-product","3":"status-publish","4":"has-post-thumbnail","6":"product_cat-gin-rum-weitere-spirituosen-likoere","7":"product_cat-likoere","8":"product_cat-markenlikoere","9":"product_tag-cognac-likoer-mandarine-orange-liqueur-napoleon-imperial-cuvee-rolf-kaspar-essen-nrw-fachhandel","11":"first","12":"instock","13":"taxable","14":"shipping-taxable","15":"purchasable","16":"product-type-simple"},"acf":[],"_links":{"self":[{"href":"https:\/\/www.kaspar-spirituosen.de\/shop\/wp-json\/wp\/v2\/product\/6165","targetHints":{"allow":["GET"]}}],"collection":[{"href":"https:\/\/www.kaspar-spirituosen.de\/shop\/wp-json\/wp\/v2\/product"}],"about":[{"href":"https:\/\/www.kaspar-spirituosen.de\/shop\/wp-json\/wp\/v2\/types\/product"}],"replies":[{"embeddable":true,"href":"https:\/\/www.kaspar-spirituosen.de\/shop\/wp-json\/wp\/v2\/comments?post=6165"}],"wp:featuredmedia":[{"embeddable":true,"href":"https:\/\/www.kaspar-spirituosen.de\/shop\/wp-json\/wp\/v2\/media\/30887"}],"wp:attachment":[{"href":"https:\/\/www.kaspar-spirituosen.de\/shop\/wp-json\/wp\/v2\/media?parent=6165"}],"wp:term":[{"taxonomy":"product_brand","embeddable":true,"href":"https:\/\/www.kaspar-spirituosen.de\/shop\/wp-json\/wp\/v2\/product_brand?post=6165"},{"taxonomy":"product_cat","embeddable":true,"href":"https:\/\/www.kaspar-spirituosen.de\/shop\/wp-json\/wp\/v2\/product_cat?post=6165"},{"taxonomy":"product_tag","embeddable":true,"href":"https:\/\/www.kaspar-spirituosen.de\/shop\/wp-json\/wp\/v2\/product_tag?post=6165"}],"curies":[{"name":"wp","href":"https:\/\/api.w.org\/{rel}","templated":true}]}}