{"id":6167,"date":"2025-05-05T16:43:54","date_gmt":"2025-05-05T14:43:54","guid":{"rendered":"https:\/\/www.kaspar-spirituosen.de\/shop\/produkt\/original-danziger-goldwasser-07-lt\/"},"modified":"2025-11-02T17:09:08","modified_gmt":"2025-11-02T16:09:08","slug":"original-danziger-goldwasser-07-lt","status":"publish","type":"product","link":"https:\/\/www.kaspar-spirituosen.de\/shop\/produkt\/original-danziger-goldwasser-07-lt\/","title":{"rendered":"Original Danziger Goldwasser 0,7 lt."},"content":{"rendered":"","protected":false},"excerpt":{"rendered":"<p>Original Danziger Goldwasser von &#8222;Der Lachs&#8220; ist ein mit Blattgold veredelter Gew\u00fcrzlik\u00f6r. Er enth\u00e4lt unter anderem Kardamon, Koriander, Zitronenschalen, Wacholder, K\u00fcmmel und Zimt. Ach ja, und Gold!<br \/>\nDanziger Goldwasser wird seid dem Ende des Zweiten Weltkriegs von der Firma Hardenberg-Wilthen AG produziert, und zwar in N\u00f6rten, l\u00e4ngst nicht mehr in Danzig. Dies tut dem feinen, w\u00fcrzigen Geschmack jedoch keinen Abbruch.<br \/>\nAlkoholgehalt: 40% vol.<\/p>\n<p>Importeur:<br \/>\nHardenberg-Wilthen AG<br \/>\nVorderhaus 2<br \/>\n37176 N\u00f6rten-Hardenberg<br \/>\nFon: +49 (0)5503 \/ 802-0<br \/>\nE-Mail: marketing@hardenberg-wilthen.de<\/p>\n<p>&nbsp;<\/p>\n","protected":false},"featured_media":30888,"comment_status":"closed","ping_status":"closed","template":"","meta":{"_acf_changed":false},"product_brand":[],"product_cat":[1563,1567,1569],"product_tag":[274],"class_list":{"0":"post-6167","1":"product","2":"type-product","3":"status-publish","4":"has-post-thumbnail","6":"product_cat-gin-rum-weitere-spirituosen-likoere","7":"product_cat-likoere","8":"product_cat-markenlikoere","9":"product_tag-der-lachs-gold-danziger-goldwasser-likoer-liqueur-rolf-kaspar-essen-nrw-fachhandel","11":"first","12":"outofstock","13":"taxable","14":"shipping-taxable","15":"purchasable","16":"product-type-simple"},"acf":[],"_links":{"self":[{"href":"https:\/\/www.kaspar-spirituosen.de\/shop\/wp-json\/wp\/v2\/product\/6167","targetHints":{"allow":["GET"]}}],"collection":[{"href":"https:\/\/www.kaspar-spirituosen.de\/shop\/wp-json\/wp\/v2\/product"}],"about":[{"href":"https:\/\/www.kaspar-spirituosen.de\/shop\/wp-json\/wp\/v2\/types\/product"}],"replies":[{"embeddable":true,"href":"https:\/\/www.kaspar-spirituosen.de\/shop\/wp-json\/wp\/v2\/comments?post=6167"}],"wp:featuredmedia":[{"embeddable":true,"href":"https:\/\/www.kaspar-spirituosen.de\/shop\/wp-json\/wp\/v2\/media\/30888"}],"wp:attachment":[{"href":"https:\/\/www.kaspar-spirituosen.de\/shop\/wp-json\/wp\/v2\/media?parent=6167"}],"wp:term":[{"taxonomy":"product_brand","embeddable":true,"href":"https:\/\/www.kaspar-spirituosen.de\/shop\/wp-json\/wp\/v2\/product_brand?post=6167"},{"taxonomy":"product_cat","embeddable":true,"href":"https:\/\/www.kaspar-spirituosen.de\/shop\/wp-json\/wp\/v2\/product_cat?post=6167"},{"taxonomy":"product_tag","embeddable":true,"href":"https:\/\/www.kaspar-spirituosen.de\/shop\/wp-json\/wp\/v2\/product_tag?post=6167"}],"curies":[{"name":"wp","href":"https:\/\/api.w.org\/{rel}","templated":true}]}}