{"id":6171,"date":"2025-05-05T16:43:54","date_gmt":"2025-05-05T14:43:54","guid":{"rendered":"https:\/\/www.kaspar-spirituosen.de\/shop\/produkt\/ettaler-klosterliqueur-gelb-05-lt\/"},"modified":"2025-10-24T16:25:43","modified_gmt":"2025-10-24T14:25:43","slug":"ettaler-klosterliqueur-gelb-05-lt","status":"publish","type":"product","link":"https:\/\/www.kaspar-spirituosen.de\/shop\/produkt\/ettaler-klosterliqueur-gelb-05-lt\/","title":{"rendered":"Ettaler Klosterliqueur Gelb 0,5 lt."},"content":{"rendered":"<p style=\"font-size: 18px; font-family: Arial, Verdana, Helvetica;\">Aromareicher Klosterliqueur mit frischen Kr\u00e4utern aus dem Klostergarten, verfeinert mit edlem Berghonig aus der klostereigenen Imkerei. Sanftes Bouquet, runde Blumigkeit, etwas s\u00fc\u00dfer, kr\u00e4ftiges Farbenspiel durch die Zugabe von echtem, reinem Safran. Ausgepr\u00e4gte Harmonie durch sorgf\u00e4ltige Verarbeitung in der klostereigenen Manufaktur und lange Reife in alten Eichenf\u00e4ssern.<\/p>\n<p style=\"font-size: 18px; font-family: Arial, Verdana, Helvetica;\"><span style=\"font-size: 14px;\">Alkoholgehalt: 40% vol.<\/span><\/p>\n<p style=\"font-size: 18px; font-family: Arial, Verdana, Helvetica;\">Benediktinerabtei Ettal<br \/>\nKaiser-Ludwig-Platz 1, D-82488 Ettal<br \/>\nTelefon:0 8822 740<\/p>\n","protected":false},"excerpt":{"rendered":"<p style=\"font-size: 18px; font-family: Arial, Verdana, Helvetica;\">Aromareicher Klosterliqueur mit frischen Kr\u00e4utern aus dem Klostergarten, verfeinert mit edlem Berghonig aus der klostereigenen Imkerei<\/p>\n","protected":false},"featured_media":30890,"comment_status":"closed","ping_status":"closed","template":"","meta":{"_acf_changed":false},"product_brand":[],"product_cat":[1563,1567,1568],"product_tag":[276],"class_list":{"0":"post-6171","1":"product","2":"type-product","3":"status-publish","4":"has-post-thumbnail","6":"product_cat-gin-rum-weitere-spirituosen-likoere","7":"product_cat-likoere","8":"product_cat-individuelles-handwerk","9":"product_tag-ettal-benediktiner-kloster-1330-likoer-liqueur-rolf-kaspar-essen-nrw-fachhandel","11":"first","12":"outofstock","13":"taxable","14":"shipping-taxable","15":"purchasable","16":"product-type-simple"},"acf":[],"_links":{"self":[{"href":"https:\/\/www.kaspar-spirituosen.de\/shop\/wp-json\/wp\/v2\/product\/6171","targetHints":{"allow":["GET"]}}],"collection":[{"href":"https:\/\/www.kaspar-spirituosen.de\/shop\/wp-json\/wp\/v2\/product"}],"about":[{"href":"https:\/\/www.kaspar-spirituosen.de\/shop\/wp-json\/wp\/v2\/types\/product"}],"replies":[{"embeddable":true,"href":"https:\/\/www.kaspar-spirituosen.de\/shop\/wp-json\/wp\/v2\/comments?post=6171"}],"wp:featuredmedia":[{"embeddable":true,"href":"https:\/\/www.kaspar-spirituosen.de\/shop\/wp-json\/wp\/v2\/media\/30890"}],"wp:attachment":[{"href":"https:\/\/www.kaspar-spirituosen.de\/shop\/wp-json\/wp\/v2\/media?parent=6171"}],"wp:term":[{"taxonomy":"product_brand","embeddable":true,"href":"https:\/\/www.kaspar-spirituosen.de\/shop\/wp-json\/wp\/v2\/product_brand?post=6171"},{"taxonomy":"product_cat","embeddable":true,"href":"https:\/\/www.kaspar-spirituosen.de\/shop\/wp-json\/wp\/v2\/product_cat?post=6171"},{"taxonomy":"product_tag","embeddable":true,"href":"https:\/\/www.kaspar-spirituosen.de\/shop\/wp-json\/wp\/v2\/product_tag?post=6171"}],"curies":[{"name":"wp","href":"https:\/\/api.w.org\/{rel}","templated":true}]}}