{"id":6173,"date":"2025-05-05T16:43:54","date_gmt":"2025-05-05T14:43:54","guid":{"rendered":"https:\/\/www.kaspar-spirituosen.de\/shop\/produkt\/henri-mounier-pineau-des-charentes-blanc-075-lt\/"},"modified":"2025-10-24T16:25:43","modified_gmt":"2025-10-24T14:25:43","slug":"henri-mounier-pineau-des-charentes-blanc-075-lt","status":"publish","type":"product","link":"https:\/\/www.kaspar-spirituosen.de\/shop\/produkt\/henri-mounier-pineau-des-charentes-blanc-075-lt\/","title":{"rendered":"Henri Mounier Pineau des Charentes blanc 0,75 lt."},"content":{"rendered":"","protected":false},"excerpt":{"rendered":"<p>Pineau des Charentes ist eine edle Mischung aus frischem Traubenmost und feinem altem Cognac. Er reift einige Jahre in Eichenholzf\u00e4ssern und wird dann erst auf Flaschen gezogen.<\/p>\n<p>Henri Mouniers Pineau de Charentes hat eine feine, angenehme S\u00fcsse und eine knackige S\u00e4ure &#8211; ein perfekter Ap\u00e9ritif!<\/p>\n<p>Enth\u00e4lt Sulfite, 17 % vol. , 0,75 L<\/p>\n<p>Importeur:<br \/>\nBORCO-MARKEN-IMPORT MATTHIESEN GMBH &amp; CO. KG<br \/>\nWinsbergring 12-22<br \/>\n22525 Hamburg<br \/>\nDeutschland<br \/>\nTel.: 040-85 31 6-0<br \/>\nFax: 040-85 85 00<br \/>\ne-mail: infoline@borco.com<\/p>\n","protected":false},"featured_media":30891,"comment_status":"closed","ping_status":"closed","template":"","meta":{"_acf_changed":false},"product_brand":[],"product_cat":[1563,1567,1568],"product_tag":[278],"class_list":{"0":"post-6173","1":"product","2":"type-product","3":"status-publish","4":"has-post-thumbnail","6":"product_cat-gin-rum-weitere-spirituosen-likoere","7":"product_cat-likoere","8":"product_cat-individuelles-handwerk","9":"product_tag-cognac-pineau-likoer-liqueur-rolf-kaspar-essen-nrw-fachhandel","11":"first","12":"outofstock","13":"taxable","14":"shipping-taxable","15":"purchasable","16":"product-type-simple"},"acf":[],"_links":{"self":[{"href":"https:\/\/www.kaspar-spirituosen.de\/shop\/wp-json\/wp\/v2\/product\/6173","targetHints":{"allow":["GET"]}}],"collection":[{"href":"https:\/\/www.kaspar-spirituosen.de\/shop\/wp-json\/wp\/v2\/product"}],"about":[{"href":"https:\/\/www.kaspar-spirituosen.de\/shop\/wp-json\/wp\/v2\/types\/product"}],"replies":[{"embeddable":true,"href":"https:\/\/www.kaspar-spirituosen.de\/shop\/wp-json\/wp\/v2\/comments?post=6173"}],"wp:featuredmedia":[{"embeddable":true,"href":"https:\/\/www.kaspar-spirituosen.de\/shop\/wp-json\/wp\/v2\/media\/30891"}],"wp:attachment":[{"href":"https:\/\/www.kaspar-spirituosen.de\/shop\/wp-json\/wp\/v2\/media?parent=6173"}],"wp:term":[{"taxonomy":"product_brand","embeddable":true,"href":"https:\/\/www.kaspar-spirituosen.de\/shop\/wp-json\/wp\/v2\/product_brand?post=6173"},{"taxonomy":"product_cat","embeddable":true,"href":"https:\/\/www.kaspar-spirituosen.de\/shop\/wp-json\/wp\/v2\/product_cat?post=6173"},{"taxonomy":"product_tag","embeddable":true,"href":"https:\/\/www.kaspar-spirituosen.de\/shop\/wp-json\/wp\/v2\/product_tag?post=6173"}],"curies":[{"name":"wp","href":"https:\/\/api.w.org\/{rel}","templated":true}]}}