{"id":6175,"date":"2025-05-05T16:43:54","date_gmt":"2025-05-05T14:43:54","guid":{"rendered":"https:\/\/www.kaspar-spirituosen.de\/shop\/produkt\/nonino-amaro-quintessentia-07-lt\/"},"modified":"2025-10-24T16:25:44","modified_gmt":"2025-10-24T14:25:44","slug":"nonino-amaro-quintessentia-07-lt","status":"publish","type":"product","link":"https:\/\/www.kaspar-spirituosen.de\/shop\/produkt\/nonino-amaro-quintessentia-07-lt\/","title":{"rendered":"Nonino Amaro Quintessentia 0,7 lt."},"content":{"rendered":"","protected":false},"excerpt":{"rendered":"<p>Seit 1897 sind Qualit\u00e4tsbewusstsein, Innovationsbereitschaft und die Liebe zur eigenen Arbeit das besondere Kennzeichen, das die Destillerie Nonino auszeichnet. Bis heute k\u00fcmmert sich die Familie Nonino pers\u00f6nlich um den Einkauf der Grundstoffe und verfolgt sorgf\u00e4ltig die unterschiedlichen Destillationsphasen ihrer Spirituosen, um die h\u00f6chste Qualit\u00e4t des Destillats garantieren zu k\u00f6nnen. Diesen Einsatz schmeckt man &#8211; Schluck f\u00fcr Schluck.<\/p>\n<p>Dieser sehr hochwertige Lik\u00f6r wird nach altem alten, \u00fcberlieferten Rezept aus Alpenkr\u00e4utern hergestellt. Der Lik\u00f6r ist mit hochwertigem Traubenbrand aus dem Hause Nonino verfeinert und erh\u00e4lt so sein feines, rundes Aroma.<\/p>\n<p>Alkoholgehalt: 35% vol.<\/p>\n<p><span style=\"color: #cc0000;\"><span style=\"font-size: 10px;\"><strong>mit Farbstoff<\/strong><\/span><\/span><\/p>\n<p>Importeur:<br \/>\nSchlumberger Vertriebsgesellschaft mbH &amp; CO KG<br \/>\nBuschstra\u00dfe 20, 53340 Meckenheim<br \/>\nTelefon:02225 9250<\/p>\n","protected":false},"featured_media":30892,"comment_status":"closed","ping_status":"closed","template":"","meta":{"_acf_changed":false},"product_brand":[],"product_cat":[1563,1571],"product_tag":[280],"class_list":{"0":"post-6175","1":"product","2":"type-product","3":"status-publish","4":"has-post-thumbnail","6":"product_cat-gin-rum-weitere-spirituosen-likoere","7":"product_cat-kraeuterlikoere","8":"product_tag-kraeuterlikoer-likoer-bitter-amaro-digestif-rolf-kaspar-essen-italien-italienisch","10":"first","11":"instock","12":"taxable","13":"shipping-taxable","14":"purchasable","15":"product-type-simple"},"acf":[],"_links":{"self":[{"href":"https:\/\/www.kaspar-spirituosen.de\/shop\/wp-json\/wp\/v2\/product\/6175","targetHints":{"allow":["GET"]}}],"collection":[{"href":"https:\/\/www.kaspar-spirituosen.de\/shop\/wp-json\/wp\/v2\/product"}],"about":[{"href":"https:\/\/www.kaspar-spirituosen.de\/shop\/wp-json\/wp\/v2\/types\/product"}],"replies":[{"embeddable":true,"href":"https:\/\/www.kaspar-spirituosen.de\/shop\/wp-json\/wp\/v2\/comments?post=6175"}],"wp:featuredmedia":[{"embeddable":true,"href":"https:\/\/www.kaspar-spirituosen.de\/shop\/wp-json\/wp\/v2\/media\/30892"}],"wp:attachment":[{"href":"https:\/\/www.kaspar-spirituosen.de\/shop\/wp-json\/wp\/v2\/media?parent=6175"}],"wp:term":[{"taxonomy":"product_brand","embeddable":true,"href":"https:\/\/www.kaspar-spirituosen.de\/shop\/wp-json\/wp\/v2\/product_brand?post=6175"},{"taxonomy":"product_cat","embeddable":true,"href":"https:\/\/www.kaspar-spirituosen.de\/shop\/wp-json\/wp\/v2\/product_cat?post=6175"},{"taxonomy":"product_tag","embeddable":true,"href":"https:\/\/www.kaspar-spirituosen.de\/shop\/wp-json\/wp\/v2\/product_tag?post=6175"}],"curies":[{"name":"wp","href":"https:\/\/api.w.org\/{rel}","templated":true}]}}