{"id":6177,"date":"2025-05-05T16:43:54","date_gmt":"2025-05-05T14:43:54","guid":{"rendered":"https:\/\/www.kaspar-spirituosen.de\/shop\/produkt\/killepitsch-premium-kraeuterlikoer-10-lt\/"},"modified":"2025-10-24T16:25:44","modified_gmt":"2025-10-24T14:25:44","slug":"killepitsch-premium-kraeuterlikoer-10-lt","status":"publish","type":"product","link":"https:\/\/www.kaspar-spirituosen.de\/shop\/produkt\/killepitsch-premium-kraeuterlikoer-10-lt\/","title":{"rendered":"Killepitsch Premium Kr\u00e4uterlik\u00f6r 1,0 lt."},"content":{"rendered":"","protected":false},"excerpt":{"rendered":"<p><strong>\u00d6n \u00e4schte D\u00fcsseldorfer Spezijalit\u00e4t!<\/strong><\/p>\n<p>Dieser Lik\u00f6r wird auschlie\u00dflich aus nat\u00fcrlichen Rohstoffen hergestellt. Ausz\u00fcge ausmehr als neunzig Kr\u00e4utern und Fr\u00fcchten reifen in alten Tongef\u00e4\u00dfen und geben dem Killepitsch sein feinherbes Aroma!<\/p>\n<p><em>weitere Gr\u00f6\u00dfen auf Anfrage<\/em><\/p>\n<p>Alkoholgehalt 42 %.<\/p>\n<p>Peter Busch GmbH &amp; Co. KG<br \/>\nHolzstra\u00dfe 4, 40221 D\u00fcsseldorf<br \/>\nTelefon:0211 864440<\/p>\n","protected":false},"featured_media":30893,"comment_status":"closed","ping_status":"closed","template":"","meta":{"_acf_changed":false},"product_brand":[],"product_cat":[1563,1571],"product_tag":[282],"class_list":{"0":"post-6177","1":"product","2":"type-product","3":"status-publish","4":"has-post-thumbnail","6":"product_cat-gin-rum-weitere-spirituosen-likoere","7":"product_cat-kraeuterlikoere","8":"product_tag-killepitsch-peter-busch-duesseldorf-premium-1858-kraeuterlikoer-likoer-bitter-digestif-rolf-kaspar-essen-nrw-qualitaet-legendaer-shop-schnapsbrenner-brenner-schnaps","10":"first","11":"instock","12":"taxable","13":"shipping-taxable","14":"purchasable","15":"product-type-simple"},"acf":[],"_links":{"self":[{"href":"https:\/\/www.kaspar-spirituosen.de\/shop\/wp-json\/wp\/v2\/product\/6177","targetHints":{"allow":["GET"]}}],"collection":[{"href":"https:\/\/www.kaspar-spirituosen.de\/shop\/wp-json\/wp\/v2\/product"}],"about":[{"href":"https:\/\/www.kaspar-spirituosen.de\/shop\/wp-json\/wp\/v2\/types\/product"}],"replies":[{"embeddable":true,"href":"https:\/\/www.kaspar-spirituosen.de\/shop\/wp-json\/wp\/v2\/comments?post=6177"}],"wp:featuredmedia":[{"embeddable":true,"href":"https:\/\/www.kaspar-spirituosen.de\/shop\/wp-json\/wp\/v2\/media\/30893"}],"wp:attachment":[{"href":"https:\/\/www.kaspar-spirituosen.de\/shop\/wp-json\/wp\/v2\/media?parent=6177"}],"wp:term":[{"taxonomy":"product_brand","embeddable":true,"href":"https:\/\/www.kaspar-spirituosen.de\/shop\/wp-json\/wp\/v2\/product_brand?post=6177"},{"taxonomy":"product_cat","embeddable":true,"href":"https:\/\/www.kaspar-spirituosen.de\/shop\/wp-json\/wp\/v2\/product_cat?post=6177"},{"taxonomy":"product_tag","embeddable":true,"href":"https:\/\/www.kaspar-spirituosen.de\/shop\/wp-json\/wp\/v2\/product_tag?post=6177"}],"curies":[{"name":"wp","href":"https:\/\/api.w.org\/{rel}","templated":true}]}}