{"id":6188,"date":"2025-05-05T16:43:54","date_gmt":"2025-05-05T14:43:54","guid":{"rendered":"https:\/\/www.kaspar-spirituosen.de\/shop\/produkt\/bachmann-feiner-likoer-07-lt-36-alkoholgehalt\/"},"modified":"2025-10-24T16:25:47","modified_gmt":"2025-10-24T14:25:47","slug":"bachmann-feiner-likoer-07-lt-36-alkoholgehalt","status":"publish","type":"product","link":"https:\/\/www.kaspar-spirituosen.de\/shop\/produkt\/bachmann-feiner-likoer-07-lt-36-alkoholgehalt\/","title":{"rendered":"Bachmann Feiner Lik\u00f6r 0,7 lt., 36 % Alkoholgehalt"},"content":{"rendered":"","protected":false},"excerpt":{"rendered":"<p>Bachmann entstammt der 1884 gegr\u00fcndeten Dortmunder Lik\u00f6rfabrik der Familie Hageb\u00f6ck.<br \/>\nNoch heute wird der 36%ige Kr\u00e4uterlik\u00f6r nach der urspr\u00fcnglichen Familienrezeptur hergestellt.<br \/>\nEine Vielzahl von Kr\u00e4utern, edler Jamaika-Rhum und eine leichte Kaffeenote geben ihm seinen unverwechselbaren, aromatisch-vollen Geschmack.<br \/>\nEr ist eher s\u00fc\u00df und schmackhaft als herbbitter und unterscheidet sich dadurch von typischen Kr\u00e4uterlik\u00f6ren. Sein Geschmack hat Bachmann inzwischen nicht nur in Dortmund zur legend\u00e4ren Spezialit\u00e4t gemacht.<br \/>\nZumeist als Geheimtipp unter Freunden empfohlen, hat er eine auffallend hohe spontane Geschmacks-Akzeptanz und ist eine Genuss-Spirituose f\u00fcr jede Situation.<\/p>\n<p>Hageb\u00f6ck GmbH<br \/>\nKampstra\u00dfe 4, 44137 DortmundTelefon:0231 528978<\/p>\n","protected":false},"featured_media":30898,"comment_status":"closed","ping_status":"closed","template":"","meta":{"_acf_changed":false},"product_brand":[],"product_cat":[1563,1571],"product_tag":[288],"class_list":{"0":"post-6188","1":"product","2":"type-product","3":"status-publish","4":"has-post-thumbnail","6":"product_cat-gin-rum-weitere-spirituosen-likoere","7":"product_cat-kraeuterlikoere","8":"product_tag-bachmann-dortmund-kraeuterlikoer-likoer-bitter-digestif-rolf-kaspar-essen-nrw-legendaer","10":"first","11":"outofstock","12":"taxable","13":"shipping-taxable","14":"purchasable","15":"product-type-simple"},"acf":[],"_links":{"self":[{"href":"https:\/\/www.kaspar-spirituosen.de\/shop\/wp-json\/wp\/v2\/product\/6188","targetHints":{"allow":["GET"]}}],"collection":[{"href":"https:\/\/www.kaspar-spirituosen.de\/shop\/wp-json\/wp\/v2\/product"}],"about":[{"href":"https:\/\/www.kaspar-spirituosen.de\/shop\/wp-json\/wp\/v2\/types\/product"}],"replies":[{"embeddable":true,"href":"https:\/\/www.kaspar-spirituosen.de\/shop\/wp-json\/wp\/v2\/comments?post=6188"}],"wp:featuredmedia":[{"embeddable":true,"href":"https:\/\/www.kaspar-spirituosen.de\/shop\/wp-json\/wp\/v2\/media\/30898"}],"wp:attachment":[{"href":"https:\/\/www.kaspar-spirituosen.de\/shop\/wp-json\/wp\/v2\/media?parent=6188"}],"wp:term":[{"taxonomy":"product_brand","embeddable":true,"href":"https:\/\/www.kaspar-spirituosen.de\/shop\/wp-json\/wp\/v2\/product_brand?post=6188"},{"taxonomy":"product_cat","embeddable":true,"href":"https:\/\/www.kaspar-spirituosen.de\/shop\/wp-json\/wp\/v2\/product_cat?post=6188"},{"taxonomy":"product_tag","embeddable":true,"href":"https:\/\/www.kaspar-spirituosen.de\/shop\/wp-json\/wp\/v2\/product_tag?post=6188"}],"curies":[{"name":"wp","href":"https:\/\/api.w.org\/{rel}","templated":true}]}}