{"id":6193,"date":"2025-05-05T16:43:54","date_gmt":"2025-05-05T14:43:54","guid":{"rendered":"https:\/\/www.kaspar-spirituosen.de\/shop\/produkt\/hierbas-ibicencas-10-lt\/"},"modified":"2025-10-24T16:25:48","modified_gmt":"2025-10-24T14:25:48","slug":"hierbas-ibicencas-10-lt","status":"publish","type":"product","link":"https:\/\/www.kaspar-spirituosen.de\/shop\/produkt\/hierbas-ibicencas-10-lt\/","title":{"rendered":"Hierbas Ibicencas 1,0 lt."},"content":{"rendered":"","protected":false},"excerpt":{"rendered":"<p>Der Lik\u00f6r basiert auf Alkohol, gew\u00fcrzt mit Anis, Thymian, Rosmarin, Zitronen- und Orangenschale und vielen weiteren Zutaten. Es ist \u00fcber 100 Jahre her, dass die Familie Mar\u00ed Mayans anfing, Rezepte zu sammeln und die Wirkung verschiedener Kr\u00e4uter zu studieren, um schlie\u00dflich ein Produkt zu entwickeln, welches zum Markennamen wurde: &#8218;Hierbas Ibicencas&#8216;. Hierbas hat einen Alkoholanteil von 30% vol.<\/p>\n<p>Abb. \u00e4hnlich<\/p>\n<p>Familia Mari Mayans<br \/>\nCarrer des Mayans n\u00ba 44 NAVE 1<br \/>\nPoligono de Montecristo<br \/>\nSan Antonio, Ibiza, Illes Balears<\/p>\n","protected":false},"featured_media":30900,"comment_status":"closed","ping_status":"closed","template":"","meta":{"_acf_changed":false},"product_brand":[],"product_cat":[1563,1571],"product_tag":[294],"class_list":{"0":"post-6193","1":"product","2":"type-product","3":"status-publish","4":"has-post-thumbnail","6":"product_cat-gin-rum-weitere-spirituosen-likoere","7":"product_cat-kraeuterlikoere","8":"product_tag-hierbas-ibicencas-ibiza-spanien-kraeuterlikoer-likoer-bitter-digestif-rolf-kaspar-essen","10":"first","11":"instock","12":"taxable","13":"shipping-taxable","14":"purchasable","15":"product-type-simple"},"acf":[],"_links":{"self":[{"href":"https:\/\/www.kaspar-spirituosen.de\/shop\/wp-json\/wp\/v2\/product\/6193","targetHints":{"allow":["GET"]}}],"collection":[{"href":"https:\/\/www.kaspar-spirituosen.de\/shop\/wp-json\/wp\/v2\/product"}],"about":[{"href":"https:\/\/www.kaspar-spirituosen.de\/shop\/wp-json\/wp\/v2\/types\/product"}],"replies":[{"embeddable":true,"href":"https:\/\/www.kaspar-spirituosen.de\/shop\/wp-json\/wp\/v2\/comments?post=6193"}],"wp:featuredmedia":[{"embeddable":true,"href":"https:\/\/www.kaspar-spirituosen.de\/shop\/wp-json\/wp\/v2\/media\/30900"}],"wp:attachment":[{"href":"https:\/\/www.kaspar-spirituosen.de\/shop\/wp-json\/wp\/v2\/media?parent=6193"}],"wp:term":[{"taxonomy":"product_brand","embeddable":true,"href":"https:\/\/www.kaspar-spirituosen.de\/shop\/wp-json\/wp\/v2\/product_brand?post=6193"},{"taxonomy":"product_cat","embeddable":true,"href":"https:\/\/www.kaspar-spirituosen.de\/shop\/wp-json\/wp\/v2\/product_cat?post=6193"},{"taxonomy":"product_tag","embeddable":true,"href":"https:\/\/www.kaspar-spirituosen.de\/shop\/wp-json\/wp\/v2\/product_tag?post=6193"}],"curies":[{"name":"wp","href":"https:\/\/api.w.org\/{rel}","templated":true}]}}