{"id":6195,"date":"2025-05-05T16:43:54","date_gmt":"2025-05-05T14:43:54","guid":{"rendered":"https:\/\/www.kaspar-spirituosen.de\/shop\/produkt\/frankenbitter-kraeuterlikoer-035-lt\/"},"modified":"2025-10-24T16:25:49","modified_gmt":"2025-10-24T14:25:49","slug":"frankenbitter-kraeuterlikoer-035-lt","status":"publish","type":"product","link":"https:\/\/www.kaspar-spirituosen.de\/shop\/produkt\/frankenbitter-kraeuterlikoer-035-lt\/","title":{"rendered":"Frankenbitter Kr\u00e4uterlik\u00f6r 0,35 lt."},"content":{"rendered":"","protected":false},"excerpt":{"rendered":"<p>39 aromatische Kr\u00e4uter und Wurzeln werden mit hochwertigem Alkohol mazeriert. Das verleiht diesem Kr\u00e4uterlik\u00f6r einen unverwechselbaren Geschmack.<\/p>\n<p>32 % Alkohol<\/p>\n<p>Lik\u00f6rfabrikation<br \/>\nLeonhard Herbst<br \/>\nErzleite 13<br \/>\nD- 91320 Ebermannstadt<br \/>\nTel.: 09194-796696<br \/>\nE-Mail: frankenbitter@yahoo.de<\/p>\n<p>&nbsp;<\/p>\n","protected":false},"featured_media":30901,"comment_status":"closed","ping_status":"closed","template":"","meta":{"_acf_changed":false},"product_brand":[],"product_cat":[1563,1571],"product_tag":[296],"class_list":{"0":"post-6195","1":"product","2":"type-product","3":"status-publish","4":"has-post-thumbnail","6":"product_cat-gin-rum-weitere-spirituosen-likoere","7":"product_cat-kraeuterlikoere","8":"product_tag-franken-fraenkisch-kraeuterlikoer-likoer-bitter-digestif-rolf-kaspar-essen-nrw","10":"first","11":"instock","12":"taxable","13":"shipping-taxable","14":"purchasable","15":"product-type-simple"},"acf":[],"_links":{"self":[{"href":"https:\/\/www.kaspar-spirituosen.de\/shop\/wp-json\/wp\/v2\/product\/6195","targetHints":{"allow":["GET"]}}],"collection":[{"href":"https:\/\/www.kaspar-spirituosen.de\/shop\/wp-json\/wp\/v2\/product"}],"about":[{"href":"https:\/\/www.kaspar-spirituosen.de\/shop\/wp-json\/wp\/v2\/types\/product"}],"replies":[{"embeddable":true,"href":"https:\/\/www.kaspar-spirituosen.de\/shop\/wp-json\/wp\/v2\/comments?post=6195"}],"wp:featuredmedia":[{"embeddable":true,"href":"https:\/\/www.kaspar-spirituosen.de\/shop\/wp-json\/wp\/v2\/media\/30901"}],"wp:attachment":[{"href":"https:\/\/www.kaspar-spirituosen.de\/shop\/wp-json\/wp\/v2\/media?parent=6195"}],"wp:term":[{"taxonomy":"product_brand","embeddable":true,"href":"https:\/\/www.kaspar-spirituosen.de\/shop\/wp-json\/wp\/v2\/product_brand?post=6195"},{"taxonomy":"product_cat","embeddable":true,"href":"https:\/\/www.kaspar-spirituosen.de\/shop\/wp-json\/wp\/v2\/product_cat?post=6195"},{"taxonomy":"product_tag","embeddable":true,"href":"https:\/\/www.kaspar-spirituosen.de\/shop\/wp-json\/wp\/v2\/product_tag?post=6195"}],"curies":[{"name":"wp","href":"https:\/\/api.w.org\/{rel}","templated":true}]}}