{"id":6197,"date":"2025-05-05T16:43:54","date_gmt":"2025-05-05T14:43:54","guid":{"rendered":"https:\/\/www.kaspar-spirituosen.de\/shop\/produkt\/tunel-de-mallorca-secas-07-lt\/"},"modified":"2025-10-24T16:25:49","modified_gmt":"2025-10-24T14:25:49","slug":"tunel-de-mallorca-secas-07-lt","status":"publish","type":"product","link":"https:\/\/www.kaspar-spirituosen.de\/shop\/produkt\/tunel-de-mallorca-secas-07-lt\/","title":{"rendered":"Tun\u00e9l de Mallorca secas 0,7 lt."},"content":{"rendered":"","protected":false},"excerpt":{"rendered":"<p>Der T\u00fanel de Mallorca ist ein mallorquinischer Kr\u00e4uter-Anis-Lik\u00f6r, der in den Geschmacksrichtungen dulces (lieblich), mezcladas (halbtrocken) und secas (trocken) hergestellt wird. In jede Flasche wird zur Verfeinerung des Aromas ein Anis\u00e4stchen eingelegt.<\/p>\n<p>Lange Zeit galt der T\u00fanel als &#8222;Nationalgetr\u00e4nk&#8220; Mallorcas, bis die Nordeurop\u00e4er die Insel als Ferienparadies entdeckten und das Bier dorthin brachten&#8230;<\/p>\n<p><strong><span style=\"font-size: 10px;\"><span style=\"color: #cc0000;\">mit Farbstoff<\/span><\/span><\/strong><\/p>\n<p>Alkoholgehalt: 40% vol.<\/p>\n<p>Bodegas T\u00fanel S.A.<br \/>\nAv. Pr\u00edncipes de Espa\u00f1a, 3<br \/>\n07141 Marratx\u00ed \u00b7 Mallorca \u00b7 Spanien<br \/>\nTel. +34 971 604 460<br \/>\nweb@tunel.com<\/p>\n","protected":false},"featured_media":30902,"comment_status":"closed","ping_status":"closed","template":"","meta":{"_acf_changed":false},"product_brand":[],"product_cat":[1563,1571],"product_tag":[298],"class_list":{"0":"post-6197","1":"product","2":"type-product","3":"status-publish","4":"has-post-thumbnail","6":"product_cat-gin-rum-weitere-spirituosen-likoere","7":"product_cat-kraeuterlikoere","8":"product_tag-hierbas-herbes-mallorca-balearen-spanien-kraeuterlikoer-anis-likoer-bitter-rolf-kaspar-essen-nrw","10":"first","11":"instock","12":"taxable","13":"shipping-taxable","14":"purchasable","15":"product-type-simple"},"acf":[],"_links":{"self":[{"href":"https:\/\/www.kaspar-spirituosen.de\/shop\/wp-json\/wp\/v2\/product\/6197","targetHints":{"allow":["GET"]}}],"collection":[{"href":"https:\/\/www.kaspar-spirituosen.de\/shop\/wp-json\/wp\/v2\/product"}],"about":[{"href":"https:\/\/www.kaspar-spirituosen.de\/shop\/wp-json\/wp\/v2\/types\/product"}],"replies":[{"embeddable":true,"href":"https:\/\/www.kaspar-spirituosen.de\/shop\/wp-json\/wp\/v2\/comments?post=6197"}],"wp:featuredmedia":[{"embeddable":true,"href":"https:\/\/www.kaspar-spirituosen.de\/shop\/wp-json\/wp\/v2\/media\/30902"}],"wp:attachment":[{"href":"https:\/\/www.kaspar-spirituosen.de\/shop\/wp-json\/wp\/v2\/media?parent=6197"}],"wp:term":[{"taxonomy":"product_brand","embeddable":true,"href":"https:\/\/www.kaspar-spirituosen.de\/shop\/wp-json\/wp\/v2\/product_brand?post=6197"},{"taxonomy":"product_cat","embeddable":true,"href":"https:\/\/www.kaspar-spirituosen.de\/shop\/wp-json\/wp\/v2\/product_cat?post=6197"},{"taxonomy":"product_tag","embeddable":true,"href":"https:\/\/www.kaspar-spirituosen.de\/shop\/wp-json\/wp\/v2\/product_tag?post=6197"}],"curies":[{"name":"wp","href":"https:\/\/api.w.org\/{rel}","templated":true}]}}