{"id":6203,"date":"2025-05-05T16:44:06","date_gmt":"2025-05-05T14:44:06","guid":{"rendered":"https:\/\/www.kaspar-spirituosen.de\/shop\/produkt\/mari-mayans-palo-10-lt\/"},"modified":"2025-10-24T16:25:34","modified_gmt":"2025-10-24T14:25:34","slug":"mari-mayans-palo-10-lt","status":"publish","type":"product","link":"https:\/\/www.kaspar-spirituosen.de\/shop\/produkt\/mari-mayans-palo-10-lt\/","title":{"rendered":"Mari Mayans Palo 1,0 lt."},"content":{"rendered":"<p>Palo ist eine Spirituose, die prinzipiell durch die Extrahierung des Aromas der Chinarinde und des Enzian erhalten wird, unter Beimischung von karamelisiertem Zucker, der ihm seine charakteristische dunkle, \u00fcberzeugende T\u00f6nung verleiht. Palo ist der volkst\u00fcmliche Name f\u00fcr die Chinarinde in Spanien. Die Pflanze wurde um das Jahr 1632 von der Gr\u00e4fin von Chinch\u00f3n in Spanien eingef\u00fchrt.<\/p>\n<p>Alkoholgehalt 25% vol.<\/p>\n<p>Familia Mari Mayans<br \/>\nCarrer des Mayans n\u00ba 44 NAVE 1<br \/>\nPoligono de Montecristo<br \/>\nSan Antonio, Ibiza, Illes Balears<\/p>\n","protected":false},"excerpt":{"rendered":"<p>Palo ist eine Spirituose, die prinzipiell durch die Extrahierung des Aromas der Chinarinde und des Enzian erhalten wird, unter Beimischung von karamelisiertem Zucker, der ihm seine charakteristische dunkle, \u00fcberzeugende T\u00f6nung verleiht. Palo ist der volkst\u00fcmliche Name f\u00fcr die Chinarinde in Spanien. Die Pflanze wurde um das Jahr 1632 von der Gr\u00e4fin von Chinch\u00f3n in Spanien eingef\u00fchrt.<\/p>\n<p><span style=\"color: #cc0000;\"><span style=\"font-size: 10px;\"><strong>enth\u00e4lt Farbstoff<\/strong><\/span><\/span><\/p>\n<p>Alkoholgehalt 25% vol.<\/p>\n<p>Familia Mari Mayans<br \/>\nCarrer des Mayans n\u00ba 44 NAVE 1<br \/>\nPoligono de Montecristo<br \/>\nSan Antonio, Ibiza, Illes Balears<\/p>\n","protected":false},"featured_media":30905,"comment_status":"closed","ping_status":"closed","template":"","meta":{"_acf_changed":false},"product_brand":[],"product_cat":[1563,1571],"product_tag":[300],"class_list":{"0":"post-6203","1":"product","2":"type-product","3":"status-publish","4":"has-post-thumbnail","6":"product_cat-gin-rum-weitere-spirituosen-likoere","7":"product_cat-kraeuterlikoere","8":"product_tag-palo-mari-mayans-licor-likoer-balearen-ibiza-spanien-spanisch-mallorca-spanien-kraeuterlikoer-likoer-bitter-digestif-rolf-kaspar-essen","10":"first","11":"instock","12":"taxable","13":"shipping-taxable","14":"purchasable","15":"product-type-simple"},"acf":[],"_links":{"self":[{"href":"https:\/\/www.kaspar-spirituosen.de\/shop\/wp-json\/wp\/v2\/product\/6203","targetHints":{"allow":["GET"]}}],"collection":[{"href":"https:\/\/www.kaspar-spirituosen.de\/shop\/wp-json\/wp\/v2\/product"}],"about":[{"href":"https:\/\/www.kaspar-spirituosen.de\/shop\/wp-json\/wp\/v2\/types\/product"}],"replies":[{"embeddable":true,"href":"https:\/\/www.kaspar-spirituosen.de\/shop\/wp-json\/wp\/v2\/comments?post=6203"}],"wp:featuredmedia":[{"embeddable":true,"href":"https:\/\/www.kaspar-spirituosen.de\/shop\/wp-json\/wp\/v2\/media\/30905"}],"wp:attachment":[{"href":"https:\/\/www.kaspar-spirituosen.de\/shop\/wp-json\/wp\/v2\/media?parent=6203"}],"wp:term":[{"taxonomy":"product_brand","embeddable":true,"href":"https:\/\/www.kaspar-spirituosen.de\/shop\/wp-json\/wp\/v2\/product_brand?post=6203"},{"taxonomy":"product_cat","embeddable":true,"href":"https:\/\/www.kaspar-spirituosen.de\/shop\/wp-json\/wp\/v2\/product_cat?post=6203"},{"taxonomy":"product_tag","embeddable":true,"href":"https:\/\/www.kaspar-spirituosen.de\/shop\/wp-json\/wp\/v2\/product_tag?post=6203"}],"curies":[{"name":"wp","href":"https:\/\/api.w.org\/{rel}","templated":true}]}}