{"id":6207,"date":"2025-05-05T16:44:06","date_gmt":"2025-05-05T14:44:06","guid":{"rendered":"https:\/\/www.kaspar-spirituosen.de\/shop\/produkt\/chartreuse-gelb-07-lt\/"},"modified":"2026-01-31T13:31:25","modified_gmt":"2026-01-31T12:31:25","slug":"chartreuse-gelb-07-lt","status":"publish","type":"product","link":"https:\/\/www.kaspar-spirituosen.de\/shop\/produkt\/chartreuse-gelb-07-lt\/","title":{"rendered":"Chartreuse Gelb 0,7 lt."},"content":{"rendered":"","protected":false},"excerpt":{"rendered":"<p>Etwas milder und s\u00fc\u00dfer als sein &#8222;gr\u00fcner&#8220; Bruder, aber genauso ohne Farbstoff!<\/p>\n<p>Alkoholgehalt: 43% vol.<\/p>\n<p>Importeur<br \/>\nBORCO-MARKEN-IMPORT MATTHIESEN GMBH &amp; CO. KG<br \/>\nWinsbergring 12-22<br \/>\n22525 Hamburg<br \/>\nTel.: 040-85 31 6-0<br \/>\ne-mail: infoline@borco.com<\/p>\n","protected":false},"featured_media":30907,"comment_status":"closed","ping_status":"closed","template":"","meta":{"_acf_changed":false},"product_brand":[],"product_cat":[1563,1571],"product_tag":[304],"class_list":{"0":"post-6207","1":"product","2":"type-product","3":"status-publish","4":"has-post-thumbnail","6":"product_cat-gin-rum-weitere-spirituosen-likoere","7":"product_cat-kraeuterlikoere","8":"product_tag-frankreich-kloster-abtei-chartreuse-moench-kraeuterlikoer-likoer-bitter-digestif-rolf-kaspar-essen-franzoesisch","10":"first","11":"instock","12":"taxable","13":"shipping-taxable","14":"purchasable","15":"product-type-simple"},"acf":[],"_links":{"self":[{"href":"https:\/\/www.kaspar-spirituosen.de\/shop\/wp-json\/wp\/v2\/product\/6207","targetHints":{"allow":["GET"]}}],"collection":[{"href":"https:\/\/www.kaspar-spirituosen.de\/shop\/wp-json\/wp\/v2\/product"}],"about":[{"href":"https:\/\/www.kaspar-spirituosen.de\/shop\/wp-json\/wp\/v2\/types\/product"}],"replies":[{"embeddable":true,"href":"https:\/\/www.kaspar-spirituosen.de\/shop\/wp-json\/wp\/v2\/comments?post=6207"}],"wp:featuredmedia":[{"embeddable":true,"href":"https:\/\/www.kaspar-spirituosen.de\/shop\/wp-json\/wp\/v2\/media\/30907"}],"wp:attachment":[{"href":"https:\/\/www.kaspar-spirituosen.de\/shop\/wp-json\/wp\/v2\/media?parent=6207"}],"wp:term":[{"taxonomy":"product_brand","embeddable":true,"href":"https:\/\/www.kaspar-spirituosen.de\/shop\/wp-json\/wp\/v2\/product_brand?post=6207"},{"taxonomy":"product_cat","embeddable":true,"href":"https:\/\/www.kaspar-spirituosen.de\/shop\/wp-json\/wp\/v2\/product_cat?post=6207"},{"taxonomy":"product_tag","embeddable":true,"href":"https:\/\/www.kaspar-spirituosen.de\/shop\/wp-json\/wp\/v2\/product_tag?post=6207"}],"curies":[{"name":"wp","href":"https:\/\/api.w.org\/{rel}","templated":true}]}}