{"id":6209,"date":"2025-05-05T16:44:06","date_gmt":"2025-05-05T14:44:06","guid":{"rendered":"https:\/\/www.kaspar-spirituosen.de\/shop\/produkt\/bols-blue-liqueur-07-lt\/"},"modified":"2025-12-25T13:07:20","modified_gmt":"2025-12-25T12:07:20","slug":"bols-blue-liqueur-07-lt","status":"publish","type":"product","link":"https:\/\/www.kaspar-spirituosen.de\/shop\/produkt\/bols-blue-liqueur-07-lt\/","title":{"rendered":"Bols Blue Liqueur 0,7 lt."},"content":{"rendered":"","protected":false},"excerpt":{"rendered":"<p>Bols Blue ist die wohl erfolgreichste Mix-Spirituose im Bols-Sortiment. Geschmack, Farbe und Verwendungsvielfalt machen ihn zum absoluten Allrounder in der Welt der Cocktails. Als unverzichtbarer Bestandteil verleiht er vielen Cocktails und Longdrinks den richtigen Hauch von Exotik. Seinen fein-herben Geschmack erh\u00e4lt er aus Schalen der unter s\u00fcdlicher Sonne gereiften Cura\u00e7ao-Orangen, deren Aromabestandteile bei der Destillation in das Destillat \u00fcbergehen.<\/p>\n<p>Bols Blue ist eine ideale Zutat f\u00fcr alle Cocktails; er verleiht ihnen einen leicht geheimnisvollen und charakteristischen Geschmack. Auch pur oder &#8222;on the rocks&#8220; ein Genuss.<\/p>\n<p>Alkoholgehalt 21 %.<\/p>\n<p><span style=\"color: #cc0000;\"><strong><span style=\"font-size: 10px;\">mit Farbstoff<\/span><\/strong><\/span><\/p>\n<p>Importeur:<br \/>\nBeam Deutschland GmbH<br \/>\nUnterschweinstiege 2-14<br \/>\n60549 Frankfurt am Main<br \/>\nTel.: 069 &#8211; 430 530 0<br \/>\ninfo.de@beamsuntory.coml<\/p>\n","protected":false},"featured_media":30908,"comment_status":"closed","ping_status":"closed","template":"","meta":{"_acf_changed":false},"product_brand":[],"product_cat":[1563,1567,1569],"product_tag":[305],"class_list":{"0":"post-6209","1":"product","2":"type-product","3":"status-publish","4":"has-post-thumbnail","6":"product_cat-gin-rum-weitere-spirituosen-likoere","7":"product_cat-likoere","8":"product_cat-markenlikoere","9":"product_tag-mandarine-orange-blau-likoer-liqueur-bols-holland-longdrink-zutat-cocktail-bar-mix-mixen-rolf-kaspar-essen-nrw","11":"first","12":"instock","13":"taxable","14":"shipping-taxable","15":"purchasable","16":"product-type-simple"},"acf":[],"_links":{"self":[{"href":"https:\/\/www.kaspar-spirituosen.de\/shop\/wp-json\/wp\/v2\/product\/6209","targetHints":{"allow":["GET"]}}],"collection":[{"href":"https:\/\/www.kaspar-spirituosen.de\/shop\/wp-json\/wp\/v2\/product"}],"about":[{"href":"https:\/\/www.kaspar-spirituosen.de\/shop\/wp-json\/wp\/v2\/types\/product"}],"replies":[{"embeddable":true,"href":"https:\/\/www.kaspar-spirituosen.de\/shop\/wp-json\/wp\/v2\/comments?post=6209"}],"wp:featuredmedia":[{"embeddable":true,"href":"https:\/\/www.kaspar-spirituosen.de\/shop\/wp-json\/wp\/v2\/media\/30908"}],"wp:attachment":[{"href":"https:\/\/www.kaspar-spirituosen.de\/shop\/wp-json\/wp\/v2\/media?parent=6209"}],"wp:term":[{"taxonomy":"product_brand","embeddable":true,"href":"https:\/\/www.kaspar-spirituosen.de\/shop\/wp-json\/wp\/v2\/product_brand?post=6209"},{"taxonomy":"product_cat","embeddable":true,"href":"https:\/\/www.kaspar-spirituosen.de\/shop\/wp-json\/wp\/v2\/product_cat?post=6209"},{"taxonomy":"product_tag","embeddable":true,"href":"https:\/\/www.kaspar-spirituosen.de\/shop\/wp-json\/wp\/v2\/product_tag?post=6209"}],"curies":[{"name":"wp","href":"https:\/\/api.w.org\/{rel}","templated":true}]}}