{"id":6211,"date":"2025-05-05T16:44:06","date_gmt":"2025-05-05T14:44:06","guid":{"rendered":"https:\/\/www.kaspar-spirituosen.de\/shop\/produkt\/bols-apricot-brandy-liqueur-07-lt\/"},"modified":"2025-10-24T16:25:36","modified_gmt":"2025-10-24T14:25:36","slug":"bols-apricot-brandy-liqueur-07-lt","status":"publish","type":"product","link":"https:\/\/www.kaspar-spirituosen.de\/shop\/produkt\/bols-apricot-brandy-liqueur-07-lt\/","title":{"rendered":"Bols Apricot Brandy Liqueur 0,7 lt."},"content":{"rendered":"","protected":false},"excerpt":{"rendered":"<p>Apricot Brandy geh\u00f6rt zu den ausgesprochenen Liqueurklassikern. Man kann ihn nicht nur pur genie\u00dfen, sondern auch hervorragend als Basis f\u00fcr Longdrinks und Cocktails verwenden. Bols Apricot Brandy ist ein \u00fcber Kern und Frucht destillierter Liqueur, der aus Aprikosen hergestellt und mit altem Weinbrand und Aprikosengeist verfeinert wird. Das Hinzuf\u00fcgen von Mandeln macht Apricot Brandy unverwechselbar: Charakteristischer Aprikosengeschmack mit einem Hauch von Mandeln, leicht und rein.<\/p>\n<p><strong><span style=\"font-size: 10px;\"><span style=\"color: #cc0000;\">mit Farbstoff<\/span><\/span><\/strong><\/p>\n<p>Alkoholgehalt 24 %.<\/p>\n<p>Importeur:<br \/>\nBeam Deutschland GmbH<br \/>\nUnterschweinstiege 2-14<br \/>\n60549 Frankfurt am Main<br \/>\nTel.: 069 &#8211; 430 530 0<br \/>\ninfo.de@beamsuntory.com<\/p>\n<p>&nbsp;<\/p>\n","protected":false},"featured_media":30909,"comment_status":"closed","ping_status":"closed","template":"","meta":{"_acf_changed":false},"product_brand":[],"product_cat":[1563,1567,1569],"product_tag":[307],"class_list":{"0":"post-6211","1":"product","2":"type-product","3":"status-publish","4":"has-post-thumbnail","6":"product_cat-gin-rum-weitere-spirituosen-likoere","7":"product_cat-likoere","8":"product_cat-markenlikoere","9":"product_tag-aprikose-likoer-liqueur-bols-holland-longdrink-zutat-cocktail-bar-mix-mixen-rolf-kaspar-essen-nrw","11":"first","12":"outofstock","13":"taxable","14":"shipping-taxable","15":"purchasable","16":"product-type-simple"},"acf":[],"_links":{"self":[{"href":"https:\/\/www.kaspar-spirituosen.de\/shop\/wp-json\/wp\/v2\/product\/6211","targetHints":{"allow":["GET"]}}],"collection":[{"href":"https:\/\/www.kaspar-spirituosen.de\/shop\/wp-json\/wp\/v2\/product"}],"about":[{"href":"https:\/\/www.kaspar-spirituosen.de\/shop\/wp-json\/wp\/v2\/types\/product"}],"replies":[{"embeddable":true,"href":"https:\/\/www.kaspar-spirituosen.de\/shop\/wp-json\/wp\/v2\/comments?post=6211"}],"wp:featuredmedia":[{"embeddable":true,"href":"https:\/\/www.kaspar-spirituosen.de\/shop\/wp-json\/wp\/v2\/media\/30909"}],"wp:attachment":[{"href":"https:\/\/www.kaspar-spirituosen.de\/shop\/wp-json\/wp\/v2\/media?parent=6211"}],"wp:term":[{"taxonomy":"product_brand","embeddable":true,"href":"https:\/\/www.kaspar-spirituosen.de\/shop\/wp-json\/wp\/v2\/product_brand?post=6211"},{"taxonomy":"product_cat","embeddable":true,"href":"https:\/\/www.kaspar-spirituosen.de\/shop\/wp-json\/wp\/v2\/product_cat?post=6211"},{"taxonomy":"product_tag","embeddable":true,"href":"https:\/\/www.kaspar-spirituosen.de\/shop\/wp-json\/wp\/v2\/product_tag?post=6211"}],"curies":[{"name":"wp","href":"https:\/\/api.w.org\/{rel}","templated":true}]}}