{"id":6219,"date":"2025-05-05T16:44:06","date_gmt":"2025-05-05T14:44:06","guid":{"rendered":"https:\/\/www.kaspar-spirituosen.de\/shop\/produkt\/crown-royal-canadian-whisky-07-lt\/"},"modified":"2025-10-24T16:25:38","modified_gmt":"2025-10-24T14:25:38","slug":"crown-royal-canadian-whisky-07-lt","status":"publish","type":"product","link":"https:\/\/www.kaspar-spirituosen.de\/shop\/produkt\/crown-royal-canadian-whisky-07-lt\/","title":{"rendered":"Crown Royal Canadian Whisky 0,7 lt."},"content":{"rendered":"","protected":false},"excerpt":{"rendered":"<p>Weltweit f\u00fchrender Whisky aus Canada, perfekt ausbalanciert und kreiert aus bis zu 100 Whiskys der Spitzenklasse im Alter zwischen 10 und 30 Jahren, teilweise sogar noch \u00e4lter. Bekannt f\u00fcr seinen leicht s\u00fc\u00dflichen, weichen Geschmack mit einem runden und angenehm milden Aroma.<\/p>\n<p>Alkoholgehalt 40 %.<\/p>\n<p><strong><span style=\"font-size: 10px;\"><span style=\"color: #cc0000;\">mit Farbstoff<\/span><\/span><\/strong><\/p>\n<p>Diageo Germany GmbH<br \/>\nReeperbahn 1<br \/>\n20359 Hamburg<br \/>\nTel: + 49 (0) 40 \u2013 23 64 86 0<\/p>\n","protected":false},"featured_media":30913,"comment_status":"closed","ping_status":"closed","template":"","meta":{"_acf_changed":false},"product_brand":[],"product_cat":[1549,1561],"product_tag":[312],"class_list":{"0":"post-6219","1":"product","2":"type-product","3":"status-publish","4":"has-post-thumbnail","6":"product_cat-whisky","7":"product_cat-kanadischer-whiskey","8":"product_tag-kanada-kanadischer-whisky-crown-royal-rolf-kaspar-essen-nrw-fachhandel","10":"first","11":"outofstock","12":"taxable","13":"shipping-taxable","14":"purchasable","15":"product-type-simple"},"acf":[],"_links":{"self":[{"href":"https:\/\/www.kaspar-spirituosen.de\/shop\/wp-json\/wp\/v2\/product\/6219","targetHints":{"allow":["GET"]}}],"collection":[{"href":"https:\/\/www.kaspar-spirituosen.de\/shop\/wp-json\/wp\/v2\/product"}],"about":[{"href":"https:\/\/www.kaspar-spirituosen.de\/shop\/wp-json\/wp\/v2\/types\/product"}],"replies":[{"embeddable":true,"href":"https:\/\/www.kaspar-spirituosen.de\/shop\/wp-json\/wp\/v2\/comments?post=6219"}],"wp:featuredmedia":[{"embeddable":true,"href":"https:\/\/www.kaspar-spirituosen.de\/shop\/wp-json\/wp\/v2\/media\/30913"}],"wp:attachment":[{"href":"https:\/\/www.kaspar-spirituosen.de\/shop\/wp-json\/wp\/v2\/media?parent=6219"}],"wp:term":[{"taxonomy":"product_brand","embeddable":true,"href":"https:\/\/www.kaspar-spirituosen.de\/shop\/wp-json\/wp\/v2\/product_brand?post=6219"},{"taxonomy":"product_cat","embeddable":true,"href":"https:\/\/www.kaspar-spirituosen.de\/shop\/wp-json\/wp\/v2\/product_cat?post=6219"},{"taxonomy":"product_tag","embeddable":true,"href":"https:\/\/www.kaspar-spirituosen.de\/shop\/wp-json\/wp\/v2\/product_tag?post=6219"}],"curies":[{"name":"wp","href":"https:\/\/api.w.org\/{rel}","templated":true}]}}