{"id":6254,"date":"2025-05-05T16:44:18","date_gmt":"2025-05-05T14:44:18","guid":{"rendered":"https:\/\/www.kaspar-spirituosen.de\/shop\/produkt\/1989-armagnac-legrand-07-lt\/"},"modified":"2026-04-28T16:12:26","modified_gmt":"2026-04-28T14:12:26","slug":"1989-armagnac-legrand-07-lt","status":"publish","type":"product","link":"https:\/\/www.kaspar-spirituosen.de\/shop\/produkt\/1989-armagnac-legrand-07-lt\/","title":{"rendered":"1966 Armagnac Legrand 0,7 lt"},"content":{"rendered":"<p style=\"font-size: 16px;font-family: Arial, Verdana, Helvetica\">Neben den g\u00e4ngigen Altersbezeichnungen verf\u00fcgt Gaston Legrand \u00fcber eine sehr gro\u00dfe Auswahl an alten Jahrg\u00e4ngen, die wir Ihnen hier vorstellen m\u00f6chten. Es erwartet Sie ein volumin\u00f6serer, tiefgehender Brand, der oft an tiefe, w\u00fcrzige Noten und Backobst erinnert. Neben wertvoller Qualit\u00e4t und au\u00dfergew\u00f6hnlichem Auftreten sind diese Armagnacs nicht nur etwas f\u00fcr Genie\u00dfer, sie eignen sich auch bestens als sehr individuelles Geschenk. Unser Tipp f\u00fcr den besonderen Anlass. Wird in dekorativer Holzkiste versandt!<\/p>\n<p style=\"font-size: 16px;font-family: Arial, Verdana, Helvetica\"><span style=\"font-size: 16px;font-family: Arial, Verdana, Helvetica\">Abbildung \u00e4hnlich\/anderer Jahrgang als abgebildet<\/span><\/p>\n<p style=\"font-size: 16px;font-family: Arial, Verdana, Helvetica\">Alkoholgehalt 40%vol.<br \/>\nAppelation Bas-Armagnac Contr\u00f4l\u00e9e<br \/>\nBaron G. Legrand, Armagnac, 32 Lannepax, Frankreich<\/p>\n","protected":false},"excerpt":{"rendered":"<p style=\"font-size: 16px;font-family: Arial, Verdana, Helvetica\">Neben den g\u00e4ngigen Altersbezeichnungen verf\u00fcgt Gaston Legrand \u00fcber eine sehr gro\u00dfe Auswahl an alten Jahrg\u00e4ngen, die wir Ihnen hier vorstellen m\u00f6chten.<\/p>\n<p style=\"font-size: 16px;font-family: Arial, Verdana, Helvetica\"><span style=\"font-size: 16px;font-family: Arial, Verdana, Helvetica\">Abbildung \u00e4hnlich\/anderer Jahrgang als abgebildet<\/span><\/p>\n","protected":false},"featured_media":30914,"comment_status":"closed","ping_status":"closed","template":"","meta":{"_acf_changed":false},"product_brand":[],"product_cat":[1585,1594],"product_tag":[329],"class_list":{"0":"post-6254","1":"product","2":"type-product","3":"status-publish","4":"has-post-thumbnail","6":"product_cat-cognac-calvados-armagnac","7":"product_cat-armagnac","8":"product_tag-71er-armagnac-baron-gaston-legrand-jahrgang-jahrgangsarmagnac-rolf-kaspar-essen-nrw-jahrgangsspirituose-geschenk-holzkiste","10":"first","11":"instock","12":"taxable","13":"shipping-taxable","14":"purchasable","15":"product-type-simple"},"acf":[],"_links":{"self":[{"href":"https:\/\/www.kaspar-spirituosen.de\/shop\/wp-json\/wp\/v2\/product\/6254","targetHints":{"allow":["GET"]}}],"collection":[{"href":"https:\/\/www.kaspar-spirituosen.de\/shop\/wp-json\/wp\/v2\/product"}],"about":[{"href":"https:\/\/www.kaspar-spirituosen.de\/shop\/wp-json\/wp\/v2\/types\/product"}],"replies":[{"embeddable":true,"href":"https:\/\/www.kaspar-spirituosen.de\/shop\/wp-json\/wp\/v2\/comments?post=6254"}],"wp:featuredmedia":[{"embeddable":true,"href":"https:\/\/www.kaspar-spirituosen.de\/shop\/wp-json\/wp\/v2\/media\/30914"}],"wp:attachment":[{"href":"https:\/\/www.kaspar-spirituosen.de\/shop\/wp-json\/wp\/v2\/media?parent=6254"}],"wp:term":[{"taxonomy":"product_brand","embeddable":true,"href":"https:\/\/www.kaspar-spirituosen.de\/shop\/wp-json\/wp\/v2\/product_brand?post=6254"},{"taxonomy":"product_cat","embeddable":true,"href":"https:\/\/www.kaspar-spirituosen.de\/shop\/wp-json\/wp\/v2\/product_cat?post=6254"},{"taxonomy":"product_tag","embeddable":true,"href":"https:\/\/www.kaspar-spirituosen.de\/shop\/wp-json\/wp\/v2\/product_tag?post=6254"}],"curies":[{"name":"wp","href":"https:\/\/api.w.org\/{rel}","templated":true}]}}