{"id":6266,"date":"2025-05-05T16:44:18","date_gmt":"2025-05-05T14:44:18","guid":{"rendered":"https:\/\/www.kaspar-spirituosen.de\/shop\/produkt\/baerenfang-honiglikoer-07-lt\/"},"modified":"2025-10-24T16:25:28","modified_gmt":"2025-10-24T14:25:28","slug":"baerenfang-honiglikoer-07-lt","status":"publish","type":"product","link":"https:\/\/www.kaspar-spirituosen.de\/shop\/produkt\/baerenfang-honiglikoer-07-lt\/","title":{"rendered":"B\u00e4renfang Honiglik\u00f6r 0,7 lt."},"content":{"rendered":"","protected":false},"excerpt":{"rendered":"<p>Dieser feine Honiglik\u00f6r wird nach altem, ostpreussischem Rezept mit hochwertigem Yucatan-Honig hergestellt. B\u00e4renfang geniessen Sie pur, auf Eis oder mit hei\u00dfer Milch oder hei\u00dfem Tee.<\/p>\n<p>Alkoholgehalt 33% vol.<\/p>\n<p>Schwarze und Schlichte Markenvertrieb GmbH &amp; Co. KG<br \/>\nPaulsburg 1-3<br \/>\n59302 Oelde<\/p>\n","protected":false},"featured_media":30916,"comment_status":"closed","ping_status":"closed","template":"","meta":{"_acf_changed":false},"product_brand":[],"product_cat":[1563,1567,1569],"product_tag":[330],"class_list":{"0":"post-6266","1":"product","2":"type-product","3":"status-publish","4":"has-post-thumbnail","6":"product_cat-gin-rum-weitere-spirituosen-likoere","7":"product_cat-likoere","8":"product_cat-markenlikoere","9":"product_tag-preussen-preussisch-ost-honig-baerenjaeger-baerenfang-likoer-liqueur-baer-krisch-rolf-kaspar-nrw-essen","11":"first","12":"outofstock","13":"taxable","14":"shipping-taxable","15":"purchasable","16":"product-type-simple"},"acf":[],"_links":{"self":[{"href":"https:\/\/www.kaspar-spirituosen.de\/shop\/wp-json\/wp\/v2\/product\/6266","targetHints":{"allow":["GET"]}}],"collection":[{"href":"https:\/\/www.kaspar-spirituosen.de\/shop\/wp-json\/wp\/v2\/product"}],"about":[{"href":"https:\/\/www.kaspar-spirituosen.de\/shop\/wp-json\/wp\/v2\/types\/product"}],"replies":[{"embeddable":true,"href":"https:\/\/www.kaspar-spirituosen.de\/shop\/wp-json\/wp\/v2\/comments?post=6266"}],"wp:featuredmedia":[{"embeddable":true,"href":"https:\/\/www.kaspar-spirituosen.de\/shop\/wp-json\/wp\/v2\/media\/30916"}],"wp:attachment":[{"href":"https:\/\/www.kaspar-spirituosen.de\/shop\/wp-json\/wp\/v2\/media?parent=6266"}],"wp:term":[{"taxonomy":"product_brand","embeddable":true,"href":"https:\/\/www.kaspar-spirituosen.de\/shop\/wp-json\/wp\/v2\/product_brand?post=6266"},{"taxonomy":"product_cat","embeddable":true,"href":"https:\/\/www.kaspar-spirituosen.de\/shop\/wp-json\/wp\/v2\/product_cat?post=6266"},{"taxonomy":"product_tag","embeddable":true,"href":"https:\/\/www.kaspar-spirituosen.de\/shop\/wp-json\/wp\/v2\/product_tag?post=6266"}],"curies":[{"name":"wp","href":"https:\/\/api.w.org\/{rel}","templated":true}]}}