{"id":6276,"date":"2025-05-05T16:44:18","date_gmt":"2025-05-05T14:44:18","guid":{"rendered":"https:\/\/www.kaspar-spirituosen.de\/shop\/produkt\/adelphi-whisky-kraeuterlikoer-07-lt\/"},"modified":"2025-10-24T16:25:30","modified_gmt":"2025-10-24T14:25:30","slug":"adelphi-whisky-kraeuterlikoer-07-lt","status":"publish","type":"product","link":"https:\/\/www.kaspar-spirituosen.de\/shop\/produkt\/adelphi-whisky-kraeuterlikoer-07-lt\/","title":{"rendered":"Adelphi Whisky-Kr\u00e4uterlik\u00f6r 0,7 lt."},"content":{"rendered":"<p>Geschmackspr\u00e4gender Whisky ist der Private Stock von Adelphi, den wir von<strong> Rolf Kaspar<\/strong> exklusiv f\u00fcr unsere Kunden bei einem der besten Brenner Deutschlands, bei Johannes Haas in der fr\u00e4nkischen Schweiz, anr\u00fchren lassen. F\u00fcr alle Freunde von Drambuie &amp; Co. &#8211; hier werden Sie voll auf Ihre Kosten kommen!<br \/>\nW\u00fcrzig, auf der nicht zu s\u00fc\u00dfen Basis des Honigs spielen die vielen Kr\u00e4uter und der Whisky eine interessante Symphonie.<\/p>\n<p>Alkoholgehalt: 35% vol.<\/p>\n<p>Thomas Helferich GmbH<br \/>\nSpirituosen Hersteller<br \/>\nAdresse: Brennereiweg 1, 64658 F\u00fcrth<br \/>\nTelefon: 06253 3215<\/p>\n","protected":false},"excerpt":{"rendered":"<p>W\u00fcrzig, auf der nicht zu s\u00fc\u00dfen Basis des Honigs spielen die vielen Kr\u00e4uter und der Whisky eine interessante Symphonie.<\/p>\n","protected":false},"featured_media":30920,"comment_status":"closed","ping_status":"closed","template":"","meta":{"_acf_changed":false},"product_brand":[],"product_cat":[1563,1567,1568],"product_tag":[339],"class_list":{"0":"post-6276","1":"product","2":"type-product","3":"status-publish","4":"has-post-thumbnail","6":"product_cat-gin-rum-weitere-spirituosen-likoere","7":"product_cat-likoere","8":"product_cat-individuelles-handwerk","9":"product_tag-adelphi-whisky-kraeuter-likoer-kraeuterlikoer-rolf-kaspar-thomas-helferich-essen-nrw-private-stock","11":"first","12":"outofstock","13":"taxable","14":"shipping-taxable","15":"purchasable","16":"product-type-simple"},"acf":[],"_links":{"self":[{"href":"https:\/\/www.kaspar-spirituosen.de\/shop\/wp-json\/wp\/v2\/product\/6276","targetHints":{"allow":["GET"]}}],"collection":[{"href":"https:\/\/www.kaspar-spirituosen.de\/shop\/wp-json\/wp\/v2\/product"}],"about":[{"href":"https:\/\/www.kaspar-spirituosen.de\/shop\/wp-json\/wp\/v2\/types\/product"}],"replies":[{"embeddable":true,"href":"https:\/\/www.kaspar-spirituosen.de\/shop\/wp-json\/wp\/v2\/comments?post=6276"}],"wp:featuredmedia":[{"embeddable":true,"href":"https:\/\/www.kaspar-spirituosen.de\/shop\/wp-json\/wp\/v2\/media\/30920"}],"wp:attachment":[{"href":"https:\/\/www.kaspar-spirituosen.de\/shop\/wp-json\/wp\/v2\/media?parent=6276"}],"wp:term":[{"taxonomy":"product_brand","embeddable":true,"href":"https:\/\/www.kaspar-spirituosen.de\/shop\/wp-json\/wp\/v2\/product_brand?post=6276"},{"taxonomy":"product_cat","embeddable":true,"href":"https:\/\/www.kaspar-spirituosen.de\/shop\/wp-json\/wp\/v2\/product_cat?post=6276"},{"taxonomy":"product_tag","embeddable":true,"href":"https:\/\/www.kaspar-spirituosen.de\/shop\/wp-json\/wp\/v2\/product_tag?post=6276"}],"curies":[{"name":"wp","href":"https:\/\/api.w.org\/{rel}","templated":true}]}}