{"id":6280,"date":"2025-05-05T16:44:18","date_gmt":"2025-05-05T14:44:18","guid":{"rendered":"https:\/\/www.kaspar-spirituosen.de\/shop\/produkt\/prinz-alte-marille-im-holzfass-gereift-10-lt\/"},"modified":"2025-10-24T16:25:31","modified_gmt":"2025-10-24T14:25:31","slug":"prinz-alte-marille-im-holzfass-gereift-10-lt","status":"publish","type":"product","link":"https:\/\/www.kaspar-spirituosen.de\/shop\/produkt\/prinz-alte-marille-im-holzfass-gereift-10-lt\/","title":{"rendered":"Prinz &#8222;Alte Marille&#8220; im Holzfass gereift  1,0 lt."},"content":{"rendered":"<p>Prinz, &#8222;Alte Marille&#8220;, 1,0 L, 41 % im Holzfass gereift. Es werden unterschiedliche Holzsorten verwendet, wie zum Beispiel Eiche, Maulbeere, Kirsche oder Akazie. Das Produkt wurde im Vakuum-Brennverfahren destilliert, 24 &#8211; 36 Monate im Steingut, und anschlie\u00dfend 6 &#8211; 24 Monate im Prinz-Holfass gelagert. Eine Verfeinerung erfolgte durch nat\u00fcrliche Fruchtausz\u00fcge<\/p>\n<p>Alkoholgehalt: 41% vol.<\/p>\n<p>Fein-Brennerei Thomas Prinz GmbH<br \/>\nZiegelbachstr. 7<br \/>\n6912 H\u00f6rbranz<br \/>\nVoralberg\/\u00d6sterreich<br \/>\nTel.: 00435573\/82203<br \/>\nFax : 00435573\/82203-29<br \/>\nschnaps@prinz.cc<\/p>\n","protected":false},"excerpt":{"rendered":"<p>Prinz, &#8222;Alte Marille&#8220;, 1,0 L, 41 % im Holzfass gereift. Es werden unterschiedliche Holzsorten verwendet, wie zum Beispiel Eiche, Maulbeere, Kirsche oder Akazie. Das Produkt wurde im Vakuum-Brennverfahren destilliert, 24 &#8211; 36 Monate im Steingut, und anschlie\u00dfend 6 &#8211; 24 Monate im Prinz-Holfass gelagert. Eine Verfeinerung erfolgte durch nat\u00fcrliche Fruchtausz\u00fcge<\/p>\n<p>Alkoholgehalt: 41% vol.<\/p>\n<p>Fein-Brennerei Thomas Prinz GmbH<br \/>\nZiegelbachstr. 7<br \/>\n6912 H\u00f6rbranz<br \/>\nVoralberg\/\u00d6sterreich<br \/>\nTel.: 00435573\/82203<br \/>\nFax : 00435573\/82203-29<br \/>\nschnaps@prinz.cc<\/p>\n","protected":false},"featured_media":30922,"comment_status":"closed","ping_status":"closed","template":"","meta":{"_acf_changed":false},"product_brand":[],"product_cat":[1574,1579],"product_tag":[360,342,357,354,352,353,348,349,359,346,350,358,344,341,361,355,356,343,347,345,351],"class_list":{"0":"post-6280","1":"product","2":"type-product","3":"status-publish","4":"has-post-thumbnail","6":"product_cat-obstbraende","7":"product_cat-internationale-brennereien","8":"product_tag-alte","9":"product_tag-alte-marille","10":"product_tag-bodensee","11":"product_tag-brand","12":"product_tag-brenner","13":"product_tag-destillat","14":"product_tag-destille","15":"product_tag-destillerie","16":"product_tag-essen","17":"product_tag-fein-brennerei","18":"product_tag-geist","19":"product_tag-holzfass","20":"product_tag-hoerbranz","21":"product_tag-marille","22":"product_tag-marille-alte-marille","23":"product_tag-obstbrand","24":"product_tag-obstler","25":"product_tag-prinz","26":"product_tag-schnaps","27":"product_tag-thomas-prinz","28":"product_tag-wasser","30":"first","31":"outofstock","32":"taxable","33":"shipping-taxable","34":"purchasable","35":"product-type-simple"},"acf":[],"_links":{"self":[{"href":"https:\/\/www.kaspar-spirituosen.de\/shop\/wp-json\/wp\/v2\/product\/6280","targetHints":{"allow":["GET"]}}],"collection":[{"href":"https:\/\/www.kaspar-spirituosen.de\/shop\/wp-json\/wp\/v2\/product"}],"about":[{"href":"https:\/\/www.kaspar-spirituosen.de\/shop\/wp-json\/wp\/v2\/types\/product"}],"replies":[{"embeddable":true,"href":"https:\/\/www.kaspar-spirituosen.de\/shop\/wp-json\/wp\/v2\/comments?post=6280"}],"wp:featuredmedia":[{"embeddable":true,"href":"https:\/\/www.kaspar-spirituosen.de\/shop\/wp-json\/wp\/v2\/media\/30922"}],"wp:attachment":[{"href":"https:\/\/www.kaspar-spirituosen.de\/shop\/wp-json\/wp\/v2\/media?parent=6280"}],"wp:term":[{"taxonomy":"product_brand","embeddable":true,"href":"https:\/\/www.kaspar-spirituosen.de\/shop\/wp-json\/wp\/v2\/product_brand?post=6280"},{"taxonomy":"product_cat","embeddable":true,"href":"https:\/\/www.kaspar-spirituosen.de\/shop\/wp-json\/wp\/v2\/product_cat?post=6280"},{"taxonomy":"product_tag","embeddable":true,"href":"https:\/\/www.kaspar-spirituosen.de\/shop\/wp-json\/wp\/v2\/product_tag?post=6280"}],"curies":[{"name":"wp","href":"https:\/\/api.w.org\/{rel}","templated":true}]}}