{"id":6298,"date":"2025-05-05T16:44:31","date_gmt":"2025-05-05T14:44:31","guid":{"rendered":"https:\/\/www.kaspar-spirituosen.de\/shop\/produkt\/dirker-apfel-strudel-likoer-05-lt\/"},"modified":"2025-10-24T16:25:17","modified_gmt":"2025-10-24T14:25:17","slug":"dirker-apfel-strudel-likoer-05-lt","status":"publish","type":"product","link":"https:\/\/www.kaspar-spirituosen.de\/shop\/produkt\/dirker-apfel-strudel-likoer-05-lt\/","title":{"rendered":"Dirker Apfel-Strudel-Lik\u00f6r 0,5 lt."},"content":{"rendered":"","protected":false},"excerpt":{"rendered":"<p>Auf einer seiner Pr\u00e4sentationen in \u00d6sterreich brachte ein Messebesucher Arno Dirker auf die Idee einen Apfelstrudellik\u00f6r zu kreieren, indem er fragte ob er aufgrund seines umfangreichen Angebotes auch mal daran gedacht h\u00e4tte, einen Apfelstrudel zu destillieren. Da das damals aufgrund von zolltechnischen Problemen nicht m\u00f6glich war, entschied er sich einen Lik\u00f6r zu kreieren. Als Basis diente ein frisch ausgepresster Apfelsaft der mit hochprozentigem Apfelbrand und Zucker vermischt, schon einen tollen Apfelsaftlik\u00f6r ergab. Um die Note eines Apfelstrudels einzubringen, folgt eine Woche von vielen abendlichen Experimenten, wobei verschiedenste Destillate wie Hefebrand und Haselnussgeist, aber auch Gew\u00fcrzausz\u00fcge aus Zimt und Nelken und Rosinen zum Einsatz kamen. Endlich, nach sieben beschwipsten Abenden, hatte er eine Rezeptur aus fast zwanzig verschiedenen Ingredienzien zu einem Apfelstrudellik\u00f6r geschaffen. Er kann pur getrunken werden, hat aber auch schon viele K\u00f6che zu Dessertvariationen, vom Apfelstrudel wie ein Sorbet u. v. mehr hinrei\u00dfen lassen. Am interessantesten schmeckt er, wenn er mit einem Cidre wie ein Kir aufgegossen wird. Das macht den Apfelstrudellik\u00f6r zu einem Weihnachts- oder Winteraperitiv und zu einem gelungenen Einstieg f\u00fcr\u2019s Dinner. Im \u00dcbrigen gibt es den Apfelstrudellik\u00f6r nur in den Wintermonaten.<\/p>\n<p>Alkoholgehalt: 20% vol.<\/p>\n<p><strong>Edelbrennerei Dirker<\/strong><br \/>\nAlzenauer Str. 108<br \/>\n63776 M\u00f6mbris-Niedersteinbach<\/p>\n<p>&nbsp;<\/p>\n","protected":false},"featured_media":30925,"comment_status":"closed","ping_status":"closed","template":"","meta":{"_acf_changed":false},"product_brand":[],"product_cat":[1574,1575],"product_tag":[372],"class_list":{"0":"post-6298","1":"product","2":"type-product","3":"status-publish","4":"has-post-thumbnail","6":"product_cat-obstbraende","7":"product_cat-arno-dirker","8":"product_tag-apfel-strudel-apfelstrudel-likoer-arno-dirker-edelbrand-moembris-geist-brand-aqua-ardens-spessart-franken-obstbrand-obstbraende-obstler-obstbrandspezialitaeten-rolf-kaspar-essen-geist-wasser-schnaps","10":"first","11":"instock","12":"taxable","13":"shipping-taxable","14":"purchasable","15":"product-type-simple"},"acf":[],"_links":{"self":[{"href":"https:\/\/www.kaspar-spirituosen.de\/shop\/wp-json\/wp\/v2\/product\/6298","targetHints":{"allow":["GET"]}}],"collection":[{"href":"https:\/\/www.kaspar-spirituosen.de\/shop\/wp-json\/wp\/v2\/product"}],"about":[{"href":"https:\/\/www.kaspar-spirituosen.de\/shop\/wp-json\/wp\/v2\/types\/product"}],"replies":[{"embeddable":true,"href":"https:\/\/www.kaspar-spirituosen.de\/shop\/wp-json\/wp\/v2\/comments?post=6298"}],"wp:featuredmedia":[{"embeddable":true,"href":"https:\/\/www.kaspar-spirituosen.de\/shop\/wp-json\/wp\/v2\/media\/30925"}],"wp:attachment":[{"href":"https:\/\/www.kaspar-spirituosen.de\/shop\/wp-json\/wp\/v2\/media?parent=6298"}],"wp:term":[{"taxonomy":"product_brand","embeddable":true,"href":"https:\/\/www.kaspar-spirituosen.de\/shop\/wp-json\/wp\/v2\/product_brand?post=6298"},{"taxonomy":"product_cat","embeddable":true,"href":"https:\/\/www.kaspar-spirituosen.de\/shop\/wp-json\/wp\/v2\/product_cat?post=6298"},{"taxonomy":"product_tag","embeddable":true,"href":"https:\/\/www.kaspar-spirituosen.de\/shop\/wp-json\/wp\/v2\/product_tag?post=6298"}],"curies":[{"name":"wp","href":"https:\/\/api.w.org\/{rel}","templated":true}]}}