{"id":6300,"date":"2025-05-05T16:44:31","date_gmt":"2025-05-05T14:44:31","guid":{"rendered":"https:\/\/www.kaspar-spirituosen.de\/shop\/produkt\/dirker-blutorangengeist-02-lt\/"},"modified":"2025-10-24T16:25:17","modified_gmt":"2025-10-24T14:25:17","slug":"dirker-blutorangengeist-02-lt","status":"publish","type":"product","link":"https:\/\/www.kaspar-spirituosen.de\/shop\/produkt\/dirker-blutorangengeist-02-lt\/","title":{"rendered":"Dirker Blutorangengeist 0,2 lt."},"content":{"rendered":"","protected":false},"excerpt":{"rendered":"<p>Die Orangen werden auch Apfelsinen genannt und die Ersten in Europa waren im 11. Jahrhundert die Blut- oder Bitterorangen in Italien, noch vor der s\u00fc\u00dfen Variante, die erst im 15. Jahrhundert angebaut wurden. Die ersten 1498 gepflanzten, eingef\u00fchrten B\u00e4ume sollen noch Jahrhunderte in Lissabon gestanden haben. Heute ist der weltgr\u00f6\u00dfte Anbau wohl in Brasilien zu finden und das bekannteste Getr\u00e4nk d\u00fcrfte wohl der O-Saft sein.<\/p>\n<p>F\u00fcr die Herstellung des ganz typisch duftenden Geistes wurden die Bitter- als auch die s\u00fc\u00dfen Tafelapfelsinen getrennt destilliert. Die s\u00fc\u00dfen Orangen spiegeln im Orngengeist den vollen, eleganten, s\u00fc\u00dfen Duft von Orangenbonbons wieder, so als h\u00e4tte man die Sonne im Orangenhain in die Flasche gebannt. Die Blutorangen stehen dem im Blutorangengeist in nichts nach, sie sind mit ihrer herben Note so etwas wie der Espresso unter den beiden Orangengeisten. Beim Genuss holen Sie sich ein St\u00fcck Sommerurlaub ins winterliche Wohnzimmer.<\/p>\n<p>Alkoholgehalt: 40% vol.<\/p>\n<p><strong>Edelbrennerei Dirker<\/strong><br \/>\nAlzenauer Str. 108<br \/>\n63776 M\u00f6mbris-Niedersteinbach<\/p>\n","protected":false},"featured_media":30926,"comment_status":"closed","ping_status":"closed","template":"","meta":{"_acf_changed":false},"product_brand":[],"product_cat":[1574,1575],"product_tag":[373],"class_list":{"0":"post-6300","1":"product","2":"type-product","3":"status-publish","4":"has-post-thumbnail","6":"product_cat-obstbraende","7":"product_cat-arno-dirker","8":"product_tag-blutorangengeist-blutorange-brand-arno-dirker-edelbrand-geist-brand-aqua-ardens-spessart-obstbrand-obstbraende-obstler-obstbrandspezialitaeten-rolf-kaspar-essen-geist-wasser","10":"first","11":"instock","12":"taxable","13":"shipping-taxable","14":"purchasable","15":"product-type-simple"},"acf":[],"_links":{"self":[{"href":"https:\/\/www.kaspar-spirituosen.de\/shop\/wp-json\/wp\/v2\/product\/6300","targetHints":{"allow":["GET"]}}],"collection":[{"href":"https:\/\/www.kaspar-spirituosen.de\/shop\/wp-json\/wp\/v2\/product"}],"about":[{"href":"https:\/\/www.kaspar-spirituosen.de\/shop\/wp-json\/wp\/v2\/types\/product"}],"replies":[{"embeddable":true,"href":"https:\/\/www.kaspar-spirituosen.de\/shop\/wp-json\/wp\/v2\/comments?post=6300"}],"wp:featuredmedia":[{"embeddable":true,"href":"https:\/\/www.kaspar-spirituosen.de\/shop\/wp-json\/wp\/v2\/media\/30926"}],"wp:attachment":[{"href":"https:\/\/www.kaspar-spirituosen.de\/shop\/wp-json\/wp\/v2\/media?parent=6300"}],"wp:term":[{"taxonomy":"product_brand","embeddable":true,"href":"https:\/\/www.kaspar-spirituosen.de\/shop\/wp-json\/wp\/v2\/product_brand?post=6300"},{"taxonomy":"product_cat","embeddable":true,"href":"https:\/\/www.kaspar-spirituosen.de\/shop\/wp-json\/wp\/v2\/product_cat?post=6300"},{"taxonomy":"product_tag","embeddable":true,"href":"https:\/\/www.kaspar-spirituosen.de\/shop\/wp-json\/wp\/v2\/product_tag?post=6300"}],"curies":[{"name":"wp","href":"https:\/\/api.w.org\/{rel}","templated":true}]}}