{"id":6304,"date":"2025-05-05T16:44:31","date_gmt":"2025-05-05T14:44:31","guid":{"rendered":"https:\/\/www.kaspar-spirituosen.de\/shop\/produkt\/dirker-feines-kirschwasser-05l\/"},"modified":"2026-02-03T14:46:18","modified_gmt":"2026-02-03T13:46:18","slug":"dirker-feines-kirschwasser-05l","status":"publish","type":"product","link":"https:\/\/www.kaspar-spirituosen.de\/shop\/produkt\/dirker-feines-kirschwasser-05l\/","title":{"rendered":"Dirker Feines Kirschwasser 0,5l"},"content":{"rendered":"<p>Im Kahlgrund gibt es unheimlich viele verschiedene Kirschsorten. Da gibt es gelbe, rote und schwarze S\u00fc\u00dfkirschen. Die gelbe Frucht ist nicht so f\u00fcr ein Kirschwasser geeignet. Die rote S\u00fc\u00dfkirsche, meist Hadelfinger, ergibt nach guter Reife der Frucht ein recht anspruchsvolles Destillat. Die schwarze Kirsche ist bet\u00f6rend in der Aromaf\u00fclle und wird bei Vollreife durch einen leichten Schokoladenton unterstrichen, der entfernt an den s\u00fc\u00dfen Geruch von Weichselholz erinnert. Kirschen sind nicht so einfach zu brennen wie Mirabellen oder Zwetschgen. Es fordert vom Brenner seine ganze Destillierkunst, um die feinen Aromen einzufangen. Ein gutes Kirschwasser ist, als wenn Sie unter einem Baum sitzend frische Kirschen essen w\u00fcrden.<\/p>\n<p>Alkoholgehalt 40% vol.<\/p>\n<p><strong>Edelbrennerei Dirker<\/strong><br \/>\nAlzenauer Str. 108<br \/>\n63776 M\u00f6mbris-Niedersteinbach<\/p>\n","protected":false},"excerpt":{"rendered":"<p>Ein gutes Kirschwasser ist, als wenn Sie unter einem Baum sitzend frische Kirschen essen w\u00fcrden.<\/p>\n<p>Alkoholgehalt 40% vol.<\/p>\n<p><strong>Edelbrennerei Dirker<\/strong><br \/>\nAlzenauer Str. 108<br \/>\n63776 M\u00f6mbris-Niedersteinbach<\/p>\n","protected":false},"featured_media":30928,"comment_status":"closed","ping_status":"closed","template":"","meta":{"_acf_changed":false},"product_brand":[],"product_cat":[1574,1575],"product_tag":[374],"class_list":{"0":"post-6304","1":"product","2":"type-product","3":"status-publish","4":"has-post-thumbnail","6":"product_cat-obstbraende","7":"product_cat-arno-dirker","8":"product_tag-kirschwasser-arno-dirker-edelbrand-moembris-geist-brand-aqua-ardens-spessart-franken-obstbrand-obstbraende-obstler-obstbrandspezialitaeten-rolf-kaspar-essen-nrw-geist-wasser-schnaps","10":"first","11":"instock","12":"taxable","13":"shipping-taxable","14":"purchasable","15":"product-type-simple"},"acf":[],"_links":{"self":[{"href":"https:\/\/www.kaspar-spirituosen.de\/shop\/wp-json\/wp\/v2\/product\/6304","targetHints":{"allow":["GET"]}}],"collection":[{"href":"https:\/\/www.kaspar-spirituosen.de\/shop\/wp-json\/wp\/v2\/product"}],"about":[{"href":"https:\/\/www.kaspar-spirituosen.de\/shop\/wp-json\/wp\/v2\/types\/product"}],"replies":[{"embeddable":true,"href":"https:\/\/www.kaspar-spirituosen.de\/shop\/wp-json\/wp\/v2\/comments?post=6304"}],"wp:featuredmedia":[{"embeddable":true,"href":"https:\/\/www.kaspar-spirituosen.de\/shop\/wp-json\/wp\/v2\/media\/30928"}],"wp:attachment":[{"href":"https:\/\/www.kaspar-spirituosen.de\/shop\/wp-json\/wp\/v2\/media?parent=6304"}],"wp:term":[{"taxonomy":"product_brand","embeddable":true,"href":"https:\/\/www.kaspar-spirituosen.de\/shop\/wp-json\/wp\/v2\/product_brand?post=6304"},{"taxonomy":"product_cat","embeddable":true,"href":"https:\/\/www.kaspar-spirituosen.de\/shop\/wp-json\/wp\/v2\/product_cat?post=6304"},{"taxonomy":"product_tag","embeddable":true,"href":"https:\/\/www.kaspar-spirituosen.de\/shop\/wp-json\/wp\/v2\/product_tag?post=6304"}],"curies":[{"name":"wp","href":"https:\/\/api.w.org\/{rel}","templated":true}]}}