{"id":6308,"date":"2025-05-05T16:44:31","date_gmt":"2025-05-05T14:44:31","guid":{"rendered":"https:\/\/www.kaspar-spirituosen.de\/shop\/produkt\/dirker-mirabellenwasser-05-lt\/"},"modified":"2025-10-24T16:25:19","modified_gmt":"2025-10-24T14:25:19","slug":"dirker-mirabellenwasser-05-lt","status":"publish","type":"product","link":"https:\/\/www.kaspar-spirituosen.de\/shop\/produkt\/dirker-mirabellenwasser-05-lt\/","title":{"rendered":"Dirker Mirabellenwasser 0,5 lt."},"content":{"rendered":"","protected":false},"excerpt":{"rendered":"<p>Die Mirabelle, eine Edelfrucht unter den Steinobstsorten, wird bei der Edelbrennerei Dirker aus zwei verschiedenen Landstrichen zu Edelbr\u00e4nden verarbeitet. Zum einen wird die Spessartmirabelle, mit ihrem dezenten, leicht zur\u00fccktretenden, feinen Aroma, welches unter den Genie\u00dfern sicher einen gro\u00dfen Anklang finden wird, destilliert. Zum anderen verarbeitet Arno die Taunusmirabelle, mit ihrem wuchtigen, sehr intensiven und bet\u00f6renden Duft der Mirabelle, der an die hei\u00dfen Sommertage im Taunus erinnert. Sie hat im Gegensatz zur erstgenannten eine wesentlich gr\u00f6\u00dfere Frucht und reift besser aus. Beide Sorten werden langsam und schonend destilliert, um den Glanz der Fr\u00fcchte im Destillat einzufangen. Sonniger Glanz im Obst!<\/p>\n<p>Alkoholgehalt: 40% vol.<\/p>\n<p><strong>Edelbrennerei Dirker<\/strong><br \/>\nAlzenauer Str. 108<br \/>\n63776 M\u00f6mbris-Niedersteinbach<\/p>\n<p>&nbsp;<\/p>\n","protected":false},"featured_media":30929,"comment_status":"closed","ping_status":"closed","template":"","meta":{"_acf_changed":false},"product_brand":[],"product_cat":[1574,1575],"product_tag":[],"class_list":{"0":"post-6308","1":"product","2":"type-product","3":"status-publish","4":"has-post-thumbnail","6":"product_cat-obstbraende","7":"product_cat-arno-dirker","9":"first","10":"instock","11":"taxable","12":"shipping-taxable","13":"purchasable","14":"product-type-simple"},"acf":[],"_links":{"self":[{"href":"https:\/\/www.kaspar-spirituosen.de\/shop\/wp-json\/wp\/v2\/product\/6308","targetHints":{"allow":["GET"]}}],"collection":[{"href":"https:\/\/www.kaspar-spirituosen.de\/shop\/wp-json\/wp\/v2\/product"}],"about":[{"href":"https:\/\/www.kaspar-spirituosen.de\/shop\/wp-json\/wp\/v2\/types\/product"}],"replies":[{"embeddable":true,"href":"https:\/\/www.kaspar-spirituosen.de\/shop\/wp-json\/wp\/v2\/comments?post=6308"}],"wp:featuredmedia":[{"embeddable":true,"href":"https:\/\/www.kaspar-spirituosen.de\/shop\/wp-json\/wp\/v2\/media\/30929"}],"wp:attachment":[{"href":"https:\/\/www.kaspar-spirituosen.de\/shop\/wp-json\/wp\/v2\/media?parent=6308"}],"wp:term":[{"taxonomy":"product_brand","embeddable":true,"href":"https:\/\/www.kaspar-spirituosen.de\/shop\/wp-json\/wp\/v2\/product_brand?post=6308"},{"taxonomy":"product_cat","embeddable":true,"href":"https:\/\/www.kaspar-spirituosen.de\/shop\/wp-json\/wp\/v2\/product_cat?post=6308"},{"taxonomy":"product_tag","embeddable":true,"href":"https:\/\/www.kaspar-spirituosen.de\/shop\/wp-json\/wp\/v2\/product_tag?post=6308"}],"curies":[{"name":"wp","href":"https:\/\/api.w.org\/{rel}","templated":true}]}}