{"id":6314,"date":"2025-05-05T16:44:31","date_gmt":"2025-05-05T14:44:31","guid":{"rendered":"https:\/\/www.kaspar-spirituosen.de\/shop\/produkt\/dirker-morellenfeuerkirschbrand-02l\/"},"modified":"2025-10-24T16:25:20","modified_gmt":"2025-10-24T14:25:20","slug":"dirker-morellenfeuerkirschbrand-02l","status":"publish","type":"product","link":"https:\/\/www.kaspar-spirituosen.de\/shop\/produkt\/dirker-morellenfeuerkirschbrand-02l\/","title":{"rendered":"Dirker Morellenfeuerkirschbrand 0,2l"},"content":{"rendered":"<p>Das Destillat aus dieser <strong>seltenen Kirschsorte<\/strong> ist wirklich was spezielles. Wenn Sie experimentierfreudig sind, werden Sie mit einem wirklich au\u00dferordentlichen Kirschcharakter konfrontiert, der viel Spa\u00df macht. Es lebe die Individualit\u00e4t!<\/p>\n<p>Alkoholgehalt 40% vol.<\/p>\n<p><strong>Edelbrennerei Dirker<\/strong><br \/>\nAlzenauer Str. 108<br \/>\n63776 M\u00f6mbris-Niedersteinbach<\/p>\n","protected":false},"excerpt":{"rendered":"<p>Das Destillat aus dieser <strong>seltenen Kirschsorte<\/strong> ist wirklich was spezielles. Wenn Sie experimentierfreudig sind, werden Sie mit einem wirklich au\u00dferordentlichen Kirschcharakter konfrontiert, der viel Spa\u00df macht. Es lebe die Individualit\u00e4t!<\/p>\n<p>Alkoholgehalt 40% vol.<\/p>\n<p><strong>Edelbrennerei Dirker<\/strong><br \/>\nAlzenauer Str. 108<br \/>\n63776 M\u00f6mbris-Niedersteinbach<\/p>\n","protected":false},"featured_media":30932,"comment_status":"closed","ping_status":"closed","template":"","meta":{"_acf_changed":false},"product_brand":[],"product_cat":[1574,1575],"product_tag":[],"class_list":{"0":"post-6314","1":"product","2":"type-product","3":"status-publish","4":"has-post-thumbnail","6":"product_cat-obstbraende","7":"product_cat-arno-dirker","9":"first","10":"instock","11":"taxable","12":"shipping-taxable","13":"purchasable","14":"product-type-simple"},"acf":[],"_links":{"self":[{"href":"https:\/\/www.kaspar-spirituosen.de\/shop\/wp-json\/wp\/v2\/product\/6314","targetHints":{"allow":["GET"]}}],"collection":[{"href":"https:\/\/www.kaspar-spirituosen.de\/shop\/wp-json\/wp\/v2\/product"}],"about":[{"href":"https:\/\/www.kaspar-spirituosen.de\/shop\/wp-json\/wp\/v2\/types\/product"}],"replies":[{"embeddable":true,"href":"https:\/\/www.kaspar-spirituosen.de\/shop\/wp-json\/wp\/v2\/comments?post=6314"}],"wp:featuredmedia":[{"embeddable":true,"href":"https:\/\/www.kaspar-spirituosen.de\/shop\/wp-json\/wp\/v2\/media\/30932"}],"wp:attachment":[{"href":"https:\/\/www.kaspar-spirituosen.de\/shop\/wp-json\/wp\/v2\/media?parent=6314"}],"wp:term":[{"taxonomy":"product_brand","embeddable":true,"href":"https:\/\/www.kaspar-spirituosen.de\/shop\/wp-json\/wp\/v2\/product_brand?post=6314"},{"taxonomy":"product_cat","embeddable":true,"href":"https:\/\/www.kaspar-spirituosen.de\/shop\/wp-json\/wp\/v2\/product_cat?post=6314"},{"taxonomy":"product_tag","embeddable":true,"href":"https:\/\/www.kaspar-spirituosen.de\/shop\/wp-json\/wp\/v2\/product_tag?post=6314"}],"curies":[{"name":"wp","href":"https:\/\/api.w.org\/{rel}","templated":true}]}}