{"id":6316,"date":"2025-05-05T16:44:31","date_gmt":"2025-05-05T14:44:31","guid":{"rendered":"https:\/\/www.kaspar-spirituosen.de\/shop\/produkt\/dirker-haselnuss-05-lt\/"},"modified":"2025-12-26T14:53:32","modified_gmt":"2025-12-26T13:53:32","slug":"dirker-haselnuss-05-lt","status":"publish","type":"product","link":"https:\/\/www.kaspar-spirituosen.de\/shop\/produkt\/dirker-haselnuss-05-lt\/","title":{"rendered":"Dirker Haselnuss 0,5 lt."},"content":{"rendered":"<p>Spirituose<\/p>\n<p>Die Idee, einen Haselnussgeist zu brennen, kam Arno Dirker, als er in einem alten Buch \u00fcber Versuche las, einen Haselnussbrand herzustellen. Diese wurden jedoch eingestellt, da zur damaligen Zeit das feine Nussaroma nicht in dem Destillat eingefangen werden konnte. Nach mehrfachen Fehlversuchen sa\u00df Arno eines Tages mit seinem Freund Ingo Holland, Sternekoch, Gourmet und lebensfroher Mensch, zusammen und berichtete ihm davon. Ingo gab ihm daraufhin Ratschl\u00e4ge aus seinem Fundus als Patissier. Unter anderem gab er ihm mit auf den Weg, dass die Haseln\u00fcsse erst im ger\u00f6steten Zustand voll zur Geltung kommen w\u00fcrden. Also r\u00f6stete Arno eine Ladung Haseln\u00fcsse nach der anderen. Er r\u00f6stete und r\u00f6stete, destillierte und destillierte. Dabei ist ihm ein wuchtig nach Nuss und Nougat duftendes Destillat, welches zum Eis, im Cappuccino, zum Kuchen, zum Backen von Pl\u00e4tzchen sich hervorragend eignet. Unsere Kunden genie\u00dfen ihn am liebsten pur!<\/p>\n<p>Hergestellt unter Verwendung von frisch ger\u00f6steten Haseln\u00fcssen, Kakaobohnen, Vanilleschoten, Kr\u00e4utern und Gew\u00fcrzen.<\/p>\n<p>Alkoholgehalt: 40%vol.<\/p>\n<p>Edelbrennerei Dirker<br \/>\nAlzenauer Str. 108<br \/>\n63776 M\u00f6mbris-Niedersteinbach<\/p>\n","protected":false},"excerpt":{"rendered":"<p>Spirituose<\/p>\n<p>Die Idee, einen Haselnussgeist zu brennen, kam Arno Dirker, als er in einem alten Buch \u00fcber Versuche las, einen Haselnussbrand herzustellen. Diese wurden jedoch eingestellt, da zur damaligen Zeit das feine Nussaroma nicht in dem Destillat eingefangen werden konnte. Nach mehrfachen Fehlversuchen sa\u00df Arno eines Tages mit seinem Freund Ingo Holland, Sternekoch, Gourmet und lebensfroher Mensch, zusammen und berichtete ihm davon. Ingo gab ihm daraufhin Ratschl\u00e4ge aus seinem Fundus als Patissier. Unter anderem gab er ihm mit auf den Weg, dass die Haseln\u00fcsse erst im ger\u00f6steten Zustand voll zur Geltung kommen w\u00fcrden. Also r\u00f6stete Arno eine Ladung Haseln\u00fcsse nach der anderen. Er r\u00f6stete und r\u00f6stete, destillierte und destillierte. Dabei ist ihm ein wuchtig nach Nuss und Nougat duftendes Destillat, welches zum Eis, im Cappuccino, zum Kuchen, zum Backen von Pl\u00e4tzchen sich hervorragend eignet. Unsere Kunden genie\u00dfen ihn am liebsten pur!<\/p>\n<p>Hergestellt unter Verwendung von frisch ger\u00f6steten Haseln\u00fcssen, Kakaobohnen, Vanilleschoten, Kr\u00e4utern und Gew\u00fcrzen.<\/p>\n<p>Alkoholgehalt: 40%vol.<\/p>\n<p>Edelbrennerei Dirker<br \/>\nAlzenauer Str. 108<br \/>\n63776 M\u00f6mbris-Niedersteinbach<\/p>\n","protected":false},"featured_media":30933,"comment_status":"closed","ping_status":"closed","template":"","meta":{"_acf_changed":false},"product_brand":[],"product_cat":[1574,1575],"product_tag":[376],"class_list":{"0":"post-6316","1":"product","2":"type-product","3":"status-publish","4":"has-post-thumbnail","6":"product_cat-obstbraende","7":"product_cat-arno-dirker","8":"product_tag-haselnussgeist-arno-dirker-edelbrand-moembris-geist-brand-aqua-ardens-spessart-franken-obstbrand-obstbraende-obstler-obstbrandspezialitaeten-rolf-kaspar-essen-nrw-geist-wasser-schnaps","10":"first","11":"instock","12":"taxable","13":"shipping-taxable","14":"purchasable","15":"product-type-simple"},"acf":[],"_links":{"self":[{"href":"https:\/\/www.kaspar-spirituosen.de\/shop\/wp-json\/wp\/v2\/product\/6316","targetHints":{"allow":["GET"]}}],"collection":[{"href":"https:\/\/www.kaspar-spirituosen.de\/shop\/wp-json\/wp\/v2\/product"}],"about":[{"href":"https:\/\/www.kaspar-spirituosen.de\/shop\/wp-json\/wp\/v2\/types\/product"}],"replies":[{"embeddable":true,"href":"https:\/\/www.kaspar-spirituosen.de\/shop\/wp-json\/wp\/v2\/comments?post=6316"}],"wp:featuredmedia":[{"embeddable":true,"href":"https:\/\/www.kaspar-spirituosen.de\/shop\/wp-json\/wp\/v2\/media\/30933"}],"wp:attachment":[{"href":"https:\/\/www.kaspar-spirituosen.de\/shop\/wp-json\/wp\/v2\/media?parent=6316"}],"wp:term":[{"taxonomy":"product_brand","embeddable":true,"href":"https:\/\/www.kaspar-spirituosen.de\/shop\/wp-json\/wp\/v2\/product_brand?post=6316"},{"taxonomy":"product_cat","embeddable":true,"href":"https:\/\/www.kaspar-spirituosen.de\/shop\/wp-json\/wp\/v2\/product_cat?post=6316"},{"taxonomy":"product_tag","embeddable":true,"href":"https:\/\/www.kaspar-spirituosen.de\/shop\/wp-json\/wp\/v2\/product_tag?post=6316"}],"curies":[{"name":"wp","href":"https:\/\/api.w.org\/{rel}","templated":true}]}}