{"id":6320,"date":"2025-05-05T16:44:31","date_gmt":"2025-05-05T14:44:31","guid":{"rendered":"https:\/\/www.kaspar-spirituosen.de\/shop\/produkt\/dirker-waldhimbeergeist-02-lt\/"},"modified":"2025-10-24T16:25:22","modified_gmt":"2025-10-24T14:25:22","slug":"dirker-waldhimbeergeist-02-lt","status":"publish","type":"product","link":"https:\/\/www.kaspar-spirituosen.de\/shop\/produkt\/dirker-waldhimbeergeist-02-lt\/","title":{"rendered":"Dirker Waldhimbeergeist 0,2 lt."},"content":{"rendered":"","protected":false},"excerpt":{"rendered":"<p>Die Himbeere d\u00fcrfte wohl die klassischste Variante eines Geistes sein. Denn aus den wertvollen Fr\u00fcchten der Himbeere einen Brand herzustellen ist aufgrund des niedrigen Zuckergehaltes fast unbezahlbar. Im Geist wird jedoch das wunderbare, s\u00fc\u00dfliche Aroma der Himbeere ganz frisch eingefangen und f\u00fcr jedermann erschwinglich. Der Waldhimbeergeist wird aus Fr\u00fcchten destilliert, deren schweres, fast schon aufdringliches Bukett weit \u00fcber den Rand des Glases hinausstr\u00f6mt.<\/p>\n<p>Alkoholgehalt 40% vol.<\/p>\n<p><strong>Edelbrennerei Dirker<\/strong><br \/>\nAlzenauer Str. 108<br \/>\n63776 M\u00f6mbris-Niedersteinbach<\/p>\n","protected":false},"featured_media":30935,"comment_status":"closed","ping_status":"closed","template":"","meta":{"_acf_changed":false},"product_brand":[],"product_cat":[1574,1575],"product_tag":[],"class_list":{"0":"post-6320","1":"product","2":"type-product","3":"status-publish","4":"has-post-thumbnail","6":"product_cat-obstbraende","7":"product_cat-arno-dirker","9":"first","10":"instock","11":"taxable","12":"shipping-taxable","13":"purchasable","14":"product-type-simple"},"acf":[],"_links":{"self":[{"href":"https:\/\/www.kaspar-spirituosen.de\/shop\/wp-json\/wp\/v2\/product\/6320","targetHints":{"allow":["GET"]}}],"collection":[{"href":"https:\/\/www.kaspar-spirituosen.de\/shop\/wp-json\/wp\/v2\/product"}],"about":[{"href":"https:\/\/www.kaspar-spirituosen.de\/shop\/wp-json\/wp\/v2\/types\/product"}],"replies":[{"embeddable":true,"href":"https:\/\/www.kaspar-spirituosen.de\/shop\/wp-json\/wp\/v2\/comments?post=6320"}],"wp:featuredmedia":[{"embeddable":true,"href":"https:\/\/www.kaspar-spirituosen.de\/shop\/wp-json\/wp\/v2\/media\/30935"}],"wp:attachment":[{"href":"https:\/\/www.kaspar-spirituosen.de\/shop\/wp-json\/wp\/v2\/media?parent=6320"}],"wp:term":[{"taxonomy":"product_brand","embeddable":true,"href":"https:\/\/www.kaspar-spirituosen.de\/shop\/wp-json\/wp\/v2\/product_brand?post=6320"},{"taxonomy":"product_cat","embeddable":true,"href":"https:\/\/www.kaspar-spirituosen.de\/shop\/wp-json\/wp\/v2\/product_cat?post=6320"},{"taxonomy":"product_tag","embeddable":true,"href":"https:\/\/www.kaspar-spirituosen.de\/shop\/wp-json\/wp\/v2\/product_tag?post=6320"}],"curies":[{"name":"wp","href":"https:\/\/api.w.org\/{rel}","templated":true}]}}