{"id":6330,"date":"2025-05-05T16:44:43","date_gmt":"2025-05-05T14:44:43","guid":{"rendered":"https:\/\/www.kaspar-spirituosen.de\/shop\/produkt\/dirker-walderdbeergeist-05-lt\/"},"modified":"2025-10-25T17:42:49","modified_gmt":"2025-10-25T15:42:49","slug":"dirker-walderdbeergeist-05-lt","status":"publish","type":"product","link":"https:\/\/www.kaspar-spirituosen.de\/shop\/produkt\/dirker-walderdbeergeist-05-lt\/","title":{"rendered":"Dirker Walderdbeergeist 0,5 lt."},"content":{"rendered":"","protected":false},"excerpt":{"rendered":"<p>Die Walderdbeeren zu pfl\u00fccken ist eine sehr m\u00fchselige Arbeit, die hier in Deutschland kaum noch jemand machen m\u00f6chte. Deshalb beziehen wir unsere Frucht aus Italien Rum\u00e4nien oder der T\u00fcrkei. Billige Qualit\u00e4ten sind f\u00fcr die Geistherstellung nicht geeignet.<\/p>\n<p>Die kleinen Fruchte werden ca. 14 Tage lang in 96 % Alkohol eingelegt &#8211; \u00e4hnlich wie bei einem Rumtopf und werden danach auf unserer mittelalterlichen Anlage (Replika 16. Jhr), einer 6 Stunden dauernden Destillation unterzogen, denn nur so erhalten wir den sehr wuchtigen und intensiven Walderdbeergeschmack im Destillat. Er ist in der Damenwelt wegen seines vollmundigen Aromas sehr beliebt.<\/p>\n<p>40% Vol.<\/p>\n<p><strong>Edelbrennerei Dirker<\/strong><br \/>\nAlzenauer Str. 108<br \/>\n63776 M\u00f6mbris-Niedersteinbach<\/p>\n","protected":false},"featured_media":30940,"comment_status":"closed","ping_status":"closed","template":"","meta":{"_acf_changed":false},"product_brand":[],"product_cat":[1574,1575],"product_tag":[],"class_list":{"0":"post-6330","1":"product","2":"type-product","3":"status-publish","4":"has-post-thumbnail","6":"product_cat-obstbraende","7":"product_cat-arno-dirker","9":"first","10":"outofstock","11":"taxable","12":"shipping-taxable","13":"purchasable","14":"product-type-simple"},"acf":[],"_links":{"self":[{"href":"https:\/\/www.kaspar-spirituosen.de\/shop\/wp-json\/wp\/v2\/product\/6330","targetHints":{"allow":["GET"]}}],"collection":[{"href":"https:\/\/www.kaspar-spirituosen.de\/shop\/wp-json\/wp\/v2\/product"}],"about":[{"href":"https:\/\/www.kaspar-spirituosen.de\/shop\/wp-json\/wp\/v2\/types\/product"}],"replies":[{"embeddable":true,"href":"https:\/\/www.kaspar-spirituosen.de\/shop\/wp-json\/wp\/v2\/comments?post=6330"}],"wp:featuredmedia":[{"embeddable":true,"href":"https:\/\/www.kaspar-spirituosen.de\/shop\/wp-json\/wp\/v2\/media\/30940"}],"wp:attachment":[{"href":"https:\/\/www.kaspar-spirituosen.de\/shop\/wp-json\/wp\/v2\/media?parent=6330"}],"wp:term":[{"taxonomy":"product_brand","embeddable":true,"href":"https:\/\/www.kaspar-spirituosen.de\/shop\/wp-json\/wp\/v2\/product_brand?post=6330"},{"taxonomy":"product_cat","embeddable":true,"href":"https:\/\/www.kaspar-spirituosen.de\/shop\/wp-json\/wp\/v2\/product_cat?post=6330"},{"taxonomy":"product_tag","embeddable":true,"href":"https:\/\/www.kaspar-spirituosen.de\/shop\/wp-json\/wp\/v2\/product_tag?post=6330"}],"curies":[{"name":"wp","href":"https:\/\/api.w.org\/{rel}","templated":true}]}}