{"id":6338,"date":"2025-05-05T16:44:43","date_gmt":"2025-05-05T14:44:43","guid":{"rendered":"https:\/\/www.kaspar-spirituosen.de\/shop\/produkt\/dirker-grapefruitgeist-05-lt\/"},"modified":"2025-10-24T16:24:34","modified_gmt":"2025-10-24T14:24:34","slug":"dirker-grapefruitgeist-05-lt","status":"publish","type":"product","link":"https:\/\/www.kaspar-spirituosen.de\/shop\/produkt\/dirker-grapefruitgeist-05-lt\/","title":{"rendered":"Dirker Grapefruitgeist 0,5 lt."},"content":{"rendered":"","protected":false},"excerpt":{"rendered":"<div>\n<p>&#8222;Paradiesapfel\u201c wird sie in Deutschland oder auch f\u00e4lschlicherweise \u201ePampelmuse\u201c genannt. Die Herkunft wird vermutlich um 1750 in Barbados datiert und Welt-Hauptproduzent ist wohl die USA mit gro\u00dfen Plantagen in Florida und Texas. In Europa Israel und Spanien. Von Letztgenannten stammen auch die Fr\u00fcchte f\u00fcr den Geist.<\/p>\n<p>Grapefruits faszinieren mit ihrem feinen, s\u00fc\u00dflich-saueren Duft. Wie alle Zitrusfr\u00fcchte haben auch Grapefruits einen hohen Anteil an Zitruss\u00e4ure und Duft\u00f6len, welche sich im Destillat wundersch\u00f6n haben vereinen lassen und die harmonische Fruchtigkeit ins Glas zaubern lie\u00dfen, nicht so wuchtig wie die Zitrone aber auch nicht so dezent wie die Orangen.<\/p>\n<p>Alkoholgehalt: 40% vol.<\/p>\n<p><strong>Edelbrennerei Dirker<\/strong><br \/>\nAlzenauer Str. 108<br \/>\n63776 M\u00f6mbris-Niedersteinbach<\/p>\n<\/div>\n","protected":false},"featured_media":30944,"comment_status":"closed","ping_status":"closed","template":"","meta":{"_acf_changed":false},"product_brand":[],"product_cat":[1574,1575],"product_tag":[],"class_list":{"0":"post-6338","1":"product","2":"type-product","3":"status-publish","4":"has-post-thumbnail","6":"product_cat-obstbraende","7":"product_cat-arno-dirker","9":"first","10":"instock","11":"taxable","12":"shipping-taxable","13":"purchasable","14":"product-type-simple"},"acf":[],"_links":{"self":[{"href":"https:\/\/www.kaspar-spirituosen.de\/shop\/wp-json\/wp\/v2\/product\/6338","targetHints":{"allow":["GET"]}}],"collection":[{"href":"https:\/\/www.kaspar-spirituosen.de\/shop\/wp-json\/wp\/v2\/product"}],"about":[{"href":"https:\/\/www.kaspar-spirituosen.de\/shop\/wp-json\/wp\/v2\/types\/product"}],"replies":[{"embeddable":true,"href":"https:\/\/www.kaspar-spirituosen.de\/shop\/wp-json\/wp\/v2\/comments?post=6338"}],"wp:featuredmedia":[{"embeddable":true,"href":"https:\/\/www.kaspar-spirituosen.de\/shop\/wp-json\/wp\/v2\/media\/30944"}],"wp:attachment":[{"href":"https:\/\/www.kaspar-spirituosen.de\/shop\/wp-json\/wp\/v2\/media?parent=6338"}],"wp:term":[{"taxonomy":"product_brand","embeddable":true,"href":"https:\/\/www.kaspar-spirituosen.de\/shop\/wp-json\/wp\/v2\/product_brand?post=6338"},{"taxonomy":"product_cat","embeddable":true,"href":"https:\/\/www.kaspar-spirituosen.de\/shop\/wp-json\/wp\/v2\/product_cat?post=6338"},{"taxonomy":"product_tag","embeddable":true,"href":"https:\/\/www.kaspar-spirituosen.de\/shop\/wp-json\/wp\/v2\/product_tag?post=6338"}],"curies":[{"name":"wp","href":"https:\/\/api.w.org\/{rel}","templated":true}]}}