{"id":6350,"date":"2025-05-05T16:44:43","date_gmt":"2025-05-05T14:44:43","guid":{"rendered":"https:\/\/www.kaspar-spirituosen.de\/shop\/produkt\/mette-cafe-arabica-07-lt\/"},"modified":"2025-10-24T16:25:11","modified_gmt":"2025-10-24T14:25:11","slug":"mette-cafe-arabica-07-lt","status":"publish","type":"product","link":"https:\/\/www.kaspar-spirituosen.de\/shop\/produkt\/mette-cafe-arabica-07-lt\/","title":{"rendered":"Mett\u00e9 Caf\u00e9 Arabica 0,7 lt."},"content":{"rendered":"","protected":false},"excerpt":{"rendered":"<p>Aus mazerisierten Kaffeebohnen der Premium-Sorte Arabica destilliert, pr\u00e4sentiert sich die Nase leicht und frisch, im weiteren Verlauf entfaltet sich ein Duft von t\u00fcrkischem Kaffee und purer Mokka-Schokolade &#8211; ein au\u00dfergew\u00f6hnlicher Digestif!<\/p>\n<p>45 % Alkohol<\/p>\n<p>Distillerie Mett\u00e9<br \/>\n9, RUE DES TANNEURS 68150 RIBEAUVILLE &#8211; FRANCE<br \/>\nTel.: +33(0)3.89.73.65.88 Email: info@distillerie-mette.com<\/p>\n<p>&nbsp;<\/p>\n","protected":false},"featured_media":30950,"comment_status":"closed","ping_status":"closed","template":"","meta":{"_acf_changed":false},"product_brand":[],"product_cat":[1574,1579],"product_tag":[387,384,359,386,385,355],"class_list":{"0":"post-6350","1":"product","2":"type-product","3":"status-publish","4":"has-post-thumbnail","6":"product_cat-obstbraende","7":"product_cat-internationale-brennereien","8":"product_tag-braende","9":"product_tag-cafe-cafe-arabica-eau-de-vie-jean-paul-mette-mette-ribeauville-frankreich-rolf","10":"product_tag-essen","11":"product_tag-gmbh","12":"product_tag-kaspar","13":"product_tag-obstbrand","15":"first","16":"outofstock","17":"taxable","18":"shipping-taxable","19":"purchasable","20":"product-type-simple"},"acf":[],"_links":{"self":[{"href":"https:\/\/www.kaspar-spirituosen.de\/shop\/wp-json\/wp\/v2\/product\/6350","targetHints":{"allow":["GET"]}}],"collection":[{"href":"https:\/\/www.kaspar-spirituosen.de\/shop\/wp-json\/wp\/v2\/product"}],"about":[{"href":"https:\/\/www.kaspar-spirituosen.de\/shop\/wp-json\/wp\/v2\/types\/product"}],"replies":[{"embeddable":true,"href":"https:\/\/www.kaspar-spirituosen.de\/shop\/wp-json\/wp\/v2\/comments?post=6350"}],"wp:featuredmedia":[{"embeddable":true,"href":"https:\/\/www.kaspar-spirituosen.de\/shop\/wp-json\/wp\/v2\/media\/30950"}],"wp:attachment":[{"href":"https:\/\/www.kaspar-spirituosen.de\/shop\/wp-json\/wp\/v2\/media?parent=6350"}],"wp:term":[{"taxonomy":"product_brand","embeddable":true,"href":"https:\/\/www.kaspar-spirituosen.de\/shop\/wp-json\/wp\/v2\/product_brand?post=6350"},{"taxonomy":"product_cat","embeddable":true,"href":"https:\/\/www.kaspar-spirituosen.de\/shop\/wp-json\/wp\/v2\/product_cat?post=6350"},{"taxonomy":"product_tag","embeddable":true,"href":"https:\/\/www.kaspar-spirituosen.de\/shop\/wp-json\/wp\/v2\/product_tag?post=6350"}],"curies":[{"name":"wp","href":"https:\/\/api.w.org\/{rel}","templated":true}]}}