{"id":6356,"date":"2025-05-05T16:44:43","date_gmt":"2025-05-05T14:44:43","guid":{"rendered":"https:\/\/www.kaspar-spirituosen.de\/shop\/produkt\/etter-framboise-07-lt\/"},"modified":"2025-10-24T16:25:13","modified_gmt":"2025-10-24T14:25:13","slug":"etter-framboise-07-lt","status":"publish","type":"product","link":"https:\/\/www.kaspar-spirituosen.de\/shop\/produkt\/etter-framboise-07-lt\/","title":{"rendered":"Etter Framboise 0,7 lt."},"content":{"rendered":"","protected":false},"excerpt":{"rendered":"<p>Framboise 41% &#8211; Der einzige Geist &#8222;Himbeergeist&#8220; in unserem Sortiment: Herrlich aromatisch, herrlich fruchtig und herrlich harmonisch.<\/p>\n<p>Die Geschichte der Etters ist die Geschichte vieler Bauernfamilien in der Zentralschweiz. Im &#8222;Berglihof&#8220;, Stammsitz der Familie Etter am milden Westhang des Gubels in der Zuger Gemeinde Menzingen, nahm die Geschichte der &#8222;Etter Fruchtbr\u00e4nde&#8220; ihren Anfang. Seit dem 13. Jahrhundert hat man gebauert und irgendwann realisiert, dass man die geistigen Tropfen nicht nur den geistlichen Herren und Schwestern in den Kl\u00f6stern \u00fcberlassen sollte. Die Etters haben im Winter die eigenen Chriesi gebrannt. Mit Inbetriebnahme eines neuen Geb\u00e4udes im Jahre 1981 hat man die Fruchtbrand-Sorten sukzessive ausgebaut. Heute werden 11 verschiedene Fruchtsorten destilliert.<\/p>\n<p>Etter S\u00f6hne AG<br \/>\nSpirituosen Grosshandel<br \/>\nAdresse: Chollerstrasse 4, 6300 Zug, Schweiz<br \/>\nTelefon:+41 41 748 51 51<\/p>\n","protected":false},"featured_media":30952,"comment_status":"closed","ping_status":"closed","template":"","meta":{"_acf_changed":false},"product_brand":[],"product_cat":[1574,1579],"product_tag":[391],"class_list":{"0":"post-6356","1":"product","2":"type-product","3":"status-publish","4":"has-post-thumbnail","6":"product_cat-obstbraende","7":"product_cat-internationale-brennereien","8":"product_tag-framboise-himbeer-himbeergeist-etter-zug-distillerie-swiss-schweiz-eau-de-vie-suisse-edelbrand-geist-brand-obstbrand-obstbraende-obstler-obstbrandspezialitaeten","10":"first","11":"instock","12":"taxable","13":"shipping-taxable","14":"purchasable","15":"product-type-simple"},"acf":[],"_links":{"self":[{"href":"https:\/\/www.kaspar-spirituosen.de\/shop\/wp-json\/wp\/v2\/product\/6356","targetHints":{"allow":["GET"]}}],"collection":[{"href":"https:\/\/www.kaspar-spirituosen.de\/shop\/wp-json\/wp\/v2\/product"}],"about":[{"href":"https:\/\/www.kaspar-spirituosen.de\/shop\/wp-json\/wp\/v2\/types\/product"}],"replies":[{"embeddable":true,"href":"https:\/\/www.kaspar-spirituosen.de\/shop\/wp-json\/wp\/v2\/comments?post=6356"}],"wp:featuredmedia":[{"embeddable":true,"href":"https:\/\/www.kaspar-spirituosen.de\/shop\/wp-json\/wp\/v2\/media\/30952"}],"wp:attachment":[{"href":"https:\/\/www.kaspar-spirituosen.de\/shop\/wp-json\/wp\/v2\/media?parent=6356"}],"wp:term":[{"taxonomy":"product_brand","embeddable":true,"href":"https:\/\/www.kaspar-spirituosen.de\/shop\/wp-json\/wp\/v2\/product_brand?post=6356"},{"taxonomy":"product_cat","embeddable":true,"href":"https:\/\/www.kaspar-spirituosen.de\/shop\/wp-json\/wp\/v2\/product_cat?post=6356"},{"taxonomy":"product_tag","embeddable":true,"href":"https:\/\/www.kaspar-spirituosen.de\/shop\/wp-json\/wp\/v2\/product_tag?post=6356"}],"curies":[{"name":"wp","href":"https:\/\/api.w.org\/{rel}","templated":true}]}}