{"id":6372,"date":"2025-05-05T16:44:55","date_gmt":"2025-05-05T14:44:55","guid":{"rendered":"https:\/\/www.kaspar-spirituosen.de\/shop\/produkt\/unterthurner-waldler-07-lt\/"},"modified":"2025-11-02T21:43:33","modified_gmt":"2025-11-02T20:43:33","slug":"unterthurner-waldler-07-lt","status":"publish","type":"product","link":"https:\/\/www.kaspar-spirituosen.de\/shop\/produkt\/unterthurner-waldler-07-lt\/","title":{"rendered":"Unterthurner Waldler 0,7 lt."},"content":{"rendered":"","protected":false},"excerpt":{"rendered":"<p>Wir sind immer wieder dar\u00fcber erstaunt, wieviele Kunden ihn zum &#8222;Fressen&#8220; gern haben&#8230; einfach LECKER!<br \/>\nDie Privatbrennerei Unterthurner existiert seit 1947 und produziert einige sehr sch\u00f6ne Obstbr\u00e4nde. Das traditionsbewu\u00dfte Unternehmen setzt bei der Herstellung der Br\u00e4nde noch heute auf die diskontinuieliche Destillation in kupfernen Brennblasen. Edle Obstbr\u00e4nde aus den klimatisch verw\u00f6hnten Obstg\u00e4rten S\u00fcdtirols sind das Ergebnis handwerklicher Fertigkeit. Die feinsten Duft- und Geschmacksnuancen reifer Fr\u00fcchte ins Destillat zu \u00fcbertragen, ist die Kunst, die die Destillerie Unterthurner gerne pflegt.<\/p>\n<p>39 % Alkohol, Zucker, Aroma, Waldhimbeergeist<\/p>\n<p>Privatbrennerei Unterthurner GmbH<br \/>\nA. Pattis Stra\u00dfe 14<br \/>\nI-39020 Marling (BZ)<br \/>\nMeran\/S\u00fcdtirol<br \/>\ninfo@unterthurner.it<br \/>\nTel. +39 0473 447186<\/p>\n","protected":false},"featured_media":30959,"comment_status":"closed","ping_status":"closed","template":"","meta":{"_acf_changed":false},"product_brand":[],"product_cat":[1574,1579],"product_tag":[401],"class_list":{"0":"post-6372","1":"product","2":"type-product","3":"status-publish","4":"has-post-thumbnail","6":"product_cat-obstbraende","7":"product_cat-internationale-brennereien","8":"product_tag-waldler-unterthurner-alto-adige-suedtirol-himbeere-himbeer-geist-rolf-kaspar-essen-nrw","10":"first","11":"instock","12":"taxable","13":"shipping-taxable","14":"purchasable","15":"product-type-simple"},"acf":[],"_links":{"self":[{"href":"https:\/\/www.kaspar-spirituosen.de\/shop\/wp-json\/wp\/v2\/product\/6372","targetHints":{"allow":["GET"]}}],"collection":[{"href":"https:\/\/www.kaspar-spirituosen.de\/shop\/wp-json\/wp\/v2\/product"}],"about":[{"href":"https:\/\/www.kaspar-spirituosen.de\/shop\/wp-json\/wp\/v2\/types\/product"}],"replies":[{"embeddable":true,"href":"https:\/\/www.kaspar-spirituosen.de\/shop\/wp-json\/wp\/v2\/comments?post=6372"}],"wp:featuredmedia":[{"embeddable":true,"href":"https:\/\/www.kaspar-spirituosen.de\/shop\/wp-json\/wp\/v2\/media\/30959"}],"wp:attachment":[{"href":"https:\/\/www.kaspar-spirituosen.de\/shop\/wp-json\/wp\/v2\/media?parent=6372"}],"wp:term":[{"taxonomy":"product_brand","embeddable":true,"href":"https:\/\/www.kaspar-spirituosen.de\/shop\/wp-json\/wp\/v2\/product_brand?post=6372"},{"taxonomy":"product_cat","embeddable":true,"href":"https:\/\/www.kaspar-spirituosen.de\/shop\/wp-json\/wp\/v2\/product_cat?post=6372"},{"taxonomy":"product_tag","embeddable":true,"href":"https:\/\/www.kaspar-spirituosen.de\/shop\/wp-json\/wp\/v2\/product_tag?post=6372"}],"curies":[{"name":"wp","href":"https:\/\/api.w.org\/{rel}","templated":true}]}}