{"id":6384,"date":"2025-05-05T16:44:55","date_gmt":"2025-05-05T14:44:55","guid":{"rendered":"https:\/\/www.kaspar-spirituosen.de\/shop\/produkt\/rossi-dangera-altana-del-borgo-1993-07-lt\/"},"modified":"2025-10-24T16:24:27","modified_gmt":"2025-10-24T14:24:27","slug":"rossi-dangera-altana-del-borgo-1993-07-lt","status":"publish","type":"product","link":"https:\/\/www.kaspar-spirituosen.de\/shop\/produkt\/rossi-dangera-altana-del-borgo-1993-07-lt\/","title":{"rendered":"Rossi d&#8217;Angera Altana del Borgo 1993 0,7 lt."},"content":{"rendered":"<p>Rossi d\u2019Angera stellt seit mehr als 160 Jahren am Ufer des Lago Maggiore Grappas und Lik\u00f6re her. Die am italienischen und internationalen Markt vertretenen Br\u00e4nde von Rossi d\u2019Angera bergen h\u00f6chste handgefertigte Qualit\u00e4t und eine lange Geschichte in sich.<\/p>\n<p>Mit dem neuen Millennium leitet Rossi d\u2019Angera einen Restyling-Prozess f\u00fcr alle Produkte ein und bringt die neue Linie \u201cLuxury\u201d auf den Markt: handgefertigte Grappas und Lik\u00f6re, die eng an die einzelnen Produktionsgegenden gebunden sind, und die es verstehen, auf hervorragende Weise die Charakteristiken und Eigenheiten der verschiedenen eingesetzten Rebsorten auszudr\u00fccken: Grappas vom Typ Riserva millesimata, die sich durch lange Alterungsprozesse im Holz auszeichnen und nur in einer begrenzten Auflage erh\u00e4ltlich sind, sowie ein ganz neues Angebot von \u201eSpirituosen\u201c auf Obstbasis, die den Geschmack der Gegend in sich schlie\u00dfen und diesen gleichzeitig in seiner biologischen Vielfalt erhalten.<\/p>\n<p>F\u00fcr das gesamte Projekt lehnte sich Arturo Rossi an die Beratung einer Person mit herausragender Erfahrung, deren Name alleine in Italien und auf der ganzen Welt den Duft und das Aroma des Grappas in Erinnerung ruft: Antonella Bocchino, aus der ber\u00fchmten Destilliermeister-Familie.<\/p>\n<p><strong>Farbe: Von der Farbe her dunkel und intensiv bernsteinfarbig.<\/strong><\/p>\n<p>Nase: Der Duft entfaltet sich aus den umh\u00fcllenden Aromen von Orangenbl\u00fcten, Rosinen, Kastanienhonig.<\/p>\n<p>Geschmack: Geschmacklich verf\u00fchrt er mit seinem vollen K\u00f6rper und anhaltenden Abgang<\/p>\n<p>Im Jahr, in dem Kevin Costner mit dem Oscar f\u00fcr den besten Film \u201cDer mit dem Wolf tanzt\u201d und Sofia Loren f\u00fcr ihre Karriere ausgezeichnet werden, beginnt dieser Grappa aus dem Trester verschiedener Moscato-Trauben seine lange Reise in der Stille der Eichenf\u00e4sser.<\/p>\n<p>Alkoholgehalt 42% vol.<\/p>\n<p>1847 gr\u00fcndet Bernardo Rossi in Angera, am lombardischen Ufer des Lago Maggiore<\/p>\n<p>die Destillation von frischem Trester, der reich an Aromen ist und aus einer einzigen Rebsorte stammt;<br \/>\ndie Verwendung eines diskontinuierlichen Dampfbrennkessels;<br \/>\nder Alterungsprozess in kleinen Holzf\u00e4ssern mit unterschiedlichem R\u00f6stgrad.<\/p>\n<p>Die Reifung im Holz verleiht dem Grappa Eleganz und Vollkommenheit, womit er den hervorragendsten Destillaten der Welt um nichts nachsteht.<\/p>\n<p>Im Jahr 1931, in der Jugendstilepoche wird der Distilleria Rossi d\u2019Angera von K\u00f6nig Vittorio Emanuele III die Anerkennung zum Hoflieferanten des K\u00f6nigshauses von Savoyen verliehen, die f\u00fcr alle Grappas bezeichnend sind.<\/p>\n<p>Alkoholgehalt 42%vol.<br \/>\nGrappa<br \/>\nRossi d&#8217;Angera Distillatori Srl., Via Puccini 20, 21021 Angera (VA), Lago Maggiore &#8211; Italy<\/p>\n<p>Abbildung \u00e4hnlich<\/p>\n","protected":false},"excerpt":{"rendered":"<p>Rossi d\u2019Angera stellt seit mehr als 160 Jahren am Ufer des Lago Maggiore Grappas und Lik\u00f6re her.<\/p>\n<p>Grappa<br \/>\nRossi d&#8217;Angera Distillatori Srl., Via Puccini 20, 21021 Angera (VA), Lago Maggiore &#8211; Italy<\/p>\n<p>&nbsp;<\/p>\n<p><span style=\"font-family: Arial, Verdana, Helvetica; font-size: 16px;\">Abbildung \u00e4hnlich<\/span><\/p>\n<p><span style=\"font-family: Arial, Verdana, Helvetica; font-size: 16px;\">Abbildung \u00e4hnlich<\/span><\/p>\n","protected":false},"featured_media":30963,"comment_status":"closed","ping_status":"closed","template":"","meta":{"_acf_changed":false},"product_brand":[],"product_cat":[1580,1582],"product_tag":[411],"class_list":{"0":"post-6384","1":"product","2":"type-product","3":"status-publish","4":"has-post-thumbnail","6":"product_cat-grappa","7":"product_cat-distilleria-rossi-dangera","8":"product_tag-altana-del-borgo-rossi-angera-likoer-liqueur-liquore-likoere-rolf-kaspar-essen-nrw-italien-lago-maggiore-lombardei-alkohol-spirituosen-1993","10":"first","11":"instock","12":"taxable","13":"shipping-taxable","14":"purchasable","15":"product-type-simple"},"acf":[],"_links":{"self":[{"href":"https:\/\/www.kaspar-spirituosen.de\/shop\/wp-json\/wp\/v2\/product\/6384","targetHints":{"allow":["GET"]}}],"collection":[{"href":"https:\/\/www.kaspar-spirituosen.de\/shop\/wp-json\/wp\/v2\/product"}],"about":[{"href":"https:\/\/www.kaspar-spirituosen.de\/shop\/wp-json\/wp\/v2\/types\/product"}],"replies":[{"embeddable":true,"href":"https:\/\/www.kaspar-spirituosen.de\/shop\/wp-json\/wp\/v2\/comments?post=6384"}],"wp:featuredmedia":[{"embeddable":true,"href":"https:\/\/www.kaspar-spirituosen.de\/shop\/wp-json\/wp\/v2\/media\/30963"}],"wp:attachment":[{"href":"https:\/\/www.kaspar-spirituosen.de\/shop\/wp-json\/wp\/v2\/media?parent=6384"}],"wp:term":[{"taxonomy":"product_brand","embeddable":true,"href":"https:\/\/www.kaspar-spirituosen.de\/shop\/wp-json\/wp\/v2\/product_brand?post=6384"},{"taxonomy":"product_cat","embeddable":true,"href":"https:\/\/www.kaspar-spirituosen.de\/shop\/wp-json\/wp\/v2\/product_cat?post=6384"},{"taxonomy":"product_tag","embeddable":true,"href":"https:\/\/www.kaspar-spirituosen.de\/shop\/wp-json\/wp\/v2\/product_tag?post=6384"}],"curies":[{"name":"wp","href":"https:\/\/api.w.org\/{rel}","templated":true}]}}