{"id":6388,"date":"2025-05-05T16:44:55","date_gmt":"2025-05-05T14:44:55","guid":{"rendered":"https:\/\/www.kaspar-spirituosen.de\/shop\/produkt\/ab-selezione-grappa-1994-07-l\/"},"modified":"2025-10-24T16:24:27","modified_gmt":"2025-10-24T14:24:27","slug":"ab-selezione-grappa-1994-07-l","status":"publish","type":"product","link":"https:\/\/www.kaspar-spirituosen.de\/shop\/produkt\/ab-selezione-grappa-1994-07-l\/","title":{"rendered":"AB Selezione Grappa 1994, 0,7 L"},"content":{"rendered":"<p>In demselben Jahr, als Nelson Mandela zum Staatspr\u00e4sidenten von S\u00fcdafrika gew\u00e4hlt wurde und Francois Mitterand und K\u00f6nigin Elisabeth den Tunnel unter dem \u00c4rmelkanal einweihten, entstand dieser Grappa aus einer Sinfonie von Muskatellertrauben aus verschiedenen Anbaugebieten, die in einer Cuv\u00e9e verm\u00e4hlt wurden, die sich in Eichenbarriques aus Allier und Limousin entfaltet.<br \/>\nFARBE: dunkles Bernstein mit Mahagoni-T\u00f6nen. DUFT: elegantes Potpourri mit orientalischen Gew\u00fcrzen, Kakao, glasierten Maronen, Pfeifentabak, mit einem milden Finale von Tarassaco-Honig.<br \/>\nGESCHMACK: dieser Grappa verk\u00f6rpert Harmonie und Musik mit seinem intensiven und geschmeidigen, kompakten und cremigen Kern und mit seiner langen, unendlich anmutenden Nachhaltigkeit.<\/p>\n<p>AB Selezione steht f\u00fcr hochwertige, italienische Spirituosen aus Trauben und Trester aus ganz Italien. Jedes Destillat ist eine charaktervolle Pers\u00f6nlichkeit und spiegelt vor allem die Vielfalt der italienischen Moscato Traube wieder, die in fast ganz Italien angebaut wird.<\/p>\n<p>Grappa, Alkoholgehalt: 42%vol.<\/p>\n<p>AB Selezione SRL, Via Buenos Aires, 72, 14053 CANELLI (AT)<\/p>\n","protected":false},"excerpt":{"rendered":"<p>In demselben Jahr, als Nelson Mandela zum Staatspr\u00e4sidenten von S\u00fcdafrika gew\u00e4hlt wurde und Francois Mitterand und K\u00f6nigin Elisabeth den Tunnel unter dem \u00c4rmelkanal einweihten, entstand dieser Grappa aus einer Sinfonie von Muskatellertrauben aus verschiedenen Anbaugebieten, die in einer Cuv\u00e9e verm\u00e4hlt wurden, die sich in Eichenbarriques aus Allier und Limousin entfaltet.<br \/>\nFARBE: dunkles Bernstein mit Mahagoni-T\u00f6nen. DUFT: elegantes Potpourri mit orientalischen Gew\u00fcrzen, Kakao, glasierten Maronen, Pfeifentabak, mit einem milden Finale von Tarassaco-Honig.<br \/>\nGESCHMACK: dieser Grappa verk\u00f6rpert Harmonie und Musik mit seinem intensiven und geschmeidigen, kompakten und cremigen Kern und mit seiner langen, unendlich anmutenden Nachhaltigkeit.<\/p>\n<p>AB Selezione steht f\u00fcr hochwertige, italienische Spirituosen aus Trauben und Trester aus ganz Italien. Jedes Destillat ist eine charaktervolle Pers\u00f6nlichkeit und spiegelt vor allem die Vielfalt der italienischen Moscato Traube wieder, die in fast ganz Italien angebaut wird.<\/p>\n<p>Grappa, Alkoholgehalt: 42%vol.<\/p>\n<p>AB Selezione SRL, Via Buenos Aires, 72, 14053 CANELLI (AT)<\/p>\n","protected":false},"featured_media":30965,"comment_status":"closed","ping_status":"closed","template":"","meta":{"_acf_changed":false},"product_brand":[],"product_cat":[1580,1584],"product_tag":[408],"class_list":{"0":"post-6388","1":"product","2":"type-product","3":"status-publish","4":"has-post-thumbnail","6":"product_cat-grappa","7":"product_cat-destillate-anderer-brenner","8":"product_tag-ab-selezione-grappa-antonella-boccino-trester-likoer-liqueur-liquore-likoere-rolf-kaspar-essen-nrw-italien-alkohol-spirituosen","10":"first","11":"outofstock","12":"taxable","13":"shipping-taxable","14":"purchasable","15":"product-type-simple"},"acf":[],"_links":{"self":[{"href":"https:\/\/www.kaspar-spirituosen.de\/shop\/wp-json\/wp\/v2\/product\/6388","targetHints":{"allow":["GET"]}}],"collection":[{"href":"https:\/\/www.kaspar-spirituosen.de\/shop\/wp-json\/wp\/v2\/product"}],"about":[{"href":"https:\/\/www.kaspar-spirituosen.de\/shop\/wp-json\/wp\/v2\/types\/product"}],"replies":[{"embeddable":true,"href":"https:\/\/www.kaspar-spirituosen.de\/shop\/wp-json\/wp\/v2\/comments?post=6388"}],"wp:featuredmedia":[{"embeddable":true,"href":"https:\/\/www.kaspar-spirituosen.de\/shop\/wp-json\/wp\/v2\/media\/30965"}],"wp:attachment":[{"href":"https:\/\/www.kaspar-spirituosen.de\/shop\/wp-json\/wp\/v2\/media?parent=6388"}],"wp:term":[{"taxonomy":"product_brand","embeddable":true,"href":"https:\/\/www.kaspar-spirituosen.de\/shop\/wp-json\/wp\/v2\/product_brand?post=6388"},{"taxonomy":"product_cat","embeddable":true,"href":"https:\/\/www.kaspar-spirituosen.de\/shop\/wp-json\/wp\/v2\/product_cat?post=6388"},{"taxonomy":"product_tag","embeddable":true,"href":"https:\/\/www.kaspar-spirituosen.de\/shop\/wp-json\/wp\/v2\/product_tag?post=6388"}],"curies":[{"name":"wp","href":"https:\/\/api.w.org\/{rel}","templated":true}]}}