{"id":6390,"date":"2025-05-05T16:44:55","date_gmt":"2025-05-05T14:44:55","guid":{"rendered":"https:\/\/www.kaspar-spirituosen.de\/shop\/produkt\/ab-selezione-grappe-2000-07-l\/"},"modified":"2025-10-24T16:24:28","modified_gmt":"2025-10-24T14:24:28","slug":"ab-selezione-grappe-2000-07-l","status":"publish","type":"product","link":"https:\/\/www.kaspar-spirituosen.de\/shop\/produkt\/ab-selezione-grappe-2000-07-l\/","title":{"rendered":"AB Selezione Grappe 2000 0,7 L"},"content":{"rendered":"<p>In demselben Jahr, in dem das zweite Jahrtausend endete und die katholische Kirche das Gro\u00dfe Jubil\u00e4um feierte, trat dieser Grappa, Ergebnis einer Sinfonie von Muskatellertrauben aus verschiedenen Anbaugebieten, den langen Weg seiner Entfaltung in Eichenbarriques aus Allier und Limousin an.<br \/>\nFARBE: klassisches Bernstein.<br \/>\nDUFT: aromatisches Flair, das intensive Noten von Kakao und getrockneten Weinbeeren, von Trockenfeigen und Walnussh\u00fcllen enth\u00fcllt. Im Abgang lassen sich Komponenten von ger\u00f6steten und glasierten Maronen erfassen.<br \/>\nGESCHMACK: die Tannine des Holzes, umh\u00fcllen und liebkosen den Gaumen auf dezente Weise und erwecken Empfindungen, die an jene angenehm w\u00fcrzigen Noten des Vinsanto erinnern.<\/p>\n<p>AB Selezione steht f\u00fcr hochwertige, italienische Spirituosen aus Trauben und Trester aus ganz Italien. Jedes Destillat ist eine charaktervolle Pers\u00f6nlichkeit und spiegelt vor allem die Vielfalt der italienischen Moscato Traube wieder, die in fast ganz Italien angebaut wird.<\/p>\n<p>Grappa, Alkoholgehalt: 42%vol.<\/p>\n<p>AB Selezione SRL, Via Buenos Aires, 72, 14053 CANELLI (AT)<\/p>\n","protected":false},"excerpt":{"rendered":"<p>In demselben Jahr, in dem das zweite Jahrtausend endete und die katholische Kirche das Gro\u00dfe Jubil\u00e4um feierte, trat dieser Grappa, Ergebnis einer Sinfonie von Muskatellertrauben aus verschiedenen Anbaugebieten, den langen Weg seiner Entfaltung in Eichenbarriques aus Allier und Limousin an.<br \/>\nFARBE: klassisches Bernstein.<br \/>\nDUFT: aromatisches Flair, das intensive Noten von Kakao und getrockneten Weinbeeren, von Trockenfeigen und Walnussh\u00fcllen enth\u00fcllt. Im Abgang lassen sich Komponenten von ger\u00f6steten und glasierten Maronen erfassen.<br \/>\nGESCHMACK: die Tannine des Holzes, umh\u00fcllen und liebkosen den Gaumen auf dezente Weise und erwecken Empfindungen, die an jene angenehm w\u00fcrzigen Noten des Vinsanto erinnern.<\/p>\n<p>AB Selezione steht f\u00fcr hochwertige, italienische Spirituosen aus Trauben und Trester aus ganz Italien. Jedes Destillat ist eine charaktervolle Pers\u00f6nlichkeit und spiegelt vor allem die Vielfalt der italienischen Moscato Traube wieder, die in fast ganz Italien angebaut wird.<\/p>\n<p>Grappa, Alkoholgehalt: 42%vol.<\/p>\n<p>AB Selezione SRL, Via Buenos Aires, 72, 14053 CANELLI (AT)<\/p>\n","protected":false},"featured_media":30966,"comment_status":"closed","ping_status":"closed","template":"","meta":{"_acf_changed":false},"product_brand":[],"product_cat":[1580,1584],"product_tag":[408],"class_list":{"0":"post-6390","1":"product","2":"type-product","3":"status-publish","4":"has-post-thumbnail","6":"product_cat-grappa","7":"product_cat-destillate-anderer-brenner","8":"product_tag-ab-selezione-grappa-antonella-boccino-trester-likoer-liqueur-liquore-likoere-rolf-kaspar-essen-nrw-italien-alkohol-spirituosen","10":"first","11":"outofstock","12":"taxable","13":"shipping-taxable","14":"purchasable","15":"product-type-simple"},"acf":[],"_links":{"self":[{"href":"https:\/\/www.kaspar-spirituosen.de\/shop\/wp-json\/wp\/v2\/product\/6390","targetHints":{"allow":["GET"]}}],"collection":[{"href":"https:\/\/www.kaspar-spirituosen.de\/shop\/wp-json\/wp\/v2\/product"}],"about":[{"href":"https:\/\/www.kaspar-spirituosen.de\/shop\/wp-json\/wp\/v2\/types\/product"}],"replies":[{"embeddable":true,"href":"https:\/\/www.kaspar-spirituosen.de\/shop\/wp-json\/wp\/v2\/comments?post=6390"}],"wp:featuredmedia":[{"embeddable":true,"href":"https:\/\/www.kaspar-spirituosen.de\/shop\/wp-json\/wp\/v2\/media\/30966"}],"wp:attachment":[{"href":"https:\/\/www.kaspar-spirituosen.de\/shop\/wp-json\/wp\/v2\/media?parent=6390"}],"wp:term":[{"taxonomy":"product_brand","embeddable":true,"href":"https:\/\/www.kaspar-spirituosen.de\/shop\/wp-json\/wp\/v2\/product_brand?post=6390"},{"taxonomy":"product_cat","embeddable":true,"href":"https:\/\/www.kaspar-spirituosen.de\/shop\/wp-json\/wp\/v2\/product_cat?post=6390"},{"taxonomy":"product_tag","embeddable":true,"href":"https:\/\/www.kaspar-spirituosen.de\/shop\/wp-json\/wp\/v2\/product_tag?post=6390"}],"curies":[{"name":"wp","href":"https:\/\/api.w.org\/{rel}","templated":true}]}}