{"id":6392,"date":"2025-05-05T16:44:55","date_gmt":"2025-05-05T14:44:55","guid":{"rendered":"https:\/\/www.kaspar-spirituosen.de\/shop\/produkt\/ab-selezione-moscato-oltrepo-05-lt\/"},"modified":"2025-10-24T16:24:28","modified_gmt":"2025-10-24T14:24:28","slug":"ab-selezione-moscato-oltrepo-05-lt","status":"publish","type":"product","link":"https:\/\/www.kaspar-spirituosen.de\/shop\/produkt\/ab-selezione-moscato-oltrepo-05-lt\/","title":{"rendered":"AB Selezione Moscato Oltrepo 0,5 lt"},"content":{"rendered":"<p>Das Oltrepo Pavese ist jene H\u00fcgellandschaft im S\u00fcden der Lombardei und bekannt als das Gebiet, wo vier Regionen zusammentreffen: Lombardei, Piemont, Ligurien und Emilia Romagna. Mergel, Kalk, Sandstein und Gips, ebenso wie Sand und Lehm sind die Hauptkomponenten des Bodens in dieser Region, die bereits zu Zeiten Strabons als Anbaugebiet hochwertiger Weine galt. Es war der Staatsmann Depretis, der das Gebiet als Schaumweinregion pr\u00e4gte. Der wei\u00dfe Moscato ist mit Sicherheit seit vielen Jahrhunderten im Oltrepo pr\u00e4sent, aber seine kontrollierte Ursprungsbezeichnung geht erst auf das Jahr 1970 zur\u00fcck. Aus den Weinbergen des Oltrepo Pavese stammen die Trester, die s\u00e4mtliche Lebenss\u00e4fte des Moscato in sich bergen und nach schonender Pressung und \u00fcberwachter Fermentation mit anschlie\u00dfender langsamer diskontinuierlicher Destillation im Brennkolben mit Wasserbad diesen Grappa hervorbringen, der sich in Barriques aus Eichenholz aus Allier und Limousin entfaltet.<\/p>\n<p>FARBE: leuchtend goldgelb.<br \/>\nDUFT: intensiv und vielschichtig, mit sp\u00fcrbaren Noten von Akazienhonig, Bienenwachs und Jasminstauden.<br \/>\nGESCHMACK: von nahezu cremiger Dichte, die Feinheit und Alkohol in sich einbindet und kraftvolle T\u00f6ne von ger\u00f6steten Haseln\u00fcssen, wei\u00dfer Schokolade und Buttergeb\u00e4ck offenbart.<\/p>\n<p>AB Selezione steht f\u00fcr hochwertige, italienische Spirituosen aus Trauben und Trester aus ganz Italien. Jedes Destillat ist eine charaktervolle Pers\u00f6nlichkeit und spiegelt vor allem die Vielfalt der italienischen Moscato Traube wieder, die in fast ganz Italien angebaut wird.<\/p>\n<p>Grappa, Alkoholgehalt: 42%vol.<\/p>\n<p>AB Selezione SRL, Via Buenos Aires, 72, 14053 CANELLI (AT)<\/p>\n","protected":false},"excerpt":{"rendered":"<p>Das Oltrepo Pavese ist jene H\u00fcgellandschaft im S\u00fcden der Lombardei und bekannt als das Gebiet, wo vier Regionen zusammentreffen: Lombardei, Piemont, Ligurien und Emilia Romagna. Mergel, Kalk, Sandstein und Gips, ebenso wie Sand und Lehm sind die Hauptkomponenten des Bodens in dieser Region, die bereits zu Zeiten Strabons als Anbaugebiet hochwertiger Weine galt. Es war der Staatsmann Depretis, der das Gebiet als Schaumweinregion pr\u00e4gte. Der wei\u00dfe Moscato ist mit Sicherheit seit vielen Jahrhunderten im Oltrepo pr\u00e4sent, aber seine kontrollierte Ursprungsbezeichnung geht erst auf das Jahr 1970 zur\u00fcck. Aus den Weinbergen des Oltrepo Pavese stammen die Trester, die s\u00e4mtliche Lebenss\u00e4fte des Moscato in sich bergen und nach schonender Pressung und \u00fcberwachter Fermentation mit anschlie\u00dfender langsamer diskontinuierlicher Destillation im Brennkolben mit Wasserbad diesen Grappa hervorbringen, der sich in Barriques aus Eichenholz aus Allier und Limousin entfaltet.<\/p>\n<p>FARBE: leuchtend goldgelb.<br \/>\nDUFT: intensiv und vielschichtig, mit sp\u00fcrbaren Noten von Akazienhonig, Bienenwachs und Jasminstauden.<br \/>\nGESCHMACK: von nahezu cremiger Dichte, die Feinheit und Alkohol in sich einbindet und kraftvolle T\u00f6ne von ger\u00f6steten Haseln\u00fcssen, wei\u00dfer Schokolade und Buttergeb\u00e4ck offenbart.<\/p>\n<p>AB Selezione steht f\u00fcr hochwertige, italienische Spirituosen aus Trauben und Trester aus ganz Italien. Jedes Destillat ist eine charaktervolle Pers\u00f6nlichkeit und spiegelt vor allem die Vielfalt der italienischen Moscato Traube wieder, die in fast ganz Italien angebaut wird.<\/p>\n<p>Grappa, Alkoholgehalt: 42%vol.<\/p>\n<p>AB Selezione SRL, Via Buenos Aires, 72, 14053 CANELLI (AT)<\/p>\n","protected":false},"featured_media":30967,"comment_status":"closed","ping_status":"closed","template":"","meta":{"_acf_changed":false},"product_brand":[],"product_cat":[1580,1584],"product_tag":[408],"class_list":{"0":"post-6392","1":"product","2":"type-product","3":"status-publish","4":"has-post-thumbnail","6":"product_cat-grappa","7":"product_cat-destillate-anderer-brenner","8":"product_tag-ab-selezione-grappa-antonella-boccino-trester-likoer-liqueur-liquore-likoere-rolf-kaspar-essen-nrw-italien-alkohol-spirituosen","10":"first","11":"instock","12":"taxable","13":"shipping-taxable","14":"purchasable","15":"product-type-simple"},"acf":[],"_links":{"self":[{"href":"https:\/\/www.kaspar-spirituosen.de\/shop\/wp-json\/wp\/v2\/product\/6392","targetHints":{"allow":["GET"]}}],"collection":[{"href":"https:\/\/www.kaspar-spirituosen.de\/shop\/wp-json\/wp\/v2\/product"}],"about":[{"href":"https:\/\/www.kaspar-spirituosen.de\/shop\/wp-json\/wp\/v2\/types\/product"}],"replies":[{"embeddable":true,"href":"https:\/\/www.kaspar-spirituosen.de\/shop\/wp-json\/wp\/v2\/comments?post=6392"}],"wp:featuredmedia":[{"embeddable":true,"href":"https:\/\/www.kaspar-spirituosen.de\/shop\/wp-json\/wp\/v2\/media\/30967"}],"wp:attachment":[{"href":"https:\/\/www.kaspar-spirituosen.de\/shop\/wp-json\/wp\/v2\/media?parent=6392"}],"wp:term":[{"taxonomy":"product_brand","embeddable":true,"href":"https:\/\/www.kaspar-spirituosen.de\/shop\/wp-json\/wp\/v2\/product_brand?post=6392"},{"taxonomy":"product_cat","embeddable":true,"href":"https:\/\/www.kaspar-spirituosen.de\/shop\/wp-json\/wp\/v2\/product_cat?post=6392"},{"taxonomy":"product_tag","embeddable":true,"href":"https:\/\/www.kaspar-spirituosen.de\/shop\/wp-json\/wp\/v2\/product_tag?post=6392"}],"curies":[{"name":"wp","href":"https:\/\/api.w.org\/{rel}","templated":true}]}}