{"id":6394,"date":"2025-05-05T16:44:55","date_gmt":"2025-05-05T14:44:55","guid":{"rendered":"https:\/\/www.kaspar-spirituosen.de\/shop\/produkt\/ab-selezione-nebbiolo-07-lt\/"},"modified":"2025-10-24T16:24:29","modified_gmt":"2025-10-24T14:24:29","slug":"ab-selezione-nebbiolo-07-lt","status":"publish","type":"product","link":"https:\/\/www.kaspar-spirituosen.de\/shop\/produkt\/ab-selezione-nebbiolo-07-lt\/","title":{"rendered":"AB Selezione Nebbiolo 0,7 lt"},"content":{"rendered":"<p>Die Insel Pantelleria ist schlechthin das Gebiet f\u00fcr die Produktion des sizilianischen Moscato, der aus der alten, von den Arabern eingef\u00fchrten Rebsorte Zibibbo hervorgeht, wobei der Name von Zabib stammt und f\u00fcr in der Sonne getrocknete Fr\u00fcchte steht. Der seit sehr langer Zeit auf Pantelleria produzierte Moscato, der 1696 zum ersten Mal von Francesco Cupani erw\u00e4hnt wurde, \u00fcberschritt erst im 19. Jahrhundert die Grenzen der Insel, um sich allm\u00e4hlich in ganz Europa zu verbreiten. Der Boden des Anbaugebietes ist sandig, von vulkanischem Ursprung, ausgesprochen reich an Mineralen und Silicaten mit Vorkommen<br \/>\nvon Lehm und Humus aus der verwitterten Lava des Untergrunds. Aus den sonnigen Weinbergen der Insel Pantelleria stammen die Trester, die s\u00e4mtliche Lebenss\u00e4fte des Moscato in sich bergen und nach schonender Pressung und \u00fcberwachter Fermentation mit anschlie\u00dfender langsamer diskontinuierlicher Destillation in Brennkolben mit Wasserbad diesen Grappa hervorbringen, der sich in Barriques aus Eichenholz aus Allier und Limousin entfaltet.<\/p>\n<p>FARBE: leuchtend goldgelb.<br \/>\nDUFT: vielf\u00e4ltige Aromen von tropischen Fr\u00fcchten, von Bananen \u00fcber Ananas bis hin zu Papayas und Mangos, in einer nachhaltigen Folge von T\u00f6nen und Duftnoten in unterschiedlichen Intensit\u00e4ten.<br \/>\nGESCHMACK: w\u00e4rme und F\u00fclle umspielen den Gaumen, mit Noten von Zyperntrauben und Kaktusfeigen, die in ein Mix von Geb\u00e4cknoten auslaufen und R\u00f6stkomponenten und Nuancen von Cr\u00e8me br\u00fbl\u00e9e enth\u00fcllen.<\/p>\n<p>AB Selezione steht f\u00fcr hochwertige, italienische Spirituosen aus Trauben und Trester aus ganz Italien. Jedes Destillat ist eine charaktervolle Pers\u00f6nlichkeit und spiegelt vor allem die Vielfalt der italienischen Moscato Traube wieder, die in fast ganz Italien angebaut wird.<\/p>\n<p>Grappa, Alkoholgehalt: 42%vol.<\/p>\n<p>AB Selezione SRL, Via Buenos Aires, 72, 14053 CANELLI (AT)<\/p>\n","protected":false},"excerpt":{"rendered":"<p>Die Insel Pantelleria ist schlechthin das Gebiet f\u00fcr die Produktion des sizilianischen Moscato, der aus der alten, von den Arabern eingef\u00fchrten Rebsorte Zibibbo hervorgeht, wobei der Name von Zabib stammt und f\u00fcr in der Sonne getrocknete Fr\u00fcchte steht. Der seit sehr langer Zeit auf Pantelleria produzierte Moscato, der 1696 zum ersten Mal von Francesco Cupani erw\u00e4hnt wurde, \u00fcberschritt erst im 19. Jahrhundert die Grenzen der Insel, um sich allm\u00e4hlich in ganz Europa zu verbreiten. Der Boden des Anbaugebietes ist sandig, von vulkanischem Ursprung, ausgesprochen reich an Mineralen und Silicaten mit Vorkommen<br \/>\nvon Lehm und Humus aus der verwitterten Lava des Untergrunds. Aus den sonnigen Weinbergen der Insel Pantelleria stammen die Trester, die s\u00e4mtliche Lebenss\u00e4fte des Moscato in sich bergen und nach schonender Pressung und \u00fcberwachter Fermentation mit anschlie\u00dfender langsamer diskontinuierlicher Destillation in Brennkolben mit Wasserbad diesen Grappa hervorbringen, der sich in Barriques aus Eichenholz aus Allier und Limousin entfaltet.<\/p>\n<p>FARBE: leuchtend goldgelb.<br \/>\nDUFT: vielf\u00e4ltige Aromen von tropischen Fr\u00fcchten, von Bananen \u00fcber Ananas bis hin zu Papayas und Mangos, in einer nachhaltigen Folge von T\u00f6nen und Duftnoten in unterschiedlichen Intensit\u00e4ten.<br \/>\nGESCHMACK: w\u00e4rme und F\u00fclle umspielen den Gaumen, mit Noten von Zyperntrauben und Kaktusfeigen, die in ein Mix von Geb\u00e4cknoten auslaufen und R\u00f6stkomponenten und Nuancen von Cr\u00e8me br\u00fbl\u00e9e enth\u00fcllen.<\/p>\n<p>AB Selezione steht f\u00fcr hochwertige, italienische Spirituosen aus Trauben und Trester aus ganz Italien. Jedes Destillat ist eine charaktervolle Pers\u00f6nlichkeit und spiegelt vor allem die Vielfalt der italienischen Moscato Traube wieder, die in fast ganz Italien angebaut wird.<\/p>\n<p>Grappa, Alkoholgehalt: 42%vol.<\/p>\n<p>AB Selezione SRL, Via Buenos Aires, 72, 14053 CANELLI (AT)<\/p>\n","protected":false},"featured_media":30968,"comment_status":"closed","ping_status":"closed","template":"","meta":{"_acf_changed":false},"product_brand":[],"product_cat":[1580,1584],"product_tag":[408],"class_list":{"0":"post-6394","1":"product","2":"type-product","3":"status-publish","4":"has-post-thumbnail","6":"product_cat-grappa","7":"product_cat-destillate-anderer-brenner","8":"product_tag-ab-selezione-grappa-antonella-boccino-trester-likoer-liqueur-liquore-likoere-rolf-kaspar-essen-nrw-italien-alkohol-spirituosen","10":"first","11":"outofstock","12":"taxable","13":"shipping-taxable","14":"purchasable","15":"product-type-simple"},"acf":[],"_links":{"self":[{"href":"https:\/\/www.kaspar-spirituosen.de\/shop\/wp-json\/wp\/v2\/product\/6394","targetHints":{"allow":["GET"]}}],"collection":[{"href":"https:\/\/www.kaspar-spirituosen.de\/shop\/wp-json\/wp\/v2\/product"}],"about":[{"href":"https:\/\/www.kaspar-spirituosen.de\/shop\/wp-json\/wp\/v2\/types\/product"}],"replies":[{"embeddable":true,"href":"https:\/\/www.kaspar-spirituosen.de\/shop\/wp-json\/wp\/v2\/comments?post=6394"}],"wp:featuredmedia":[{"embeddable":true,"href":"https:\/\/www.kaspar-spirituosen.de\/shop\/wp-json\/wp\/v2\/media\/30968"}],"wp:attachment":[{"href":"https:\/\/www.kaspar-spirituosen.de\/shop\/wp-json\/wp\/v2\/media?parent=6394"}],"wp:term":[{"taxonomy":"product_brand","embeddable":true,"href":"https:\/\/www.kaspar-spirituosen.de\/shop\/wp-json\/wp\/v2\/product_brand?post=6394"},{"taxonomy":"product_cat","embeddable":true,"href":"https:\/\/www.kaspar-spirituosen.de\/shop\/wp-json\/wp\/v2\/product_cat?post=6394"},{"taxonomy":"product_tag","embeddable":true,"href":"https:\/\/www.kaspar-spirituosen.de\/shop\/wp-json\/wp\/v2\/product_tag?post=6394"}],"curies":[{"name":"wp","href":"https:\/\/api.w.org\/{rel}","templated":true}]}}