{"id":6396,"date":"2025-05-05T16:44:55","date_gmt":"2025-05-05T14:44:55","guid":{"rendered":"https:\/\/www.kaspar-spirituosen.de\/shop\/produkt\/ab-selezione-moscato-07-lt-i-cru\/"},"modified":"2025-10-24T16:24:29","modified_gmt":"2025-10-24T14:24:29","slug":"ab-selezione-moscato-07-lt-i-cru","status":"publish","type":"product","link":"https:\/\/www.kaspar-spirituosen.de\/shop\/produkt\/ab-selezione-moscato-07-lt-i-cru\/","title":{"rendered":"AB Selezione Moscato 0,7 lt, &#8220; I Cru&#8220;"},"content":{"rendered":"<p>Aus den Weinbergen der Gemeinde Canelli, die 2014 zum UNESCO-Weltkulturerbe ernannt wurden. \u201eJene H\u00fcgel, Steinpfad und Bewegung im Schilf\u2026und du erkennst du den Weinberg in der lautlosen Nacht\u201c (Cesare<br \/>\nPavese). Aus diesen H\u00fcgeln stammen die Trester, die s\u00e4mtliche Lebenss\u00e4fte des Moscato in sich bergen und nach schonender Pressung und \u00fcberwachter Fermentation mit anschlie\u00dfender langsamer und diskontinuierlicher Destillation im Brennkolben mit Wasserbad diesen sinnlichen und intensiven Grappa hervorbringen.<\/p>\n<p>FARBE: leuchtend und klar.<br \/>\nDUFT: vor einem frischen und wohlduftenden Hintergrund ragen voller Kraft Noten von kandierten Orangen, Pfirsichen und Akazienhonig heraus.<br \/>\nGESCHMACK: umfassende Empfindungen von Zitrusfr\u00fcchten und Salbei, die den Gaumen mit einem Hauch von Eleganz und Dichte einh\u00fcllen. Der Abgang ist harmonisch und komplex.<\/p>\n<p>AB Selezione steht f\u00fcr hochwertige, italienische Spirituosen aus Trauben und Trester aus ganz Italien. Jedes Destillat ist eine charaktervolle Pers\u00f6nlichkeit und spiegelt vor allem die Vielfalt der italienischen Moscato Traube wieder, die in fast ganz Italien angebaut wird.<\/p>\n<p>Grappa, Alkoholgehalt: 42%vol.<\/p>\n<p>AB Selezione SRL, Via Buenos Aires, 72, 14053 CANELLI (AT)<\/p>\n","protected":false},"excerpt":{"rendered":"<p>Aus den Weinbergen der Gemeinde Canelli, die 2014 zum UNESCO-Weltkulturerbe ernannt wurden. \u201eJene H\u00fcgel, Steinpfad und Bewegung im Schilf\u2026und du erkennst du den Weinberg in der lautlosen Nacht\u201c (Cesare<br \/>\nPavese). Aus diesen H\u00fcgeln stammen die Trester, die s\u00e4mtliche Lebenss\u00e4fte des Moscato in sich bergen und nach schonender Pressung und \u00fcberwachter Fermentation mit anschlie\u00dfender langsamer und diskontinuierlicher Destillation im Brennkolben mit Wasserbad diesen sinnlichen und intensiven Grappa hervorbringen.<\/p>\n<p>FARBE: leuchtend und klar.<br \/>\nDUFT: vor einem frischen und wohlduftenden Hintergrund ragen voller Kraft Noten von kandierten Orangen, Pfirsichen und Akazienhonig heraus.<br \/>\nGESCHMACK: umfassende Empfindungen von Zitrusfr\u00fcchten und Salbei, die den Gaumen mit einem Hauch von Eleganz und Dichte einh\u00fcllen. Der Abgang ist harmonisch und komplex.<\/p>\n<p>AB Selezione steht f\u00fcr hochwertige, italienische Spirituosen aus Trauben und Trester aus ganz Italien. Jedes Destillat ist eine charaktervolle Pers\u00f6nlichkeit und spiegelt vor allem die Vielfalt der italienischen Moscato Traube wieder, die in fast ganz Italien angebaut wird.<\/p>\n<p>Grappa, Alkoholgehalt: 42%vol.<\/p>\n<p>AB Selezione SRL, Via Buenos Aires, 72, 14053 CANELLI (AT)<\/p>\n","protected":false},"featured_media":30969,"comment_status":"closed","ping_status":"closed","template":"","meta":{"_acf_changed":false},"product_brand":[],"product_cat":[1580,1584],"product_tag":[408],"class_list":{"0":"post-6396","1":"product","2":"type-product","3":"status-publish","4":"has-post-thumbnail","6":"product_cat-grappa","7":"product_cat-destillate-anderer-brenner","8":"product_tag-ab-selezione-grappa-antonella-boccino-trester-likoer-liqueur-liquore-likoere-rolf-kaspar-essen-nrw-italien-alkohol-spirituosen","10":"first","11":"instock","12":"taxable","13":"shipping-taxable","14":"purchasable","15":"product-type-simple"},"acf":[],"_links":{"self":[{"href":"https:\/\/www.kaspar-spirituosen.de\/shop\/wp-json\/wp\/v2\/product\/6396","targetHints":{"allow":["GET"]}}],"collection":[{"href":"https:\/\/www.kaspar-spirituosen.de\/shop\/wp-json\/wp\/v2\/product"}],"about":[{"href":"https:\/\/www.kaspar-spirituosen.de\/shop\/wp-json\/wp\/v2\/types\/product"}],"replies":[{"embeddable":true,"href":"https:\/\/www.kaspar-spirituosen.de\/shop\/wp-json\/wp\/v2\/comments?post=6396"}],"wp:featuredmedia":[{"embeddable":true,"href":"https:\/\/www.kaspar-spirituosen.de\/shop\/wp-json\/wp\/v2\/media\/30969"}],"wp:attachment":[{"href":"https:\/\/www.kaspar-spirituosen.de\/shop\/wp-json\/wp\/v2\/media?parent=6396"}],"wp:term":[{"taxonomy":"product_brand","embeddable":true,"href":"https:\/\/www.kaspar-spirituosen.de\/shop\/wp-json\/wp\/v2\/product_brand?post=6396"},{"taxonomy":"product_cat","embeddable":true,"href":"https:\/\/www.kaspar-spirituosen.de\/shop\/wp-json\/wp\/v2\/product_cat?post=6396"},{"taxonomy":"product_tag","embeddable":true,"href":"https:\/\/www.kaspar-spirituosen.de\/shop\/wp-json\/wp\/v2\/product_tag?post=6396"}],"curies":[{"name":"wp","href":"https:\/\/api.w.org\/{rel}","templated":true}]}}