{"id":6400,"date":"2025-05-05T16:44:55","date_gmt":"2025-05-05T14:44:55","guid":{"rendered":"https:\/\/www.kaspar-spirituosen.de\/shop\/produkt\/ab-selezione-moscato-sardegna-05-lt\/"},"modified":"2025-10-24T16:24:30","modified_gmt":"2025-10-24T14:24:30","slug":"ab-selezione-moscato-sardegna-05-lt","status":"publish","type":"product","link":"https:\/\/www.kaspar-spirituosen.de\/shop\/produkt\/ab-selezione-moscato-sardegna-05-lt\/","title":{"rendered":"AB Selezione Moscato Sardegna 0,5 lt"},"content":{"rendered":"<p>Der wei\u00dfe Moscato geh\u00f6rt zu den \u00e4ltesten Rebsorten auf Sardinien, fand seine Verbreitung auf der Insel jedoch erst in der Zeit der Piemontesischen Regierung infolge der Weinbaupolitik, die von dem Vizek\u00f6nig, dem Markgrafen von Rivarolo, ab 1736 umgesetzt wurde. Die 1804 gegr\u00fcndete K\u00f6nigliche Agrar- und Wirtschaftsgesellschaft von Cagliari begann damit, die sardischen Weine, besonders die Muskateller aus Tempio Gallura, dem antiken Gemellae des R\u00f6mischen Reiches, au\u00dferhalb der Insel bekannt zu machen. Aus den der Meeresbrise ausgesetzten Weinbergen stammen die Trester, die s\u00e4mtliche Lebenss\u00e4fte des Moscato in sich bergen und nach schonender Pressung und \u00fcberwachter Fermentation mit anschlie\u00dfender langsamer diskontinuierlicher Destillation im Brennkolben mit Wasserbad diesen Grappa hervorbringen, der sich in Barriques aus Eichenholz aus Allier und Limousin entfaltet.<\/p>\n<p>FARBE: leuchtend goldgelb.<br \/>\nDUFT: gepr\u00e4gt von den klassischen Aromen der Rebsorte Moscato, aber mit offensichtlichen und typischen Noten von Lavendel, Salbei und getrockneten Blumen.<br \/>\nGESCHMACK: kr\u00e4ftig im Ansatz, der sich salzigen T\u00f6nen \u00f6ffnet, die an das Meer erinnern. Das Finale ist dicht und leicht rauchig.<\/p>\n<p>AB Selezione steht f\u00fcr hochwertige, italienische Spirituosen aus Trauben und Trester aus ganz Italien. Jedes Destillat ist eine charaktervolle Pers\u00f6nlichkeit und spiegelt vor allem die Vielfalt der italienischen Moscato Traube wieder, die in fast ganz Italien angebaut wird.<\/p>\n<p>Grappa, Alkoholgehalt: 42%vol.<\/p>\n<p>AB Selezione SRL, Via Buenos Aires, 72, 14053 CANELLI (AT)<\/p>\n","protected":false},"excerpt":{"rendered":"<p>Der wei\u00dfe Moscato geh\u00f6rt zu den \u00e4ltesten Rebsorten auf Sardinien, fand seine Verbreitung auf der Insel jedoch erst in der Zeit der Piemontesischen Regierung infolge der Weinbaupolitik, die von dem Vizek\u00f6nig, dem Markgrafen von Rivarolo, ab 1736 umgesetzt wurde. Die 1804 gegr\u00fcndete K\u00f6nigliche Agrar- und Wirtschaftsgesellschaft von Cagliari begann damit, die sardischen Weine, besonders die Muskateller aus Tempio Gallura, dem antiken Gemellae des R\u00f6mischen Reiches, au\u00dferhalb der Insel bekannt zu machen. Aus den der Meeresbrise ausgesetzten Weinbergen stammen die Trester, die s\u00e4mtliche Lebenss\u00e4fte des Moscato in sich bergen und nach schonender Pressung und \u00fcberwachter Fermentation mit anschlie\u00dfender langsamer diskontinuierlicher Destillation im Brennkolben mit Wasserbad diesen Grappa hervorbringen, der sich in Barriques aus Eichenholz aus Allier und Limousin entfaltet.<\/p>\n<p>FARBE: leuchtend goldgelb.<br \/>\nDUFT: gepr\u00e4gt von den klassischen Aromen der Rebsorte Moscato, aber mit offensichtlichen und typischen Noten von Lavendel, Salbei und getrockneten Blumen.<br \/>\nGESCHMACK: kr\u00e4ftig im Ansatz, der sich salzigen T\u00f6nen \u00f6ffnet, die an das Meer erinnern. Das Finale ist dicht und leicht rauchig.<\/p>\n<p>AB Selezione steht f\u00fcr hochwertige, italienische Spirituosen aus Trauben und Trester aus ganz Italien. Jedes Destillat ist eine charaktervolle Pers\u00f6nlichkeit und spiegelt vor allem die Vielfalt der italienischen Moscato Traube wieder, die in fast ganz Italien angebaut wird.<\/p>\n<p>Grappa, Alkoholgehalt: 42%vol.<\/p>\n<p>AB Selezione SRL, Via Buenos Aires, 72, 14053 CANELLI (AT)<\/p>\n","protected":false},"featured_media":30971,"comment_status":"closed","ping_status":"closed","template":"","meta":{"_acf_changed":false},"product_brand":[],"product_cat":[1580,1584],"product_tag":[408],"class_list":{"0":"post-6400","1":"product","2":"type-product","3":"status-publish","4":"has-post-thumbnail","6":"product_cat-grappa","7":"product_cat-destillate-anderer-brenner","8":"product_tag-ab-selezione-grappa-antonella-boccino-trester-likoer-liqueur-liquore-likoere-rolf-kaspar-essen-nrw-italien-alkohol-spirituosen","10":"first","11":"instock","12":"taxable","13":"shipping-taxable","14":"purchasable","15":"product-type-simple"},"acf":[],"_links":{"self":[{"href":"https:\/\/www.kaspar-spirituosen.de\/shop\/wp-json\/wp\/v2\/product\/6400","targetHints":{"allow":["GET"]}}],"collection":[{"href":"https:\/\/www.kaspar-spirituosen.de\/shop\/wp-json\/wp\/v2\/product"}],"about":[{"href":"https:\/\/www.kaspar-spirituosen.de\/shop\/wp-json\/wp\/v2\/types\/product"}],"replies":[{"embeddable":true,"href":"https:\/\/www.kaspar-spirituosen.de\/shop\/wp-json\/wp\/v2\/comments?post=6400"}],"wp:featuredmedia":[{"embeddable":true,"href":"https:\/\/www.kaspar-spirituosen.de\/shop\/wp-json\/wp\/v2\/media\/30971"}],"wp:attachment":[{"href":"https:\/\/www.kaspar-spirituosen.de\/shop\/wp-json\/wp\/v2\/media?parent=6400"}],"wp:term":[{"taxonomy":"product_brand","embeddable":true,"href":"https:\/\/www.kaspar-spirituosen.de\/shop\/wp-json\/wp\/v2\/product_brand?post=6400"},{"taxonomy":"product_cat","embeddable":true,"href":"https:\/\/www.kaspar-spirituosen.de\/shop\/wp-json\/wp\/v2\/product_cat?post=6400"},{"taxonomy":"product_tag","embeddable":true,"href":"https:\/\/www.kaspar-spirituosen.de\/shop\/wp-json\/wp\/v2\/product_tag?post=6400"}],"curies":[{"name":"wp","href":"https:\/\/api.w.org\/{rel}","templated":true}]}}