{"id":6436,"date":"2025-05-05T16:45:07","date_gmt":"2025-05-05T14:45:07","guid":{"rendered":"https:\/\/www.kaspar-spirituosen.de\/shop\/produkt\/taylors-port-tawny-10-y-075-lt\/"},"modified":"2025-10-24T16:24:21","modified_gmt":"2025-10-24T14:24:21","slug":"taylors-port-tawny-10-y-075-lt","status":"publish","type":"product","link":"https:\/\/www.kaspar-spirituosen.de\/shop\/produkt\/taylors-port-tawny-10-y-075-lt\/","title":{"rendered":"Taylor&#8217;s Port Tawny 10 y. 0,75 lt."},"content":{"rendered":"","protected":false},"excerpt":{"rendered":"<p>Taylor\u00b4s Port wurde als eines der \u00e4ltesten Porth\u00e4user, im Jahr 1692 gegr\u00fcndet und ist bis heute noch in Familienbesitz. 1830 schlossen sich die Familien Yeatman und Fladgate zusammen, deren Nachfahren das Traditionsunternehmen heute mit viel Umsicht und Geschick f\u00fchren.<\/p>\n<p>Mit einem Duft von reifen Fr\u00fcchten, speziell Pflaume und einem herrlichen Aroma wilder Kr\u00e4uter kommt dieser 10 years old Tawny ins Glas. Im Duft erinnert er ein wenig an N\u00fcsse, Brotkruste und feine R\u00f6staromen, zugleich jedoch klar und sehr \u00fcberzeugend.<\/p>\n<p>Enth\u00e4lt Sulfite, 0,75 L, 20 % vol.<\/p>\n<p>Taylor\u00b4s Port<br \/>\nVisitors&#8216; Centre<br \/>\nRua do Choupelo n\u00ba 250<br \/>\n4400-088 Vila Nova de Gaia<br \/>\nPortugal<br \/>\nGPS Coordinates: 41.13394, -8.61435<br \/>\nTel. +351 223 742 800<br \/>\nFax. +351 223 742 899<\/p>\n<p>Head Office<br \/>\nPO Box 1311<br \/>\nEC Santa Marinha<br \/>\n4401-501 Vila Nova de Gaia<br \/>\nPortugal<\/p>\n<p>Tel. +351 223 742 800<br \/>\nFax. +351 223 742 899<\/p>\n","protected":false},"featured_media":30983,"comment_status":"closed","ping_status":"closed","template":"","meta":{"_acf_changed":false},"product_brand":[],"product_cat":[1544,1546],"product_tag":[430],"class_list":{"0":"post-6436","1":"product","2":"type-product","3":"status-publish","4":"has-post-thumbnail","6":"product_cat-sherry-port-co","7":"product_cat-portweine","8":"product_tag-taylors-taylors-tawny-10-years-jahre-portwein-porto-port-nrw-essen-rolf-kaspar","10":"first","11":"outofstock","12":"taxable","13":"shipping-taxable","14":"purchasable","15":"product-type-simple"},"acf":[],"_links":{"self":[{"href":"https:\/\/www.kaspar-spirituosen.de\/shop\/wp-json\/wp\/v2\/product\/6436","targetHints":{"allow":["GET"]}}],"collection":[{"href":"https:\/\/www.kaspar-spirituosen.de\/shop\/wp-json\/wp\/v2\/product"}],"about":[{"href":"https:\/\/www.kaspar-spirituosen.de\/shop\/wp-json\/wp\/v2\/types\/product"}],"replies":[{"embeddable":true,"href":"https:\/\/www.kaspar-spirituosen.de\/shop\/wp-json\/wp\/v2\/comments?post=6436"}],"wp:featuredmedia":[{"embeddable":true,"href":"https:\/\/www.kaspar-spirituosen.de\/shop\/wp-json\/wp\/v2\/media\/30983"}],"wp:attachment":[{"href":"https:\/\/www.kaspar-spirituosen.de\/shop\/wp-json\/wp\/v2\/media?parent=6436"}],"wp:term":[{"taxonomy":"product_brand","embeddable":true,"href":"https:\/\/www.kaspar-spirituosen.de\/shop\/wp-json\/wp\/v2\/product_brand?post=6436"},{"taxonomy":"product_cat","embeddable":true,"href":"https:\/\/www.kaspar-spirituosen.de\/shop\/wp-json\/wp\/v2\/product_cat?post=6436"},{"taxonomy":"product_tag","embeddable":true,"href":"https:\/\/www.kaspar-spirituosen.de\/shop\/wp-json\/wp\/v2\/product_tag?post=6436"}],"curies":[{"name":"wp","href":"https:\/\/api.w.org\/{rel}","templated":true}]}}