{"id":6440,"date":"2025-05-05T16:45:07","date_gmt":"2025-05-05T14:45:07","guid":{"rendered":"https:\/\/www.kaspar-spirituosen.de\/shop\/produkt\/royal-oporto-extra-dry-075-lt\/"},"modified":"2025-10-24T16:24:21","modified_gmt":"2025-10-24T14:24:21","slug":"royal-oporto-extra-dry-075-lt","status":"publish","type":"product","link":"https:\/\/www.kaspar-spirituosen.de\/shop\/produkt\/royal-oporto-extra-dry-075-lt\/","title":{"rendered":"Royal Oporto Extra Dry 0,75 lt."},"content":{"rendered":"","protected":false},"excerpt":{"rendered":"<p>Dieses Weingut wurde vom Marques de Pombal als Regulierungsgremium f\u00fcr den Portweinhandel ins Leben gerufen. Royal Oporto ist eine k\u00f6nigliche Gr\u00fcndung von 1756 und ist das \u00e4lteste und gr\u00f6\u00dfte Portweinhaus der Welt. Bei der letzten Z\u00e4hlung kamen sie auf rund 2000 Hektar ha, auf 8 Quintas verteilt.<\/p>\n<p>Ein junger, frischer, heller Port, leicht und trocken und angenehm mild im Geschmack. Besonders gek\u00fchlt ist er ein Genuss, aber auch die ideale Basis f\u00fcr Longdrinks und Cocktails. Royal Oporto Extra Dry White hat einen Alkoholgehalt von 19% vol.<\/p>\n<p>Enth\u00e4lt Sulfite, 0,75 L, 19 % vol.<\/p>\n<p>Importeur:<br \/>\nBORCO-MARKEN-IMPORT MATTHIESEN GMBH &amp; CO. KG<br \/>\nWinsbergring 12-22<br \/>\n22525 Hamburg<br \/>\nDeutschland<br \/>\nTel.: 040-85 31 6-0<br \/>\nFax: 040-85 85 00<br \/>\ne-mail: infoline@borco.com<\/p>\n","protected":false},"featured_media":30985,"comment_status":"closed","ping_status":"closed","template":"","meta":{"_acf_changed":false},"product_brand":[],"product_cat":[1544,1546],"product_tag":[433],"class_list":{"0":"post-6440","1":"product","2":"type-product","3":"status-publish","4":"has-post-thumbnail","6":"product_cat-sherry-port-co","7":"product_cat-portweine","8":"product_tag-royal-oporto-extra-dry-white-portwein-porto-portugal-nrw-essen-rolf-kaspar","10":"first","11":"outofstock","12":"taxable","13":"shipping-taxable","14":"purchasable","15":"product-type-simple"},"acf":[],"_links":{"self":[{"href":"https:\/\/www.kaspar-spirituosen.de\/shop\/wp-json\/wp\/v2\/product\/6440","targetHints":{"allow":["GET"]}}],"collection":[{"href":"https:\/\/www.kaspar-spirituosen.de\/shop\/wp-json\/wp\/v2\/product"}],"about":[{"href":"https:\/\/www.kaspar-spirituosen.de\/shop\/wp-json\/wp\/v2\/types\/product"}],"replies":[{"embeddable":true,"href":"https:\/\/www.kaspar-spirituosen.de\/shop\/wp-json\/wp\/v2\/comments?post=6440"}],"wp:featuredmedia":[{"embeddable":true,"href":"https:\/\/www.kaspar-spirituosen.de\/shop\/wp-json\/wp\/v2\/media\/30985"}],"wp:attachment":[{"href":"https:\/\/www.kaspar-spirituosen.de\/shop\/wp-json\/wp\/v2\/media?parent=6440"}],"wp:term":[{"taxonomy":"product_brand","embeddable":true,"href":"https:\/\/www.kaspar-spirituosen.de\/shop\/wp-json\/wp\/v2\/product_brand?post=6440"},{"taxonomy":"product_cat","embeddable":true,"href":"https:\/\/www.kaspar-spirituosen.de\/shop\/wp-json\/wp\/v2\/product_cat?post=6440"},{"taxonomy":"product_tag","embeddable":true,"href":"https:\/\/www.kaspar-spirituosen.de\/shop\/wp-json\/wp\/v2\/product_tag?post=6440"}],"curies":[{"name":"wp","href":"https:\/\/api.w.org\/{rel}","templated":true}]}}