{"id":6451,"date":"2025-05-05T16:45:18","date_gmt":"2025-05-05T14:45:18","guid":{"rendered":"https:\/\/www.kaspar-spirituosen.de\/shop\/produkt\/kranemann-port-tawny-20y-075-lt\/"},"modified":"2025-11-29T11:55:12","modified_gmt":"2025-11-29T10:55:12","slug":"kranemann-port-tawny-20y-075-lt","status":"publish","type":"product","link":"https:\/\/www.kaspar-spirituosen.de\/shop\/produkt\/kranemann-port-tawny-20y-075-lt\/","title":{"rendered":"Kranemann Port Tawny 20y. 0,75 lt."},"content":{"rendered":"<p>In der Farbe an Ziegelsteine erinnernd, feiner Duft von Zitrusfr\u00fcchten, sp\u00e4ter kommen Holznuancen, gebrannte Mandel, Gew\u00fcrze und Trockenfr\u00fcchte hinzu.<\/p>\n<p>Enth\u00e4lt Sulfite, 0,75 L, 19,5 %<\/p>\n<p>Quinta do Convento<br \/>\nde S\u00e3o Pedro das \u00c1guias<br \/>\n5120-445 T\u00e1vora, Portugal<br \/>\nwww.kranemannestates.com<br \/>\nTel. +351 254 782 070<\/p>\n","protected":false},"excerpt":{"rendered":"<p>In der Farbe an Ziegelsteine erinnernd, feiner Duft von Zitrusfr\u00fcchten, sp\u00e4ter kommen Holznuancen, gebrannte Mandel, Gew\u00fcrze und Trockenfr\u00fcchte hinzu.<\/p>\n<p>Enth\u00e4lt Sulfite, 0,75 L, 19 % vol.<\/p>\n<p>Quinta do Convento<br \/>\nde S\u00e3o Pedro das \u00c1guias<br \/>\n5120-445 T\u00e1vora, Portugal<br \/>\nwww.kranemannestates.com<br \/>\nTel. +351 254 782 070<\/p>\n","protected":false},"featured_media":30990,"comment_status":"closed","ping_status":"closed","template":"","meta":{"_acf_changed":false},"product_brand":[],"product_cat":[1544,1546],"product_tag":[440],"class_list":{"0":"post-6451","1":"product","2":"type-product","3":"status-publish","4":"has-post-thumbnail","6":"product_cat-sherry-port-co","7":"product_cat-portweine","8":"product_tag-honor-heredias-quinta-port-portwein-halbtrocken-porto-portugal-nrw-essen-rolf-kaspar-senhora-do-convento-kranemann-tawny-20","10":"first","11":"instock","12":"taxable","13":"shipping-taxable","14":"purchasable","15":"product-type-simple"},"acf":[],"_links":{"self":[{"href":"https:\/\/www.kaspar-spirituosen.de\/shop\/wp-json\/wp\/v2\/product\/6451","targetHints":{"allow":["GET"]}}],"collection":[{"href":"https:\/\/www.kaspar-spirituosen.de\/shop\/wp-json\/wp\/v2\/product"}],"about":[{"href":"https:\/\/www.kaspar-spirituosen.de\/shop\/wp-json\/wp\/v2\/types\/product"}],"replies":[{"embeddable":true,"href":"https:\/\/www.kaspar-spirituosen.de\/shop\/wp-json\/wp\/v2\/comments?post=6451"}],"wp:featuredmedia":[{"embeddable":true,"href":"https:\/\/www.kaspar-spirituosen.de\/shop\/wp-json\/wp\/v2\/media\/30990"}],"wp:attachment":[{"href":"https:\/\/www.kaspar-spirituosen.de\/shop\/wp-json\/wp\/v2\/media?parent=6451"}],"wp:term":[{"taxonomy":"product_brand","embeddable":true,"href":"https:\/\/www.kaspar-spirituosen.de\/shop\/wp-json\/wp\/v2\/product_brand?post=6451"},{"taxonomy":"product_cat","embeddable":true,"href":"https:\/\/www.kaspar-spirituosen.de\/shop\/wp-json\/wp\/v2\/product_cat?post=6451"},{"taxonomy":"product_tag","embeddable":true,"href":"https:\/\/www.kaspar-spirituosen.de\/shop\/wp-json\/wp\/v2\/product_tag?post=6451"}],"curies":[{"name":"wp","href":"https:\/\/api.w.org\/{rel}","templated":true}]}}