{"id":6461,"date":"2025-05-05T16:45:18","date_gmt":"2025-05-05T14:45:18","guid":{"rendered":"https:\/\/www.kaspar-spirituosen.de\/shop\/produkt\/hh-rainwater-madeira-medium-dry-075-lt\/"},"modified":"2025-10-24T16:24:11","modified_gmt":"2025-10-24T14:24:11","slug":"hh-rainwater-madeira-medium-dry-075-lt","status":"publish","type":"product","link":"https:\/\/www.kaspar-spirituosen.de\/shop\/produkt\/hh-rainwater-madeira-medium-dry-075-lt\/","title":{"rendered":"H&#038;H Rainwater Madeira medium dry 0,75 lt."},"content":{"rendered":"<p style=\"font-size: 18px; font-family: Arial, Verdana, Helvetica;\"><strong>Rainwater <\/strong>ist ein <strong>Madeira<\/strong>, der besonders auf dem amerikanischen Markt f\u00fcr eine wichtige Rolle spielte. Als im 18. Jahrhundert Madeira in F\u00e4ssern verschifft wurden, gab es auf Madeira noch keine Schiffsanlegestellen. Die F\u00e4sser wurden zum Strand gebracht, von dort aus wurden sie mit kleinen Booten zu den Schiffen gebracht, die den Madeira dann in aller Welt verschifften. Eines Tages kam es dazu, das eine Lieferung, die in die USA geliefert werden sollte, dort vergessen wurde. W\u00e4hrend diesen Jahres fiel auf Madeira so viel Niederschlag, dass die Holzf\u00e4sser den Regen aufsaugten. Dadurch ver\u00e4nderte sich nicht nur der Alkoholgehalt, sondern auch der Geschmack im hochprozentigen Wein. Obwohl der K\u00e4ufer dieser F\u00e4sser sich zun\u00e4chst gar nicht f\u00fcr den Geschmack dieser Lieferung begeistern konnte, war es doch in keinster Weise das, was er bisher unter den Namen <strong>Madeira <\/strong>kannte, \u00e4nderte er schon bald seine Meinung. Als der Shipper ihm die Gr\u00fcnde f\u00fcr den differenten Geschmack offenbarte, taufte der K\u00e4ufer diesen Madeira-Stil schlicht &#8222;<strong>Rainwater<\/strong>&#8222;.<\/p>\n<p style=\"font-size: 18px; font-family: Arial, Verdana, Helvetica;\">Empfehlung: Bei circa 14\u00b0Grad Celsius serviert, schmeckt dieser Madeira als <strong>Aperitif <\/strong>zu N\u00fcssen oder W\u00fcrzgeb\u00e4ck, kr\u00e4ftigen Consomm\u00e9, Gerichten der chinesischen K\u00fcche, z. B. Fr\u00fchlingsrolle oder mild-w\u00fcrzigen K\u00e4sen.<\/p>\n<p style=\"font-size: 18px; font-family: Arial, Verdana, Helvetica;\">Enth\u00e4lt Sulfite, 0,75 L, 20 % vol.<\/p>\n<p>HENRIQUES &amp; HENRIQUES \u2013 VINHOS, S.A.<br \/>\nE-Mail: HeH@henriquesehenriques.pt<br \/>\nSales Department<br \/>\nInternational Division<br \/>\nM.\u00aa da Luz Aguiar \u00a0\u00a0 \u00a0maria.aguiar@henriquesehenriques.pt<br \/>\nLocal Division<br \/>\nGra\u00e7a Gouveia \u00a0\u00a0 \u00a0graca.gouveia.cvm@henriquesehenriques.pt<br \/>\nMorada | Address<br \/>\nS\u00edtio de Bel\u00e9m<br \/>\n9300-138<br \/>\nC\u00e2mara de Lobos<br \/>\nMadeira &#8211; Portugal<br \/>\nTel.: (+351) 291 941 551\/2<br \/>\nFax.: (+351) 291 941 590<\/p>\n","protected":false},"excerpt":{"rendered":"<p><span style=\"font-family: Arial, Verdana, Helvetica; font-size: 18px;\">Als Aperitif zu N\u00fcssen oder W\u00fcrzgeb\u00e4ck, kr\u00e4ftigen Consomm\u00e9, Gerichten der chinesischen K\u00fcche, z. B. Fr\u00fchlingsrolle oder mild-w\u00fcrzigen K\u00e4sen.<\/span><\/p>\n","protected":false},"featured_media":30994,"comment_status":"closed","ping_status":"closed","template":"","meta":{"_acf_changed":false},"product_brand":[],"product_cat":[1544,1547],"product_tag":[447],"class_list":{"0":"post-6461","1":"product","2":"type-product","3":"status-publish","4":"has-post-thumbnail","6":"product_cat-sherry-port-co","7":"product_cat-besonderheiten","8":"product_tag-madeira-rainwater-henriques-rolf-kaspar-essen","10":"first","11":"instock","12":"taxable","13":"shipping-taxable","14":"purchasable","15":"product-type-simple"},"acf":[],"_links":{"self":[{"href":"https:\/\/www.kaspar-spirituosen.de\/shop\/wp-json\/wp\/v2\/product\/6461","targetHints":{"allow":["GET"]}}],"collection":[{"href":"https:\/\/www.kaspar-spirituosen.de\/shop\/wp-json\/wp\/v2\/product"}],"about":[{"href":"https:\/\/www.kaspar-spirituosen.de\/shop\/wp-json\/wp\/v2\/types\/product"}],"replies":[{"embeddable":true,"href":"https:\/\/www.kaspar-spirituosen.de\/shop\/wp-json\/wp\/v2\/comments?post=6461"}],"wp:featuredmedia":[{"embeddable":true,"href":"https:\/\/www.kaspar-spirituosen.de\/shop\/wp-json\/wp\/v2\/media\/30994"}],"wp:attachment":[{"href":"https:\/\/www.kaspar-spirituosen.de\/shop\/wp-json\/wp\/v2\/media?parent=6461"}],"wp:term":[{"taxonomy":"product_brand","embeddable":true,"href":"https:\/\/www.kaspar-spirituosen.de\/shop\/wp-json\/wp\/v2\/product_brand?post=6461"},{"taxonomy":"product_cat","embeddable":true,"href":"https:\/\/www.kaspar-spirituosen.de\/shop\/wp-json\/wp\/v2\/product_cat?post=6461"},{"taxonomy":"product_tag","embeddable":true,"href":"https:\/\/www.kaspar-spirituosen.de\/shop\/wp-json\/wp\/v2\/product_tag?post=6461"}],"curies":[{"name":"wp","href":"https:\/\/api.w.org\/{rel}","templated":true}]}}