{"id":6463,"date":"2025-05-05T16:45:18","date_gmt":"2025-05-05T14:45:18","guid":{"rendered":"https:\/\/www.kaspar-spirituosen.de\/shop\/produkt\/hh-finest-full-rich-madeira-5-y-075-lt\/"},"modified":"2025-10-24T16:24:12","modified_gmt":"2025-10-24T14:24:12","slug":"hh-finest-full-rich-madeira-5-y-075-lt","status":"publish","type":"product","link":"https:\/\/www.kaspar-spirituosen.de\/shop\/produkt\/hh-finest-full-rich-madeira-5-y-075-lt\/","title":{"rendered":"H&#038;H Finest Full Rich Madeira 5 y. 0,75 lt."},"content":{"rendered":"<p style=\"font-size: 18px; font-family: Arial, Verdana, Helvetica;\">Der <strong>Finest Full Rich<\/strong> leuchtet Bernsteinfarben im Glas. Die Nase wird bereits beim ersten Kontakt \u00fcbersch\u00fcttet mit dem komplexen Duft von Pflaumen, Bitterschokolade und ger\u00f6steten N\u00fcssen. Dieser <strong>Madeira-Wein<\/strong> bringt eine ungekannte exotische Fruchts\u00fc\u00dfe mit pikanter F\u00fclle und langem Nachhall ins Glas. Der Abgang ist feurig und doch irgendwie typisch. Ordentlich langer Nachhall!<\/p>\n<p style=\"font-size: 18px; font-family: Arial, Verdana, Helvetica;\">Enth\u00e4lt Sulfite, 0,75 L, 20 % vol.<\/p>\n<p><strong>HENRIQUES &amp; HENRIQUES<\/strong> \u2013 VINHOS, S.A.<br \/>\nE-Mail: HeH@henriquesehenriques.pt<br \/>\nSales Department<br \/>\nInternational Division<br \/>\nM.\u00aa da Luz Aguiar \u00a0\u00a0 \u00a0maria.aguiar@henriquesehenriques.pt<br \/>\nLocal Division<br \/>\nGra\u00e7a Gouveia \u00a0\u00a0 \u00a0graca.gouveia.cvm@henriquesehenriques.pt<br \/>\nMorada | Address<br \/>\nS\u00edtio de Bel\u00e9m<br \/>\n9300-138<br \/>\nC\u00e2mara de Lobos<br \/>\nMadeira &#8211; Portugal<br \/>\nTel.: (+351) 291 941 551\/2<br \/>\nFax.: (+351) 291 941 590<\/p>\n","protected":false},"excerpt":{"rendered":"<p><span style=\"font-family: Arial, Verdana, Helvetica; font-size: 18px;\">komplexen Duft von Pflaumen, Bitterschokolade und ger\u00f6steten N\u00fcssen &#8211;\u00a0<\/span><span style=\"font-size: 18px;\">exotische Fruchts\u00fc\u00dfe mit pikanter F\u00fclle und langem Nachhall ins Glas<\/span><\/p>\n","protected":false},"featured_media":30995,"comment_status":"closed","ping_status":"closed","template":"","meta":{"_acf_changed":false},"product_brand":[],"product_cat":[1544,1547],"product_tag":[449],"class_list":{"0":"post-6463","1":"product","2":"type-product","3":"status-publish","4":"has-post-thumbnail","6":"product_cat-sherry-port-co","7":"product_cat-besonderheiten","8":"product_tag-madeira-finest-full-rich-henriques-rolf-kaspar-essen","10":"first","11":"outofstock","12":"taxable","13":"shipping-taxable","14":"purchasable","15":"product-type-simple"},"acf":[],"_links":{"self":[{"href":"https:\/\/www.kaspar-spirituosen.de\/shop\/wp-json\/wp\/v2\/product\/6463","targetHints":{"allow":["GET"]}}],"collection":[{"href":"https:\/\/www.kaspar-spirituosen.de\/shop\/wp-json\/wp\/v2\/product"}],"about":[{"href":"https:\/\/www.kaspar-spirituosen.de\/shop\/wp-json\/wp\/v2\/types\/product"}],"replies":[{"embeddable":true,"href":"https:\/\/www.kaspar-spirituosen.de\/shop\/wp-json\/wp\/v2\/comments?post=6463"}],"wp:featuredmedia":[{"embeddable":true,"href":"https:\/\/www.kaspar-spirituosen.de\/shop\/wp-json\/wp\/v2\/media\/30995"}],"wp:attachment":[{"href":"https:\/\/www.kaspar-spirituosen.de\/shop\/wp-json\/wp\/v2\/media?parent=6463"}],"wp:term":[{"taxonomy":"product_brand","embeddable":true,"href":"https:\/\/www.kaspar-spirituosen.de\/shop\/wp-json\/wp\/v2\/product_brand?post=6463"},{"taxonomy":"product_cat","embeddable":true,"href":"https:\/\/www.kaspar-spirituosen.de\/shop\/wp-json\/wp\/v2\/product_cat?post=6463"},{"taxonomy":"product_tag","embeddable":true,"href":"https:\/\/www.kaspar-spirituosen.de\/shop\/wp-json\/wp\/v2\/product_tag?post=6463"}],"curies":[{"name":"wp","href":"https:\/\/api.w.org\/{rel}","templated":true}]}}