{"id":6465,"date":"2025-05-05T16:45:18","date_gmt":"2025-05-05T14:45:18","guid":{"rendered":"https:\/\/www.kaspar-spirituosen.de\/shop\/produkt\/hh-madeira-sercial-10-y-075-lt\/"},"modified":"2025-10-24T16:24:12","modified_gmt":"2025-10-24T14:24:12","slug":"hh-madeira-sercial-10-y-075-lt","status":"publish","type":"product","link":"https:\/\/www.kaspar-spirituosen.de\/shop\/produkt\/hh-madeira-sercial-10-y-075-lt\/","title":{"rendered":"H&#038;H Madeira Sercial 10 y. 0,75 lt."},"content":{"rendered":"<p style=\"font-size: 18px; font-family: Arial, Verdana, Helvetica;\">Im Glas leuchtet der <strong>Wein <\/strong>strohgelb. Das Bukett ist gepr\u00e4gt vom eleganten Duft von N\u00fcssen. Die feine, zart verdichtete Frucht wir umh\u00fcllt von einer pikanten F\u00fclle. Begleitet wird der K\u00f6rper von einer lebhaften S\u00e4urestruktur, die gradlinig \u00fcber die Zunge spielt. Ein <strong>Madeira <\/strong>der feinw\u00fcrzigen Art. Empfehlung: Bei 11\u00b0 Celsius serviert schmeckt, dieser <strong>Madeira <\/strong>als Aperitif zu N\u00fcssen oder leichtem Salzgeb\u00e4ck, Salaten mit gebratenen Beigaben, oder mild-s\u00e4uerlichen Frischk\u00e4sen.<\/p>\n<p style=\"font-size: 18px; font-family: Arial, Verdana, Helvetica;\">Enth\u00e4lt Sulfite, 0,75 L, 20 % vol.<\/p>\n<p><strong>HENRIQUES &amp; HENRIQUES<\/strong> \u2013 VINHOS, S.A.<br \/>\nE-Mail: HeH@henriquesehenriques.pt<br \/>\nSales Department<br \/>\nInternational Division<br \/>\nM.\u00aa da Luz Aguiar \u00a0\u00a0 \u00a0maria.aguiar@henriquesehenriques.pt<br \/>\nLocal Division<br \/>\nGra\u00e7a Gouveia \u00a0\u00a0 \u00a0graca.gouveia.cvm@henriquesehenriques.pt<br \/>\nMorada | Address<br \/>\nS\u00edtio de Bel\u00e9m<br \/>\n9300-138<br \/>\nC\u00e2mara de Lobos<br \/>\nMadeira &#8211; Portugal<br \/>\nTel.: (+351) 291 941 551\/2<br \/>\nFax.: (+351) 291 941 590<\/p>\n","protected":false},"excerpt":{"rendered":"<p>Empfehlung: Bei 11\u00b0 Celsius serviert als Aperitif zu Salaten mit gebratenen Beigaben\u00a0oder mild-s\u00e4uerlichen Frischk\u00e4sen<\/p>\n","protected":false},"featured_media":30996,"comment_status":"closed","ping_status":"closed","template":"","meta":{"_acf_changed":false},"product_brand":[],"product_cat":[1544,1547],"product_tag":[450],"class_list":{"0":"post-6465","1":"product","2":"type-product","3":"status-publish","4":"has-post-thumbnail","6":"product_cat-sherry-port-co","7":"product_cat-besonderheiten","8":"product_tag-madeira-sercial-henriques-rolf-kaspar-essen-nrw","10":"first","11":"instock","12":"taxable","13":"shipping-taxable","14":"purchasable","15":"product-type-simple"},"acf":[],"_links":{"self":[{"href":"https:\/\/www.kaspar-spirituosen.de\/shop\/wp-json\/wp\/v2\/product\/6465","targetHints":{"allow":["GET"]}}],"collection":[{"href":"https:\/\/www.kaspar-spirituosen.de\/shop\/wp-json\/wp\/v2\/product"}],"about":[{"href":"https:\/\/www.kaspar-spirituosen.de\/shop\/wp-json\/wp\/v2\/types\/product"}],"replies":[{"embeddable":true,"href":"https:\/\/www.kaspar-spirituosen.de\/shop\/wp-json\/wp\/v2\/comments?post=6465"}],"wp:featuredmedia":[{"embeddable":true,"href":"https:\/\/www.kaspar-spirituosen.de\/shop\/wp-json\/wp\/v2\/media\/30996"}],"wp:attachment":[{"href":"https:\/\/www.kaspar-spirituosen.de\/shop\/wp-json\/wp\/v2\/media?parent=6465"}],"wp:term":[{"taxonomy":"product_brand","embeddable":true,"href":"https:\/\/www.kaspar-spirituosen.de\/shop\/wp-json\/wp\/v2\/product_brand?post=6465"},{"taxonomy":"product_cat","embeddable":true,"href":"https:\/\/www.kaspar-spirituosen.de\/shop\/wp-json\/wp\/v2\/product_cat?post=6465"},{"taxonomy":"product_tag","embeddable":true,"href":"https:\/\/www.kaspar-spirituosen.de\/shop\/wp-json\/wp\/v2\/product_tag?post=6465"}],"curies":[{"name":"wp","href":"https:\/\/api.w.org\/{rel}","templated":true}]}}