{"id":6469,"date":"2025-05-05T16:45:18","date_gmt":"2025-05-05T14:45:18","guid":{"rendered":"https:\/\/www.kaspar-spirituosen.de\/shop\/produkt\/hh-boal-madeira-10-y-075-lt\/"},"modified":"2025-10-24T16:24:13","modified_gmt":"2025-10-24T14:24:13","slug":"hh-boal-madeira-10-y-075-lt","status":"publish","type":"product","link":"https:\/\/www.kaspar-spirituosen.de\/shop\/produkt\/hh-boal-madeira-10-y-075-lt\/","title":{"rendered":"H&#038;H Boal Madeira 10 y. 0,75 lt."},"content":{"rendered":"<p style=\"font-size: 18px; font-family: Arial, Verdana, Helvetica;\">Im Glas macht sich ein dunkles Bernstein breit. Der Nase kommt ein gro\u00dfe Wolke mit vollem Duft von Trockenfr\u00fcchten, Tabak und Leder entgegen. Der <strong>Boal <\/strong>\u00fcberzeugt mit reifer Frucht und einer geschmeidigen, dichten F\u00fclle. Ein <strong>Madeira-Wein <\/strong>mit w\u00fcrziger S\u00fc\u00dfe und langem Nachhall. Empfehlung: Dekantiert bei 16\u00b0 Celsius zu N\u00fcssen und Trockenfr\u00fcchten, herzhaften Vorspeisen, <strong>geschmorten Wildgerichten in einer Madeira Sauce<\/strong>, reifem Hartk\u00e4se und Nachspeisen auf Basis von Bitterschokolade.<\/p>\n<p style=\"font-size: 18px; font-family: Arial, Verdana, Helvetica;\">Enth\u00e4lt Sulfite, 0,75 L, 20 % vol.<\/p>\n<p>HENRIQUES &amp; HENRIQUES \u2013 VINHOS, S.A.<br \/>\nE-Mail: HeH@henriquesehenriques.pt<br \/>\nSales Department<br \/>\nInternational Division<br \/>\nM.\u00aa da Luz Aguiar \u00a0\u00a0 \u00a0maria.aguiar@henriquesehenriques.pt<br \/>\nLocal Division<br \/>\nGra\u00e7a Gouveia \u00a0\u00a0 \u00a0graca.gouveia.cvm@henriquesehenriques.pt<br \/>\nMorada | Address<br \/>\nS\u00edtio de Bel\u00e9m<br \/>\n9300-138<br \/>\nC\u00e2mara de Lobos<br \/>\nMadeira &#8211; Portugal<br \/>\nTel.: (+351) 291 941 551\/2<br \/>\nFax.: (+351) 291 941 590<\/p>\n","protected":false},"excerpt":{"rendered":"<p>Dekantiert bei 16\u00b0 Celsius zu geschmorten Wildgerichten in Madeira Sauce, reifem Hartk\u00e4se und Nachspeisen auf Basis von Bitterschokolade<\/p>\n","protected":false},"featured_media":30998,"comment_status":"closed","ping_status":"closed","template":"","meta":{"_acf_changed":false},"product_brand":[],"product_cat":[1544,1547],"product_tag":[452],"class_list":{"0":"post-6469","1":"product","2":"type-product","3":"status-publish","4":"has-post-thumbnail","6":"product_cat-sherry-port-co","7":"product_cat-besonderheiten","8":"product_tag-bual-madeira-sercial-henriques-kaspar-rolf-essen-nrw-fachhandel","10":"first","11":"instock","12":"taxable","13":"shipping-taxable","14":"purchasable","15":"product-type-simple"},"acf":[],"_links":{"self":[{"href":"https:\/\/www.kaspar-spirituosen.de\/shop\/wp-json\/wp\/v2\/product\/6469","targetHints":{"allow":["GET"]}}],"collection":[{"href":"https:\/\/www.kaspar-spirituosen.de\/shop\/wp-json\/wp\/v2\/product"}],"about":[{"href":"https:\/\/www.kaspar-spirituosen.de\/shop\/wp-json\/wp\/v2\/types\/product"}],"replies":[{"embeddable":true,"href":"https:\/\/www.kaspar-spirituosen.de\/shop\/wp-json\/wp\/v2\/comments?post=6469"}],"wp:featuredmedia":[{"embeddable":true,"href":"https:\/\/www.kaspar-spirituosen.de\/shop\/wp-json\/wp\/v2\/media\/30998"}],"wp:attachment":[{"href":"https:\/\/www.kaspar-spirituosen.de\/shop\/wp-json\/wp\/v2\/media?parent=6469"}],"wp:term":[{"taxonomy":"product_brand","embeddable":true,"href":"https:\/\/www.kaspar-spirituosen.de\/shop\/wp-json\/wp\/v2\/product_brand?post=6469"},{"taxonomy":"product_cat","embeddable":true,"href":"https:\/\/www.kaspar-spirituosen.de\/shop\/wp-json\/wp\/v2\/product_cat?post=6469"},{"taxonomy":"product_tag","embeddable":true,"href":"https:\/\/www.kaspar-spirituosen.de\/shop\/wp-json\/wp\/v2\/product_tag?post=6469"}],"curies":[{"name":"wp","href":"https:\/\/api.w.org\/{rel}","templated":true}]}}