{"id":6483,"date":"2025-05-05T16:45:30","date_gmt":"2025-05-05T14:45:30","guid":{"rendered":"https:\/\/www.kaspar-spirituosen.de\/shop\/produkt\/ratzeputz-07-lt\/"},"modified":"2025-10-24T16:23:58","modified_gmt":"2025-10-24T14:23:58","slug":"ratzeputz-07-lt","status":"publish","type":"product","link":"https:\/\/www.kaspar-spirituosen.de\/shop\/produkt\/ratzeputz-07-lt\/","title":{"rendered":"Ratzeputz 0,7 lt."},"content":{"rendered":"","protected":false},"excerpt":{"rendered":"<p>Es war 1877, als der Destillateur Peter Weidmann die B\u00fcrger von Celle und der L\u00fcneburger Heide mit seinem feurig-w\u00fcrzigen Ratzeputz \u00fcberraschte. Diese eigenwillige Spirituose mit 58 % vol. Alkohol, enth\u00e4lt eine sorgf\u00e4ltige Auswahl von Destillaten und Ausz\u00fcgen erlesener Kr\u00e4uter und Wurzeln. Besonderes Geschmacksmerkmal ist der Ingwer.<\/p>\n<p>&nbsp;<\/p>\n<p>C.W. Baland &amp; Langebartels<br \/>\nPeter Weidmann Erben GmbH<br \/>\nInhaberin: Sieglinde Rieckmann<br \/>\nPoststra\u00dfe 1 b<br \/>\n29553 Bienenb\u00fcttel<br \/>\nFon: +49 (0)5823 &#8211; 9552144<\/p>\n","protected":false},"featured_media":31002,"comment_status":"closed","ping_status":"closed","template":"","meta":{"_acf_changed":false},"product_brand":[],"product_cat":[1563,1571],"product_tag":[463],"class_list":{"0":"post-6483","1":"product","2":"type-product","3":"status-publish","4":"has-post-thumbnail","6":"product_cat-gin-rum-weitere-spirituosen-likoere","7":"product_cat-kraeuterlikoere","8":"product_tag-ratzeputz-ingwer-digestif-bitter-kraeuter-rolf-kaspar-nrw-essen-fachhandel-beratung","10":"first","11":"instock","12":"taxable","13":"shipping-taxable","14":"purchasable","15":"product-type-simple"},"acf":[],"_links":{"self":[{"href":"https:\/\/www.kaspar-spirituosen.de\/shop\/wp-json\/wp\/v2\/product\/6483","targetHints":{"allow":["GET"]}}],"collection":[{"href":"https:\/\/www.kaspar-spirituosen.de\/shop\/wp-json\/wp\/v2\/product"}],"about":[{"href":"https:\/\/www.kaspar-spirituosen.de\/shop\/wp-json\/wp\/v2\/types\/product"}],"replies":[{"embeddable":true,"href":"https:\/\/www.kaspar-spirituosen.de\/shop\/wp-json\/wp\/v2\/comments?post=6483"}],"wp:featuredmedia":[{"embeddable":true,"href":"https:\/\/www.kaspar-spirituosen.de\/shop\/wp-json\/wp\/v2\/media\/31002"}],"wp:attachment":[{"href":"https:\/\/www.kaspar-spirituosen.de\/shop\/wp-json\/wp\/v2\/media?parent=6483"}],"wp:term":[{"taxonomy":"product_brand","embeddable":true,"href":"https:\/\/www.kaspar-spirituosen.de\/shop\/wp-json\/wp\/v2\/product_brand?post=6483"},{"taxonomy":"product_cat","embeddable":true,"href":"https:\/\/www.kaspar-spirituosen.de\/shop\/wp-json\/wp\/v2\/product_cat?post=6483"},{"taxonomy":"product_tag","embeddable":true,"href":"https:\/\/www.kaspar-spirituosen.de\/shop\/wp-json\/wp\/v2\/product_tag?post=6483"}],"curies":[{"name":"wp","href":"https:\/\/api.w.org\/{rel}","templated":true}]}}